{"id":869,"date":"2022-08-03T07:42:35","date_gmt":"2022-08-03T06:42:35","guid":{"rendered":"https:\/\/www.panonskavas.si\/?page_id=869"},"modified":"2024-06-18T21:05:36","modified_gmt":"2024-06-18T20:05:36","slug":"kulinaricna-dozivetja","status":"publish","type":"page","link":"https:\/\/www.panonskavas.si\/hu\/kulinaricna-dozivetja\/","title":{"rendered":"Kulin\u00e1ris \u00e9lm\u00e9nyek"},"content":{"rendered":"<div data-elementor-type=\"wp-page\" data-elementor-id=\"869\" class=\"elementor elementor-869\">\n\t\t\t\t\t\t\t\t\t<section class=\"elementor-section elementor-top-section elementor-element elementor-element-6aecfebc elementor-section-stretched elementor-section-boxed elementor-section-height-default elementor-section-height-default\" data-id=\"6aecfebc\" data-element_type=\"section\" data-settings=\"{&quot;stretch_section&quot;:&quot;section-stretched&quot;,&quot;background_background&quot;:&quot;classic&quot;}\">\n\t\t\t\t\t\t\t<div class=\"elementor-background-overlay\"><\/div>\n\t\t\t\t\t\t\t<div class=\"elementor-container elementor-column-gap-default\">\n\t\t\t\t\t<div class=\"elementor-column elementor-col-100 elementor-top-column elementor-element elementor-element-661887d\" data-id=\"661887d\" data-element_type=\"column\">\n\t\t\t<div class=\"elementor-widget-wrap elementor-element-populated\">\n\t\t\t\t\t\t\t\t<div class=\"elementor-element elementor-element-5da2128 header-text elementor-widget elementor-widget-heading\" data-id=\"5da2128\" data-element_type=\"widget\" data-widget_type=\"heading.default\">\n\t\t\t\t<div class=\"elementor-widget-container\">\n\t\t\t<style>\/*! elementor - v3.12.2 - 23-04-2023 *\/\n.elementor-heading-title{padding:0;margin:0;line-height:1}.elementor-widget-heading .elementor-heading-title[class*=elementor-size-]>a{color:inherit;font-size:inherit;line-height:inherit}.elementor-widget-heading .elementor-heading-title.elementor-size-small{font-size:15px}.elementor-widget-heading .elementor-heading-title.elementor-size-medium{font-size:19px}.elementor-widget-heading .elementor-heading-title.elementor-size-large{font-size:29px}.elementor-widget-heading .elementor-heading-title.elementor-size-xl{font-size:39px}.elementor-widget-heading .elementor-heading-title.elementor-size-xxl{font-size:59px}<\/style><h2 class=\"elementor-heading-title elementor-size-default\">Kulin\u00e1ris \u00e9lm\u00e9nyek<\/h2>\t\t<\/div>\n\t\t\t\t<\/div>\n\t\t\t\t\t<\/div>\n\t\t<\/div>\n\t\t\t\t\t\t\t<\/div>\n\t\t<\/section>\n\t\t\t\t<section class=\"elementor-section elementor-top-section elementor-element elementor-element-e3e9b3b elementor-section-height-min-height elementor-section-stretched elementor-section-boxed elementor-section-height-default elementor-section-items-middle\" data-id=\"e3e9b3b\" data-element_type=\"section\" data-settings=\"{&quot;stretch_section&quot;:&quot;section-stretched&quot;}\">\n\t\t\t\t\t\t<div class=\"elementor-container elementor-column-gap-default\">\n\t\t\t\t\t<div class=\"elementor-column elementor-col-100 elementor-top-column elementor-element elementor-element-4a31397a\" data-id=\"4a31397a\" data-element_type=\"column\">\n\t\t\t<div class=\"elementor-widget-wrap elementor-element-populated\">\n\t\t\t\t\t\t\t\t<section class=\"elementor-section elementor-inner-section elementor-element elementor-element-47b56fc2 elementor-section-boxed elementor-section-height-default elementor-section-height-default\" data-id=\"47b56fc2\" data-element_type=\"section\">\n\t\t\t\t\t\t<div class=\"elementor-container elementor-column-gap-default\">\n\t\t\t\t\t<div class=\"elementor-column elementor-col-50 elementor-inner-column elementor-element elementor-element-1244a1b3\" data-id=\"1244a1b3\" data-element_type=\"column\">\n\t\t\t<div class=\"elementor-widget-wrap elementor-element-populated\">\n\t\t\t\t\t\t\t\t<div class=\"elementor-element elementor-element-505aaafd logo-font elementor-widget elementor-widget-heading\" data-id=\"505aaafd\" data-element_type=\"widget\" data-widget_type=\"heading.default\">\n\t\t\t\t<div class=\"elementor-widget-container\">\n\t\t\t<h1 class=\"elementor-heading-title elementor-size-default\">Hazai \u00e9s helyi<\/h1>\t\t<\/div>\n\t\t\t\t<\/div>\n\t\t\t\t<div class=\"elementor-element elementor-element-24dc324c elementor-widget elementor-widget-text-editor\" data-id=\"24dc324c\" data-element_type=\"widget\" data-widget_type=\"text-editor.default\">\n\t\t\t\t<div class=\"elementor-widget-container\">\n\t\t\t<style>\/*! elementor - v3.12.2 - 23-04-2023 *\/\n.elementor-widget-text-editor.elementor-drop-cap-view-stacked .elementor-drop-cap{background-color:#69727d;color:#fff}.elementor-widget-text-editor.elementor-drop-cap-view-framed .elementor-drop-cap{color:#69727d;border:3px solid;background-color:transparent}.elementor-widget-text-editor:not(.elementor-drop-cap-view-default) .elementor-drop-cap{margin-top:8px}.elementor-widget-text-editor:not(.elementor-drop-cap-view-default) .elementor-drop-cap-letter{width:1em;height:1em}.elementor-widget-text-editor .elementor-drop-cap{float:left;text-align:center;line-height:1;font-size:50px}.elementor-widget-text-editor .elementor-drop-cap-letter{display:inline-block}<\/style>\t\t\t\t<p><span style=\"font-weight: 400;\">Sz\u00edvesen elk\u00e9nyeztetj\u00fck p\u00e9ld\u00e1ul igazi h\u00e1zi sonk\u00e1val. Fadeszk\u00e1n kolb\u00e1szt, kenyeret, szalonn\u00e1t, kolb\u00e1szt \u00e9s kekszet is felszolg\u00e1lunk \u2013 term\u00e9szetesen h\u00e1zilag. A Muravid\u00e9k \u00edzvil\u00e1g\u00e1t tekintve a hazai hagyma adja az utols\u00f3 sim\u00edt\u00e1st.<\/span><\/p>\t\t\t\t\t\t<\/div>\n\t\t\t\t<\/div>\n\t\t\t\t\t<\/div>\n\t\t<\/div>\n\t\t\t\t<div class=\"elementor-column elementor-col-50 elementor-inner-column elementor-element elementor-element-393ae5d1\" data-id=\"393ae5d1\" data-element_type=\"column\">\n\t\t\t<div class=\"elementor-widget-wrap elementor-element-populated\">\n\t\t\t\t\t\t\t\t<div class=\"elementor-element elementor-element-10954d96 elementor-widget elementor-widget-image\" data-id=\"10954d96\" data-element_type=\"widget\" data-widget_type=\"image.default\">\n\t\t\t\t<div class=\"elementor-widget-container\">\n\t\t\t<style>\/*! elementor - v3.12.2 - 23-04-2023 *\/\n.elementor-widget-image{text-align:center}.elementor-widget-image a{display:inline-block}.elementor-widget-image a img[src$=\".svg\"]{width:48px}.elementor-widget-image img{vertical-align:middle;display:inline-block}<\/style>\t\t\t\t\t\t\t\t\t\t\t\t<img loading=\"lazy\" decoding=\"async\" width=\"800\" height=\"472\" src=\"https:\/\/www.panonskavas.si\/wp-content\/uploads\/2022\/07\/41645625400IMG_20220223_WA0002-1024x604.jpg\" class=\"attachment-large size-large wp-image-271\" alt=\"\" srcset=\"https:\/\/www.panonskavas.si\/wp-content\/uploads\/2022\/07\/41645625400IMG_20220223_WA0002-1024x604.jpg 1024w, https:\/\/www.panonskavas.si\/wp-content\/uploads\/2022\/07\/41645625400IMG_20220223_WA0002-300x177.jpg 300w, https:\/\/www.panonskavas.si\/wp-content\/uploads\/2022\/07\/41645625400IMG_20220223_WA0002-768x453.jpg 768w, https:\/\/www.panonskavas.si\/wp-content\/uploads\/2022\/07\/41645625400IMG_20220223_WA0002-1536x906.jpg 1536w, https:\/\/www.panonskavas.si\/wp-content\/uploads\/2022\/07\/41645625400IMG_20220223_WA0002-18x12.jpg 18w, https:\/\/www.panonskavas.si\/wp-content\/uploads\/2022\/07\/41645625400IMG_20220223_WA0002.jpg 1920w\" sizes=\"auto, (max-width: 800px) 100vw, 800px\" \/>\t\t\t\t\t\t\t\t\t\t\t\t\t\t\t<\/div>\n\t\t\t\t<\/div>\n\t\t\t\t\t<\/div>\n\t\t<\/div>\n\t\t\t\t\t\t\t<\/div>\n\t\t<\/section>\n\t\t\t\t\t<\/div>\n\t\t<\/div>\n\t\t\t\t\t\t\t<\/div>\n\t\t<\/section>\n\t\t\t\t<section class=\"elementor-section elementor-top-section elementor-element elementor-element-5263bfd elementor-section-height-min-height elementor-section-stretched elementor-section-boxed elementor-section-height-default elementor-section-items-middle\" data-id=\"5263bfd\" data-element_type=\"section\" data-settings=\"{&quot;stretch_section&quot;:&quot;section-stretched&quot;}\">\n\t\t\t\t\t\t<div class=\"elementor-container elementor-column-gap-default\">\n\t\t\t\t\t<div class=\"elementor-column elementor-col-100 elementor-top-column elementor-element elementor-element-c127d7d\" data-id=\"c127d7d\" data-element_type=\"column\">\n\t\t\t<div class=\"elementor-widget-wrap elementor-element-populated\">\n\t\t\t\t\t\t\t\t<section class=\"elementor-section elementor-inner-section elementor-element elementor-element-3aad2f5 elementor-section-boxed elementor-section-height-default elementor-section-height-default\" data-id=\"3aad2f5\" data-element_type=\"section\">\n\t\t\t\t\t\t<div class=\"elementor-container elementor-column-gap-default\">\n\t\t\t\t\t<div class=\"elementor-column elementor-col-50 elementor-inner-column elementor-element elementor-element-07d949f\" data-id=\"07d949f\" data-element_type=\"column\">\n\t\t\t<div class=\"elementor-widget-wrap elementor-element-populated\">\n\t\t\t\t\t\t\t\t<div class=\"elementor-element elementor-element-830a577 logo-font elementor-widget elementor-widget-heading\" data-id=\"830a577\" data-element_type=\"widget\" data-widget_type=\"heading.default\">\n\t\t\t\t<div class=\"elementor-widget-container\">\n\t\t\t<h1 class=\"elementor-heading-title elementor-size-default\">Kulin\u00e1ris k\u00e9nyeztet\u00e9s egy pannon faluban<\/h1>\t\t<\/div>\n\t\t\t\t<\/div>\n\t\t\t\t<div class=\"elementor-element elementor-element-dfc346b elementor-widget elementor-widget-text-editor\" data-id=\"dfc346b\" data-element_type=\"widget\" data-widget_type=\"text-editor.default\">\n\t\t\t\t<div class=\"elementor-widget-container\">\n\t\t\t\t\t\t\t<p><span style=\"font-weight: 400;\">A pann\u00f3niai faluban \u00fajdons\u00e1gk\u00e9nt vacsor\u00e1val is kedvesked\u00fcnk vend\u00e9geinknek, \u00edgy \u00d6n is finoman z\u00e1rhatja a muravid\u00e9ki napot - a helyi gazdas\u00e1gok, c\u00e9gek h\u00e1zias finoms\u00e1gaival.<\/span><\/p>\t\t\t\t\t\t<\/div>\n\t\t\t\t<\/div>\n\t\t\t\t\t<\/div>\n\t\t<\/div>\n\t\t\t\t<div class=\"elementor-column elementor-col-50 elementor-inner-column elementor-element elementor-element-46b6043\" data-id=\"46b6043\" data-element_type=\"column\">\n\t\t\t<div class=\"elementor-widget-wrap elementor-element-populated\">\n\t\t\t\t\t\t\t\t<div class=\"elementor-element elementor-element-1b77650 elementor-widget elementor-widget-image\" data-id=\"1b77650\" data-element_type=\"widget\" data-widget_type=\"image.default\">\n\t\t\t\t<div class=\"elementor-widget-container\">\n\t\t\t\t\t\t\t\t\t\t\t\t\t\t\t<img loading=\"lazy\" decoding=\"async\" width=\"800\" height=\"450\" src=\"https:\/\/www.panonskavas.si\/wp-content\/uploads\/2022\/08\/Kulinari\u0192no-razvajanje-v-Panonski-vasi.jpeg\" class=\"attachment-large size-large wp-image-1070\" alt=\"\" srcset=\"https:\/\/www.panonskavas.si\/wp-content\/uploads\/2022\/08\/Kulinari\u0192no-razvajanje-v-Panonski-vasi.jpeg 800w, https:\/\/www.panonskavas.si\/wp-content\/uploads\/2022\/08\/Kulinari\u0192no-razvajanje-v-Panonski-vasi-300x169.jpeg 300w, https:\/\/www.panonskavas.si\/wp-content\/uploads\/2022\/08\/Kulinari\u0192no-razvajanje-v-Panonski-vasi-768x432.jpeg 768w, https:\/\/www.panonskavas.si\/wp-content\/uploads\/2022\/08\/Kulinari\u0192no-razvajanje-v-Panonski-vasi-18x10.jpeg 18w\" sizes=\"auto, (max-width: 800px) 100vw, 800px\" \/>\t\t\t\t\t\t\t\t\t\t\t\t\t\t\t<\/div>\n\t\t\t\t<\/div>\n\t\t\t\t\t<\/div>\n\t\t<\/div>\n\t\t\t\t\t\t\t<\/div>\n\t\t<\/section>\n\t\t\t\t\t<\/div>\n\t\t<\/div>\n\t\t\t\t\t\t\t<\/div>\n\t\t<\/section>\n\t\t\t\t<section class=\"elementor-section elementor-top-section elementor-element elementor-element-6daae7b elementor-section-stretched elementor-section-boxed elementor-section-height-default elementor-section-height-default\" data-id=\"6daae7b\" data-element_type=\"section\" data-settings=\"{&quot;stretch_section&quot;:&quot;section-stretched&quot;,&quot;background_background&quot;:&quot;classic&quot;}\">\n\t\t\t\t\t\t<div class=\"elementor-container elementor-column-gap-default\">\n\t\t\t\t\t<div class=\"elementor-column elementor-col-100 elementor-top-column elementor-element elementor-element-5a30ea1\" data-id=\"5a30ea1\" data-element_type=\"column\">\n\t\t\t<div class=\"elementor-widget-wrap elementor-element-populated\">\n\t\t\t\t\t\t\t\t<div class=\"elementor-element elementor-element-aa29293 logo-font elementor-widget elementor-widget-heading\" data-id=\"aa29293\" data-element_type=\"widget\" data-widget_type=\"heading.default\">\n\t\t\t\t<div class=\"elementor-widget-container\">\n\t\t\t<h2 class=\"elementor-heading-title elementor-size-default\">Javasoljuk, hogy keresse fel az al\u00e1bbi szolg\u00e1ltat\u00f3k egyik\u00e9t, hogy teljes kulin\u00e1ris \u00e9lm\u00e9nyben legyen r\u00e9sze Muravid\u00e9ken: <\/h2>\t\t<\/div>\n\t\t\t\t<\/div>\n\t\t\t\t<div class=\"elementor-element elementor-element-ad71324 elementor-arrows-position-outside elementor-pagination-position-outside elementor-widget elementor-widget-image-carousel\" data-id=\"ad71324\" data-element_type=\"widget\" data-settings=\"{&quot;slides_to_show&quot;:&quot;3&quot;,&quot;slides_to_show_mobile&quot;:&quot;1&quot;,&quot;navigation&quot;:&quot;both&quot;,&quot;autoplay&quot;:&quot;yes&quot;,&quot;pause_on_hover&quot;:&quot;yes&quot;,&quot;pause_on_interaction&quot;:&quot;yes&quot;,&quot;autoplay_speed&quot;:5000,&quot;infinite&quot;:&quot;yes&quot;,&quot;speed&quot;:500}\" data-widget_type=\"image-carousel.default\">\n\t\t\t\t<div class=\"elementor-widget-container\">\n\t\t\t<style>\/*! elementor - v3.12.2 - 23-04-2023 *\/\n.elementor-widget-image-carousel .swiper,.elementor-widget-image-carousel .swiper-container{position:static}.elementor-widget-image-carousel .swiper-container .swiper-slide figure,.elementor-widget-image-carousel .swiper .swiper-slide figure{line-height:inherit}.elementor-widget-image-carousel .swiper-slide{text-align:center}.elementor-image-carousel-wrapper:not(.swiper-container-initialized) .swiper-slide,.elementor-image-carousel-wrapper:not(.swiper-initialized) .swiper-slide{max-width:calc(100% \/ var(--e-image-carousel-slides-to-show, 3))}<\/style>\t\t<div class=\"elementor-image-carousel-wrapper swiper-container\" dir=\"ltr\">\n\t\t\t<div class=\"elementor-image-carousel swiper-wrapper swiper-image-stretch\">\n\t\t\t\t\t\t\t\t<div class=\"swiper-slide\"><figure class=\"swiper-slide-inner\"><img decoding=\"async\" class=\"swiper-slide-image\" src=\"https:\/\/www.panonskavas.si\/wp-content\/uploads\/elementor\/thumbs\/Turisticna-kmetija-Puhan-Bogojina-ptu3e2jcvwjshgq6lm51k2n8cic16fxoy586vj3fos.jpg\" alt=\"Turisti\u010dna kmetija Puhan Bogojina\" \/><figcaption class=\"elementor-image-carousel-caption\">Puhan Bogojina turistafarm<\/figcaption><\/figure><\/div><div class=\"swiper-slide\"><figure class=\"swiper-slide-inner\"><img decoding=\"async\" class=\"swiper-slide-image\" src=\"https:\/\/www.panonskavas.si\/wp-content\/uploads\/elementor\/thumbs\/Gostilna-Mari\u0192-ptu3e2jcvwjshgq6lm51k2n8cic16fxoy586vj3fos.jpg\" alt=\"Gostilna Mari\u010d\" \/><figcaption class=\"elementor-image-carousel-caption\">Gostilna Mari\u010d<\/figcaption><\/figure><\/div><div class=\"swiper-slide\"><figure class=\"swiper-slide-inner\"><img decoding=\"async\" class=\"swiper-slide-image\" src=\"https:\/\/www.panonskavas.si\/wp-content\/uploads\/elementor\/thumbs\/Gostisce-Oaza-ptu3e2jcvwjshgq6lm51k2n8cic16fxoy586vj3fos.jpg\" alt=\"Gosti\u0161\u010de Oaza\" \/><figcaption class=\"elementor-image-carousel-caption\">Vend\u00e9gh\u00e1z Oaza<\/figcaption><\/figure><\/div><div class=\"swiper-slide\"><figure class=\"swiper-slide-inner\"><img decoding=\"async\" class=\"swiper-slide-image\" src=\"https:\/\/www.panonskavas.si\/wp-content\/uploads\/elementor\/thumbs\/Ostarija-Cipot-ptu3e2jcvwjshgq6lm51k2n8cic16fxoy586vj3fos.jpg\" alt=\"O\u0161tarija Cipot\" \/><figcaption class=\"elementor-image-carousel-caption\">O\u0161taria Cipot<\/figcaption><\/figure><\/div><div class=\"swiper-slide\"><figure class=\"swiper-slide-inner\"><img decoding=\"async\" class=\"swiper-slide-image\" src=\"https:\/\/www.panonskavas.si\/wp-content\/uploads\/elementor\/thumbs\/Pizzerija-Perunika-ptu3e2jcvwjshgq6lm51k2n8cic16fxoy586vj3fos.jpg\" alt=\"Pizzerija Perunika\" \/><figcaption class=\"elementor-image-carousel-caption\">Pizz\u00e9ria Perunika<\/figcaption><\/figure><\/div><div class=\"swiper-slide\"><figure class=\"swiper-slide-inner\"><img decoding=\"async\" class=\"swiper-slide-image\" src=\"https:\/\/www.panonskavas.si\/wp-content\/uploads\/elementor\/thumbs\/Pizzerija-Nona-ptu3e2jcvwjshgq6lm51k2n8cic16fxoy586vj3fos.jpg\" alt=\"Pizzerija Nona\" \/><figcaption class=\"elementor-image-carousel-caption\">Pizz\u00e9ria Nona<\/figcaption><\/figure><\/div><div class=\"swiper-slide\"><figure class=\"swiper-slide-inner\"><img decoding=\"async\" class=\"swiper-slide-image\" src=\"https:\/\/www.panonskavas.si\/wp-content\/uploads\/elementor\/thumbs\/Pizzerija-Rajh-ptu3e2jcvwjshgq6lm51k2n8cic16fxoy586vj3fos.jpg\" alt=\"Pizzerija Rajh\" \/><figcaption class=\"elementor-image-carousel-caption\">Pizz\u00e9ria Rajh<\/figcaption><\/figure><\/div>\t\t\t<\/div>\n\t\t\t\t\t\t\t\t\t\t\t\t<div class=\"swiper-pagination\"><\/div>\n\t\t\t\t\t\t\t\t\t\t\t\t\t<div class=\"elementor-swiper-button elementor-swiper-button-prev\">\n\t\t\t\t\t\t<i aria-hidden=\"true\" class=\"eicon-chevron-left\"><\/i>\t\t\t\t\t\t<span class=\"elementor-screen-only\">El\u0151z\u0151<\/span>\n\t\t\t\t\t<\/div>\n\t\t\t\t\t<div class=\"elementor-swiper-button elementor-swiper-button-next\">\n\t\t\t\t\t\t<i aria-hidden=\"true\" class=\"eicon-chevron-right\"><\/i>\t\t\t\t\t\t<span class=\"elementor-screen-only\">K\u00f6vetkez\u0151<\/span>\n\t\t\t\t\t<\/div>\n\t\t\t\t\t\t\t\t\t<\/div>\n\t\t\t\t<\/div>\n\t\t\t\t<\/div>\n\t\t\t\t\t<\/div>\n\t\t<\/div>\n\t\t\t\t\t\t\t<\/div>\n\t\t<\/section>\n\t\t\t\t\t\t\t<\/div>","protected":false},"excerpt":{"rendered":"<p>H\u00e1zi \u00e9s helyi Sz\u00edvesen k\u00e9nyeztetj\u00fck \u00d6nt p\u00e9ld\u00e1ul igazi h\u00e1zi sonk\u00e1val. Fadeszk\u00e1n kolb\u00e1szt, kenyeret, szalonn\u00e1t, kolb\u00e1szt \u00e9s kekszeket is felszolg\u00e1lunk - term\u00e9szetesen h\u00e1zilag. A Muravid\u00e9k \u00edzvil\u00e1g\u00e1t tekintve a hazai hagyma adja az utols\u00f3 sim\u00edt\u00e1st. Kulin\u00e1ris k\u00e9nyeztet\u00e9s egy pannon faluban Egy pannon faluban [...]<\/p>","protected":false},"author":2,"featured_media":0,"parent":0,"menu_order":0,"comment_status":"closed","ping_status":"closed","template":"","meta":{"footnotes":""},"class_list":["post-869","page","type-page","status-publish","hentry"],"yoast_head":"<!-- This site is optimized with the Yoast SEO plugin v24.0 - https:\/\/yoast.com\/wordpress\/plugins\/seo\/ -->\n<title>Kulinari\u010dna do\u017eivetja - Panonska vas<\/title>\n<meta name=\"robots\" content=\"index, follow, max-snippet:-1, max-image-preview:large, max-video-preview:-1\" \/>\n<link rel=\"canonical\" href=\"https:\/\/www.panonskavas.si\/hu\/kulinaricna-dozivetja\/\" \/>\n<meta property=\"og:locale\" content=\"hu_HU\" \/>\n<meta property=\"og:type\" content=\"article\" \/>\n<meta property=\"og:title\" content=\"Kulinari\u010dna do\u017eivetja - Panonska vas\" \/>\n<meta property=\"og:description\" content=\"Doma\u010de in lokalno Z najve\u010djim veseljem vas bomo kulinari\u010dno razvajali z, denimo, pravo doma\u010do \u0161unko. Zraven te vam bomo na leseni deski postregli \u0161e klobase, kruh, slanino, zaseko in ocvirke \u2013 vse, seveda, doma\u010de. Za piko na i, kar zadeva okus Prekmurja, bo poskrbela \u0161e doma\u010da \u010debula. Kulinari\u010dno razvajanje v Panonski vasi V Panonski vasi [&hellip;]\" \/>\n<meta property=\"og:url\" content=\"https:\/\/www.panonskavas.si\/hu\/kulinaricna-dozivetja\/\" \/>\n<meta property=\"og:site_name\" content=\"Panonska vas\" \/>\n<meta property=\"article:modified_time\" content=\"2024-06-18T20:05:36+00:00\" \/>\n<meta property=\"og:image\" content=\"https:\/\/www.panonskavas.si\/wp-content\/uploads\/2022\/07\/41645625400IMG_20220223_WA0002-1024x604.jpg\" \/>\n<meta name=\"twitter:card\" content=\"summary_large_image\" \/>\n<meta name=\"twitter:label1\" content=\"Becs\u00fclt olvas\u00e1si id\u0151\" \/>\n\t<meta name=\"twitter:data1\" content=\"4 perc\" \/>\n<script type=\"application\/ld+json\" class=\"yoast-schema-graph\">{\"@context\":\"https:\/\/schema.org\",\"@graph\":[{\"@type\":\"WebPage\",\"@id\":\"https:\/\/www.panonskavas.si\/kulinaricna-dozivetja\/\",\"url\":\"https:\/\/www.panonskavas.si\/kulinaricna-dozivetja\/\",\"name\":\"Kulinari\u010dna do\u017eivetja - Panonska vas\",\"isPartOf\":{\"@id\":\"https:\/\/www.panonskavas.si\/#website\"},\"primaryImageOfPage\":{\"@id\":\"https:\/\/www.panonskavas.si\/kulinaricna-dozivetja\/#primaryimage\"},\"image\":{\"@id\":\"https:\/\/www.panonskavas.si\/kulinaricna-dozivetja\/#primaryimage\"},\"thumbnailUrl\":\"https:\/\/www.panonskavas.si\/wp-content\/uploads\/2022\/07\/41645625400IMG_20220223_WA0002-1024x604.jpg\",\"datePublished\":\"2022-08-03T06:42:35+00:00\",\"dateModified\":\"2024-06-18T20:05:36+00:00\",\"breadcrumb\":{\"@id\":\"https:\/\/www.panonskavas.si\/kulinaricna-dozivetja\/#breadcrumb\"},\"inLanguage\":\"hu\",\"potentialAction\":[{\"@type\":\"ReadAction\",\"target\":[\"https:\/\/www.panonskavas.si\/kulinaricna-dozivetja\/\"]}]},{\"@type\":\"ImageObject\",\"inLanguage\":\"hu\",\"@id\":\"https:\/\/www.panonskavas.si\/kulinaricna-dozivetja\/#primaryimage\",\"url\":\"https:\/\/www.panonskavas.si\/wp-content\/uploads\/2022\/07\/41645625400IMG_20220223_WA0002-1024x604.jpg\",\"contentUrl\":\"https:\/\/www.panonskavas.si\/wp-content\/uploads\/2022\/07\/41645625400IMG_20220223_WA0002-1024x604.jpg\"},{\"@type\":\"BreadcrumbList\",\"@id\":\"https:\/\/www.panonskavas.si\/kulinaricna-dozivetja\/#breadcrumb\",\"itemListElement\":[{\"@type\":\"ListItem\",\"position\":1,\"name\":\"Home\",\"item\":\"https:\/\/www.panonskavas.si\/\"},{\"@type\":\"ListItem\",\"position\":2,\"name\":\"Kulinari\u010dna do\u017eivetja\"}]},{\"@type\":\"WebSite\",\"@id\":\"https:\/\/www.panonskavas.si\/#website\",\"url\":\"https:\/\/www.panonskavas.si\/\",\"name\":\"Panonska vas\",\"description\":\"\",\"publisher\":{\"@id\":\"https:\/\/www.panonskavas.si\/#organization\"},\"potentialAction\":[{\"@type\":\"SearchAction\",\"target\":{\"@type\":\"EntryPoint\",\"urlTemplate\":\"https:\/\/www.panonskavas.si\/?s={search_term_string}\"},\"query-input\":{\"@type\":\"PropertyValueSpecification\",\"valueRequired\":true,\"valueName\":\"search_term_string\"}}],\"inLanguage\":\"hu\"},{\"@type\":\"Organization\",\"@id\":\"https:\/\/www.panonskavas.si\/#organization\",\"name\":\"Panonska vas\",\"url\":\"https:\/\/www.panonskavas.si\/\",\"logo\":{\"@type\":\"ImageObject\",\"inLanguage\":\"hu\",\"@id\":\"https:\/\/www.panonskavas.si\/#\/schema\/logo\/image\/\",\"url\":\"https:\/\/www.panonskavas.si\/wp-content\/uploads\/2022\/07\/panonskavas-logo.png\",\"contentUrl\":\"https:\/\/www.panonskavas.si\/wp-content\/uploads\/2022\/07\/panonskavas-logo.png\",\"width\":221,\"height\":69,\"caption\":\"Panonska vas\"},\"image\":{\"@id\":\"https:\/\/www.panonskavas.si\/#\/schema\/logo\/image\/\"}}]}<\/script>\n<!-- \/ Yoast SEO plugin. -->","yoast_head_json":{"title":"Kulinari\u010dna do\u017eivetja - Panonska vas","robots":{"index":"index","follow":"follow","max-snippet":"max-snippet:-1","max-image-preview":"max-image-preview:large","max-video-preview":"max-video-preview:-1"},"canonical":"https:\/\/www.panonskavas.si\/hu\/kulinaricna-dozivetja\/","og_locale":"hu_HU","og_type":"article","og_title":"Kulinari\u010dna do\u017eivetja - Panonska vas","og_description":"Doma\u010de in lokalno Z najve\u010djim veseljem vas bomo kulinari\u010dno razvajali z, denimo, pravo doma\u010do \u0161unko. Zraven te vam bomo na leseni deski postregli \u0161e klobase, kruh, slanino, zaseko in ocvirke \u2013 vse, seveda, doma\u010de. Za piko na i, kar zadeva okus Prekmurja, bo poskrbela \u0161e doma\u010da \u010debula. Kulinari\u010dno razvajanje v Panonski vasi V Panonski vasi [&hellip;]","og_url":"https:\/\/www.panonskavas.si\/hu\/kulinaricna-dozivetja\/","og_site_name":"Panonska vas","article_modified_time":"2024-06-18T20:05:36+00:00","og_image":[{"url":"https:\/\/www.panonskavas.si\/wp-content\/uploads\/2022\/07\/41645625400IMG_20220223_WA0002-1024x604.jpg","type":"","width":"","height":""}],"twitter_card":"summary_large_image","twitter_misc":{"Becs\u00fclt olvas\u00e1si id\u0151":"4 perc"},"schema":{"@context":"https:\/\/schema.org","@graph":[{"@type":"WebPage","@id":"https:\/\/www.panonskavas.si\/kulinaricna-dozivetja\/","url":"https:\/\/www.panonskavas.si\/kulinaricna-dozivetja\/","name":"Kulinari\u010dna do\u017eivetja - Panonska vas","isPartOf":{"@id":"https:\/\/www.panonskavas.si\/#website"},"primaryImageOfPage":{"@id":"https:\/\/www.panonskavas.si\/kulinaricna-dozivetja\/#primaryimage"},"image":{"@id":"https:\/\/www.panonskavas.si\/kulinaricna-dozivetja\/#primaryimage"},"thumbnailUrl":"https:\/\/www.panonskavas.si\/wp-content\/uploads\/2022\/07\/41645625400IMG_20220223_WA0002-1024x604.jpg","datePublished":"2022-08-03T06:42:35+00:00","dateModified":"2024-06-18T20:05:36+00:00","breadcrumb":{"@id":"https:\/\/www.panonskavas.si\/kulinaricna-dozivetja\/#breadcrumb"},"inLanguage":"hu","potentialAction":[{"@type":"ReadAction","target":["https:\/\/www.panonskavas.si\/kulinaricna-dozivetja\/"]}]},{"@type":"ImageObject","inLanguage":"hu","@id":"https:\/\/www.panonskavas.si\/kulinaricna-dozivetja\/#primaryimage","url":"https:\/\/www.panonskavas.si\/wp-content\/uploads\/2022\/07\/41645625400IMG_20220223_WA0002-1024x604.jpg","contentUrl":"https:\/\/www.panonskavas.si\/wp-content\/uploads\/2022\/07\/41645625400IMG_20220223_WA0002-1024x604.jpg"},{"@type":"BreadcrumbList","@id":"https:\/\/www.panonskavas.si\/kulinaricna-dozivetja\/#breadcrumb","itemListElement":[{"@type":"ListItem","position":1,"name":"Home","item":"https:\/\/www.panonskavas.si\/"},{"@type":"ListItem","position":2,"name":"Kulinari\u010dna do\u017eivetja"}]},{"@type":"WebSite","@id":"https:\/\/www.panonskavas.si\/#website","url":"https:\/\/www.panonskavas.si\/","name":"Panonska vas","description":"","publisher":{"@id":"https:\/\/www.panonskavas.si\/#organization"},"potentialAction":[{"@type":"SearchAction","target":{"@type":"EntryPoint","urlTemplate":"https:\/\/www.panonskavas.si\/?s={search_term_string}"},"query-input":{"@type":"PropertyValueSpecification","valueRequired":true,"valueName":"search_term_string"}}],"inLanguage":"hu"},{"@type":"Organization","@id":"https:\/\/www.panonskavas.si\/#organization","name":"Panonska vas","url":"https:\/\/www.panonskavas.si\/","logo":{"@type":"ImageObject","inLanguage":"hu","@id":"https:\/\/www.panonskavas.si\/#\/schema\/logo\/image\/","url":"https:\/\/www.panonskavas.si\/wp-content\/uploads\/2022\/07\/panonskavas-logo.png","contentUrl":"https:\/\/www.panonskavas.si\/wp-content\/uploads\/2022\/07\/panonskavas-logo.png","width":221,"height":69,"caption":"Panonska vas"},"image":{"@id":"https:\/\/www.panonskavas.si\/#\/schema\/logo\/image\/"}}]}},"_links":{"self":[{"href":"https:\/\/www.panonskavas.si\/hu\/wp-json\/wp\/v2\/pages\/869","targetHints":{"allow":["GET"]}}],"collection":[{"href":"https:\/\/www.panonskavas.si\/hu\/wp-json\/wp\/v2\/pages"}],"about":[{"href":"https:\/\/www.panonskavas.si\/hu\/wp-json\/wp\/v2\/types\/page"}],"author":[{"embeddable":true,"href":"https:\/\/www.panonskavas.si\/hu\/wp-json\/wp\/v2\/users\/2"}],"replies":[{"embeddable":true,"href":"https:\/\/www.panonskavas.si\/hu\/wp-json\/wp\/v2\/comments?post=869"}],"version-history":[{"count":61,"href":"https:\/\/www.panonskavas.si\/hu\/wp-json\/wp\/v2\/pages\/869\/revisions"}],"predecessor-version":[{"id":2326,"href":"https:\/\/www.panonskavas.si\/hu\/wp-json\/wp\/v2\/pages\/869\/revisions\/2326"}],"wp:attachment":[{"href":"https:\/\/www.panonskavas.si\/hu\/wp-json\/wp\/v2\/media?parent=869"}],"curies":[{"name":"wp","href":"https:\/\/api.w.org\/{rel}","templated":true}]}}