{"id":225,"date":"2022-07-24T21:13:46","date_gmt":"2022-07-24T20:13:46","guid":{"rendered":"https:\/\/www.panonskavas.si\/?page_id=225"},"modified":"2022-08-03T12:43:31","modified_gmt":"2022-08-03T11:43:31","slug":"okusi-prekmurje","status":"publish","type":"page","link":"https:\/\/www.panonskavas.si\/hu\/okusi-prekmurje\/","title":{"rendered":"Prekmurje"},"content":{"rendered":"<div data-elementor-type=\"wp-page\" data-elementor-id=\"225\" class=\"elementor elementor-225\">\n\t\t\t\t\t\t\t\t\t<section class=\"elementor-section elementor-top-section elementor-element elementor-element-75c3c54f elementor-section-stretched elementor-section-boxed elementor-section-height-default elementor-section-height-default\" data-id=\"75c3c54f\" data-element_type=\"section\" data-settings=\"{&quot;stretch_section&quot;:&quot;section-stretched&quot;,&quot;background_background&quot;:&quot;classic&quot;}\">\n\t\t\t\t\t\t\t<div class=\"elementor-background-overlay\"><\/div>\n\t\t\t\t\t\t\t<div class=\"elementor-container elementor-column-gap-default\">\n\t\t\t\t\t<div class=\"elementor-column elementor-col-100 elementor-top-column elementor-element elementor-element-3d366d96\" data-id=\"3d366d96\" data-element_type=\"column\">\n\t\t\t<div class=\"elementor-widget-wrap elementor-element-populated\">\n\t\t\t\t\t\t\t\t<div class=\"elementor-element elementor-element-5520fae7 header-text elementor-widget elementor-widget-heading\" data-id=\"5520fae7\" data-element_type=\"widget\" data-widget_type=\"heading.default\">\n\t\t\t\t<div class=\"elementor-widget-container\">\n\t\t\t<style>\/*! elementor - v3.12.2 - 23-04-2023 *\/\n.elementor-heading-title{padding:0;margin:0;line-height:1}.elementor-widget-heading .elementor-heading-title[class*=elementor-size-]>a{color:inherit;font-size:inherit;line-height:inherit}.elementor-widget-heading .elementor-heading-title.elementor-size-small{font-size:15px}.elementor-widget-heading .elementor-heading-title.elementor-size-medium{font-size:19px}.elementor-widget-heading .elementor-heading-title.elementor-size-large{font-size:29px}.elementor-widget-heading .elementor-heading-title.elementor-size-xl{font-size:39px}.elementor-widget-heading .elementor-heading-title.elementor-size-xxl{font-size:59px}<\/style><h2 class=\"elementor-heading-title elementor-size-default\">Prekmurje<\/h2>\t\t<\/div>\n\t\t\t\t<\/div>\n\t\t\t\t\t<\/div>\n\t\t<\/div>\n\t\t\t\t\t\t\t<\/div>\n\t\t<\/section>\n\t\t\t\t<section class=\"elementor-section elementor-top-section elementor-element elementor-element-64405c6 elementor-section-boxed elementor-section-height-default elementor-section-height-default\" data-id=\"64405c6\" data-element_type=\"section\">\n\t\t\t\t\t\t<div class=\"elementor-container elementor-column-gap-default\">\n\t\t\t\t\t<div class=\"elementor-column elementor-col-100 elementor-top-column elementor-element elementor-element-e54cf61\" data-id=\"e54cf61\" data-element_type=\"column\">\n\t\t\t<div class=\"elementor-widget-wrap elementor-element-populated\">\n\t\t\t\t\t\t\t\t<section class=\"elementor-section elementor-inner-section elementor-element elementor-element-69b212a elementor-section-boxed elementor-section-height-default elementor-section-height-default\" data-id=\"69b212a\" data-element_type=\"section\">\n\t\t\t\t\t\t<div class=\"elementor-container elementor-column-gap-default\">\n\t\t\t\t\t<div class=\"elementor-column elementor-col-50 elementor-inner-column elementor-element elementor-element-4da7587\" data-id=\"4da7587\" data-element_type=\"column\">\n\t\t\t<div class=\"elementor-widget-wrap elementor-element-populated\">\n\t\t\t\t\t\t\t\t<div class=\"elementor-element elementor-element-34bd102 logo-font elementor-widget elementor-widget-heading\" data-id=\"34bd102\" data-element_type=\"widget\" data-widget_type=\"heading.default\">\n\t\t\t\t<div class=\"elementor-widget-container\">\n\t\t\t<h2 class=\"elementor-heading-title elementor-size-default\">Akt\u00edv pihen\u00e9s<\/h2>\t\t<\/div>\n\t\t\t\t<\/div>\n\t\t\t\t<div class=\"elementor-element elementor-element-f8e0647 elementor-widget elementor-widget-text-editor\" data-id=\"f8e0647\" data-element_type=\"widget\" data-widget_type=\"text-editor.default\">\n\t\t\t\t<div class=\"elementor-widget-container\">\n\t\t\t<style>\/*! elementor - v3.12.2 - 23-04-2023 *\/\n.elementor-widget-text-editor.elementor-drop-cap-view-stacked .elementor-drop-cap{background-color:#69727d;color:#fff}.elementor-widget-text-editor.elementor-drop-cap-view-framed .elementor-drop-cap{color:#69727d;border:3px solid;background-color:transparent}.elementor-widget-text-editor:not(.elementor-drop-cap-view-default) .elementor-drop-cap{margin-top:8px}.elementor-widget-text-editor:not(.elementor-drop-cap-view-default) .elementor-drop-cap-letter{width:1em;height:1em}.elementor-widget-text-editor .elementor-drop-cap{float:left;text-align:center;line-height:1;font-size:50px}.elementor-widget-text-editor .elementor-drop-cap-letter{display:inline-block}<\/style>\t\t\t\t<p class=\"lead\">Az akt\u00edv turist\u00e1k els\u0151sorban a r\u00f6vid, gyakori pihen\u0151ket v\u00e1lasztj\u00e1k, ahol lehet\u0151s\u00e9g\u00fck van ker\u00e9kp\u00e1rozni, kir\u00e1ndulni vagy futni, ez\u00e9rt c\u00e9lszer\u0171 egy \u00e9jszak\u00e1ra be\u00e1ll\u00edtani a k\u00edn\u00e1latot, majd motiv\u00e1lni \u0151ket a nagyobb sz\u00e1m\u00fa \u00e9jszakai d\u00f6nt\u00e9sre. Ezeknek a turist\u00e1knak fontos, hogy egy r\u00f6vid kikapcsol\u00f3d\u00e1st a term\u00e9szetben, csendes k\u00f6rnyezetben t\u00f6lthessenek, ahol lehet\u0151s\u00e9g\u00fck ny\u00edlik kitisztulni az elm\u00e9j\u00fcket.<\/p>\t\t\t\t\t\t<\/div>\n\t\t\t\t<\/div>\n\t\t\t\t\t<\/div>\n\t\t<\/div>\n\t\t\t\t<div class=\"elementor-column elementor-col-50 elementor-inner-column elementor-element elementor-element-6b230c9\" data-id=\"6b230c9\" data-element_type=\"column\">\n\t\t\t<div class=\"elementor-widget-wrap elementor-element-populated\">\n\t\t\t\t\t\t\t\t<div class=\"elementor-element elementor-element-e649014 elementor-widget elementor-widget-image\" data-id=\"e649014\" data-element_type=\"widget\" data-widget_type=\"image.default\">\n\t\t\t\t<div class=\"elementor-widget-container\">\n\t\t\t<style>\/*! elementor - v3.12.2 - 23-04-2023 *\/\n.elementor-widget-image{text-align:center}.elementor-widget-image a{display:inline-block}.elementor-widget-image a img[src$=\".svg\"]{width:48px}.elementor-widget-image img{vertical-align:middle;display:inline-block}<\/style>\t\t\t\t\t\t\t\t\t\t\t\t<img loading=\"lazy\" decoding=\"async\" width=\"800\" height=\"450\" src=\"https:\/\/www.panonskavas.si\/wp-content\/uploads\/2022\/07\/31507792766IMG_1093.jpg\" class=\"attachment-large size-large wp-image-232\" alt=\"\" srcset=\"https:\/\/www.panonskavas.si\/wp-content\/uploads\/2022\/07\/31507792766IMG_1093.jpg 800w, https:\/\/www.panonskavas.si\/wp-content\/uploads\/2022\/07\/31507792766IMG_1093-300x169.jpg 300w, https:\/\/www.panonskavas.si\/wp-content\/uploads\/2022\/07\/31507792766IMG_1093-768x432.jpg 768w, https:\/\/www.panonskavas.si\/wp-content\/uploads\/2022\/07\/31507792766IMG_1093-18x10.jpg 18w\" sizes=\"auto, (max-width: 800px) 100vw, 800px\" \/>\t\t\t\t\t\t\t\t\t\t\t\t\t\t\t<\/div>\n\t\t\t\t<\/div>\n\t\t\t\t\t<\/div>\n\t\t<\/div>\n\t\t\t\t\t\t\t<\/div>\n\t\t<\/section>\n\t\t\t\t<section class=\"elementor-section elementor-inner-section elementor-element elementor-element-30b9b04 elementor-section-boxed elementor-section-height-default elementor-section-height-default\" data-id=\"30b9b04\" data-element_type=\"section\">\n\t\t\t\t\t\t<div class=\"elementor-container elementor-column-gap-default\">\n\t\t\t\t\t<div class=\"elementor-column elementor-col-50 elementor-inner-column elementor-element elementor-element-7b7d3e2\" data-id=\"7b7d3e2\" data-element_type=\"column\">\n\t\t\t<div class=\"elementor-widget-wrap elementor-element-populated\">\n\t\t\t\t\t\t\t\t<div class=\"elementor-element elementor-element-8153d15 elementor-widget elementor-widget-image\" data-id=\"8153d15\" data-element_type=\"widget\" data-widget_type=\"image.default\">\n\t\t\t\t<div class=\"elementor-widget-container\">\n\t\t\t\t\t\t\t\t\t\t\t\t\t\t\t<img loading=\"lazy\" decoding=\"async\" width=\"800\" height=\"472\" src=\"https:\/\/www.panonskavas.si\/wp-content\/uploads\/2022\/07\/41507793042IMG_1783-1024x604.jpg\" class=\"attachment-large size-large wp-image-239\" alt=\"\" srcset=\"https:\/\/www.panonskavas.si\/wp-content\/uploads\/2022\/07\/41507793042IMG_1783-1024x604.jpg 1024w, https:\/\/www.panonskavas.si\/wp-content\/uploads\/2022\/07\/41507793042IMG_1783-300x177.jpg 300w, https:\/\/www.panonskavas.si\/wp-content\/uploads\/2022\/07\/41507793042IMG_1783-768x453.jpg 768w, https:\/\/www.panonskavas.si\/wp-content\/uploads\/2022\/07\/41507793042IMG_1783-1536x906.jpg 1536w, https:\/\/www.panonskavas.si\/wp-content\/uploads\/2022\/07\/41507793042IMG_1783-18x12.jpg 18w, https:\/\/www.panonskavas.si\/wp-content\/uploads\/2022\/07\/41507793042IMG_1783.jpg 1920w\" sizes=\"auto, (max-width: 800px) 100vw, 800px\" \/>\t\t\t\t\t\t\t\t\t\t\t\t\t\t\t<\/div>\n\t\t\t\t<\/div>\n\t\t\t\t\t<\/div>\n\t\t<\/div>\n\t\t\t\t<div class=\"elementor-column elementor-col-50 elementor-inner-column elementor-element elementor-element-53339ca\" data-id=\"53339ca\" data-element_type=\"column\">\n\t\t\t<div class=\"elementor-widget-wrap elementor-element-populated\">\n\t\t\t\t\t\t\t\t<div class=\"elementor-element elementor-element-1617ae2 logo-font elementor-widget elementor-widget-heading\" data-id=\"1617ae2\" data-element_type=\"widget\" data-widget_type=\"heading.default\">\n\t\t\t\t<div class=\"elementor-widget-container\">\n\t\t\t<h2 class=\"elementor-heading-title elementor-size-default\">Csal\u00e1di vak\u00e1ci\u00f3<\/h2>\t\t<\/div>\n\t\t\t\t<\/div>\n\t\t\t\t<div class=\"elementor-element elementor-element-1818f26 elementor-widget elementor-widget-text-editor\" data-id=\"1818f26\" data-element_type=\"widget\" data-widget_type=\"text-editor.default\">\n\t\t\t\t<div class=\"elementor-widget-container\">\n\t\t\t\t\t\t\t<p>A Bukovni\u0161ka-t\u00f3 megtekint\u00e9se \u00e9s pihen\u00e9s az energiapontokon - Adventurer&#039;s Pak - Pizzeria Perunika A Bukovni\u0161ka-t\u00f3 \u00e9s k\u00f6rny\u00e9ke a horg\u00e1szaton k\u00edv\u00fcl pihen\u00e9sre, s\u00e9t\u00e1kra, s\u00e1toroz\u00e1sra, piknikez\u00e9sre \u00e9s sportol\u00e1si lehet\u0151s\u00e9geket k\u00edn\u00e1l. A Bukovnica-t\u00f3 egy gy\u0171jt\u0151t\u00f3, amely Bukovnica falut\u00f3l d\u00e9lre, Gori\u010dko d\u00e9lkeleti r\u00e9sz\u00e9n tal\u00e1lhat\u00f3. Ter\u00fclete\u2026<\/p>\t\t\t\t\t\t<\/div>\n\t\t\t\t<\/div>\n\t\t\t\t\t<\/div>\n\t\t<\/div>\n\t\t\t\t\t\t\t<\/div>\n\t\t<\/section>\n\t\t\t\t<section class=\"elementor-section elementor-inner-section elementor-element elementor-element-c467995 elementor-section-boxed elementor-section-height-default elementor-section-height-default\" data-id=\"c467995\" data-element_type=\"section\">\n\t\t\t\t\t\t<div class=\"elementor-container elementor-column-gap-default\">\n\t\t\t\t\t<div class=\"elementor-column elementor-col-50 elementor-inner-column elementor-element elementor-element-2ce73a0\" data-id=\"2ce73a0\" data-element_type=\"column\">\n\t\t\t<div class=\"elementor-widget-wrap elementor-element-populated\">\n\t\t\t\t\t\t\t\t<div class=\"elementor-element elementor-element-7bfc5fb logo-font elementor-widget elementor-widget-heading\" data-id=\"7bfc5fb\" data-element_type=\"widget\" data-widget_type=\"heading.default\">\n\t\t\t\t<div class=\"elementor-widget-container\">\n\t\t\t<h2 class=\"elementor-heading-title elementor-size-default\">\u00dczleti rendezv\u00e9ny<\/h2>\t\t<\/div>\n\t\t\t\t<\/div>\n\t\t\t\t<div class=\"elementor-element elementor-element-42c985f elementor-widget elementor-widget-text-editor\" data-id=\"42c985f\" data-element_type=\"widget\" data-widget_type=\"text-editor.default\">\n\t\t\t\t<div class=\"elementor-widget-container\">\n\t\t\t\t\t\t\t<p>Ha nyugodt k\u00f6rnyezetben szeretn\u00e9 megtartani \u00fczleti rendezv\u00e9ny\u00e9t, ahol lehet\u0151s\u00e9g ny\u00edlik teremb\u00e9rl\u00e9sre k\u00fcl\u00f6nf\u00e9le szemin\u00e1riumok, el\u0151ad\u00e1sok, workshopok stb., sz\u00e1ll\u00e1s, cs\u00facskonyha \u00e9s k\u00fcl\u00f6nf\u00e9le tev\u00e9kenys\u00e9gek lebonyol\u00edt\u00e1s\u00e1ra, a Panonska vas a megfelel\u0151 v\u00e1lasz az \u00d6n sz\u00e1m\u00e1ra. . Olyan teret k\u00edn\u00e1lunk \u00d6nnek, amelyet k\u00edv\u00e1ns\u00e1ga szerint alak\u00edthat ki, \u00e9s k\u00fcl\u00f6nf\u00e9le tev\u00e9kenys\u00e9geket szervezhet. Pr\u2026<\/p>\t\t\t\t\t\t<\/div>\n\t\t\t\t<\/div>\n\t\t\t\t\t<\/div>\n\t\t<\/div>\n\t\t\t\t<div class=\"elementor-column elementor-col-50 elementor-inner-column elementor-element elementor-element-379fbf2\" data-id=\"379fbf2\" data-element_type=\"column\">\n\t\t\t<div class=\"elementor-widget-wrap elementor-element-populated\">\n\t\t\t\t\t\t\t\t<div class=\"elementor-element elementor-element-9cffbc9 elementor-widget elementor-widget-image\" data-id=\"9cffbc9\" data-element_type=\"widget\" data-widget_type=\"image.default\">\n\t\t\t\t<div class=\"elementor-widget-container\">\n\t\t\t\t\t\t\t\t\t\t\t\t\t\t\t<img loading=\"lazy\" decoding=\"async\" width=\"800\" height=\"450\" src=\"https:\/\/www.panonskavas.si\/wp-content\/uploads\/2022\/07\/31507793183Screen_Shot_2017_06_01_at_07.42.08.png\" class=\"attachment-large size-large wp-image-242\" alt=\"\" srcset=\"https:\/\/www.panonskavas.si\/wp-content\/uploads\/2022\/07\/31507793183Screen_Shot_2017_06_01_at_07.42.08.png 800w, https:\/\/www.panonskavas.si\/wp-content\/uploads\/2022\/07\/31507793183Screen_Shot_2017_06_01_at_07.42.08-300x169.png 300w, https:\/\/www.panonskavas.si\/wp-content\/uploads\/2022\/07\/31507793183Screen_Shot_2017_06_01_at_07.42.08-768x432.png 768w, https:\/\/www.panonskavas.si\/wp-content\/uploads\/2022\/07\/31507793183Screen_Shot_2017_06_01_at_07.42.08-18x10.png 18w\" sizes=\"auto, (max-width: 800px) 100vw, 800px\" \/>\t\t\t\t\t\t\t\t\t\t\t\t\t\t\t<\/div>\n\t\t\t\t<\/div>\n\t\t\t\t\t<\/div>\n\t\t<\/div>\n\t\t\t\t\t\t\t<\/div>\n\t\t<\/section>\n\t\t\t\t<section class=\"elementor-section elementor-inner-section elementor-element elementor-element-70eb33c elementor-section-boxed elementor-section-height-default elementor-section-height-default\" data-id=\"70eb33c\" data-element_type=\"section\">\n\t\t\t\t\t\t<div class=\"elementor-container elementor-column-gap-default\">\n\t\t\t\t\t<div class=\"elementor-column elementor-col-50 elementor-inner-column elementor-element elementor-element-6339818\" data-id=\"6339818\" data-element_type=\"column\">\n\t\t\t<div class=\"elementor-widget-wrap elementor-element-populated\">\n\t\t\t\t\t\t\t\t<div class=\"elementor-element elementor-element-fc1975f elementor-widget elementor-widget-image\" data-id=\"fc1975f\" data-element_type=\"widget\" data-widget_type=\"image.default\">\n\t\t\t\t<div class=\"elementor-widget-container\">\n\t\t\t\t\t\t\t\t\t\t\t\t\t\t\t<img loading=\"lazy\" decoding=\"async\" width=\"800\" height=\"472\" src=\"https:\/\/www.panonskavas.si\/wp-content\/uploads\/2022\/07\/41507792521vanesa_jasa_385-1024x604.jpg\" class=\"attachment-large size-large wp-image-248\" alt=\"\" srcset=\"https:\/\/www.panonskavas.si\/wp-content\/uploads\/2022\/07\/41507792521vanesa_jasa_385-1024x604.jpg 1024w, https:\/\/www.panonskavas.si\/wp-content\/uploads\/2022\/07\/41507792521vanesa_jasa_385-300x177.jpg 300w, https:\/\/www.panonskavas.si\/wp-content\/uploads\/2022\/07\/41507792521vanesa_jasa_385-768x453.jpg 768w, https:\/\/www.panonskavas.si\/wp-content\/uploads\/2022\/07\/41507792521vanesa_jasa_385-1536x906.jpg 1536w, https:\/\/www.panonskavas.si\/wp-content\/uploads\/2022\/07\/41507792521vanesa_jasa_385-18x12.jpg 18w, https:\/\/www.panonskavas.si\/wp-content\/uploads\/2022\/07\/41507792521vanesa_jasa_385.jpg 1920w\" sizes=\"auto, (max-width: 800px) 100vw, 800px\" \/>\t\t\t\t\t\t\t\t\t\t\t\t\t\t\t<\/div>\n\t\t\t\t<\/div>\n\t\t\t\t\t<\/div>\n\t\t<\/div>\n\t\t\t\t<div class=\"elementor-column elementor-col-50 elementor-inner-column elementor-element elementor-element-bfcd11c\" data-id=\"bfcd11c\" data-element_type=\"column\">\n\t\t\t<div class=\"elementor-widget-wrap elementor-element-populated\">\n\t\t\t\t\t\t\t\t<div class=\"elementor-element elementor-element-dea9704 logo-font elementor-widget elementor-widget-heading\" data-id=\"dea9704\" data-element_type=\"widget\" data-widget_type=\"heading.default\">\n\t\t\t\t<div class=\"elementor-widget-container\">\n\t\t\t<h2 class=\"elementor-heading-title elementor-size-default\">Egy esk\u00fcv\u0151<\/h2>\t\t<\/div>\n\t\t\t\t<\/div>\n\t\t\t\t<div class=\"elementor-element elementor-element-a8af1f4 elementor-widget elementor-widget-text-editor\" data-id=\"a8af1f4\" data-element_type=\"widget\" data-widget_type=\"text-editor.default\">\n\t\t\t\t<div class=\"elementor-widget-container\">\n\t\t\t\t\t\t\t<p>Egyed\u00fcl\u00e1ll\u00f3 helysz\u00edn az esk\u00fcv\u0151 nappali r\u00e9sz\u00e9re, sz\u00e1ll\u00e1ssal \u00e9s z\u00e1rt t\u00e9rrel az esk\u00fcv\u0151 esti r\u00e9sz\u00e9re rusztikus st\u00edlusban, min\u0151s\u00e9gi k\u00edn\u00e1lattal, a Panonska vas minden bizonnyal az egyetlen Prekmurje. A jellegzetes muravid\u00e9ki konyh\u00e1val egyed\u00fcl\u00e1ll\u00f3 \u00e9lm\u00e9nyt ny\u00fajt az eg\u00e9sz vend\u00e9gcsoport sz\u00e1m\u00e1ra.\u00a0<\/p>\t\t\t\t\t\t<\/div>\n\t\t\t\t<\/div>\n\t\t\t\t\t<\/div>\n\t\t<\/div>\n\t\t\t\t\t\t\t<\/div>\n\t\t<\/section>\n\t\t\t\t\t<\/div>\n\t\t<\/div>\n\t\t\t\t\t\t\t<\/div>\n\t\t<\/section>\n\t\t\t\t\t\t\t<\/div>","protected":false},"excerpt":{"rendered":"<p>Akt\u00edv pihen\u00e9s Az akt\u00edv turist\u00e1k f\u0151k\u00e9nt a r\u00f6vid, gyakori nyaral\u00e1sok mellett d\u00f6ntenek, ahol lehet\u0151s\u00e9g\u00fck van ker\u00e9kp\u00e1rozni, t\u00far\u00e1zni vagy futni, ez\u00e9rt c\u00e9lszer\u0171 egy \u00e9jszak\u00e1ra szabni a k\u00edn\u00e1latot, \u00e9s ekkor motiv\u00e1lj\u00e1k a nagyobb sz\u00e1m\u00fa \u00e9jszaka melletti d\u00f6nt\u00e9st. Ezeknek a turist\u00e1knak fontos, hogy egy r\u00f6vid pihen\u0151t \u00e9lvezzenek a term\u00e9szetben, egy nyugodt k\u00f6rnyezetben, ahol [\u2026]<\/p>","protected":false},"author":2,"featured_media":0,"parent":0,"menu_order":0,"comment_status":"closed","ping_status":"closed","template":"","meta":{"footnotes":""},"class_list":["post-225","page","type-page","status-publish","hentry"],"yoast_head":"<!-- This site is optimized with the Yoast SEO plugin v24.0 - https:\/\/yoast.com\/wordpress\/plugins\/seo\/ -->\n<title>Okusi prekmurje - Panonska vas<\/title>\n<meta name=\"robots\" content=\"index, follow, max-snippet:-1, max-image-preview:large, max-video-preview:-1\" \/>\n<link rel=\"canonical\" href=\"https:\/\/www.panonskavas.si\/hu\/okusi-prekmurje\/\" \/>\n<meta property=\"og:locale\" content=\"hu_HU\" \/>\n<meta property=\"og:type\" content=\"article\" \/>\n<meta property=\"og:title\" content=\"Okusi prekmurje - Panonska vas\" \/>\n<meta property=\"og:description\" content=\"Aktivni oddih Aktivni turisti se odlo\u010dajo predvsem za kratke, pogoste oddihe, kjer imajo mo\u017enost kolesariti, imeti pohod ali te\u010di, zato je primerno, da se ponudba zastavi za eno no\u010ditev, nato pa se jih motivira, da se odlo\u010dijo za ve\u010dje \u0161tevilo no\u010ditev. Tem turistom je pomembno, da koristijo kratek oddih v naravi, mirni okolici, kjer si [&hellip;]\" \/>\n<meta property=\"og:url\" content=\"https:\/\/www.panonskavas.si\/hu\/okusi-prekmurje\/\" \/>\n<meta property=\"og:site_name\" content=\"Panonska vas\" \/>\n<meta property=\"article:modified_time\" content=\"2022-08-03T11:43:31+00:00\" \/>\n<meta property=\"og:image\" content=\"https:\/\/www.panonskavas.si\/wp-content\/uploads\/2022\/07\/31507792766IMG_1093.jpg\" \/>\n<meta name=\"twitter:card\" content=\"summary_large_image\" \/>\n<meta name=\"twitter:label1\" content=\"Becs\u00fclt olvas\u00e1si id\u0151\" \/>\n\t<meta name=\"twitter:data1\" content=\"2 perc\" \/>\n<script type=\"application\/ld+json\" class=\"yoast-schema-graph\">{\"@context\":\"https:\/\/schema.org\",\"@graph\":[{\"@type\":\"WebPage\",\"@id\":\"https:\/\/www.panonskavas.si\/okusi-prekmurje\/\",\"url\":\"https:\/\/www.panonskavas.si\/okusi-prekmurje\/\",\"name\":\"Okusi prekmurje - Panonska vas\",\"isPartOf\":{\"@id\":\"https:\/\/www.panonskavas.si\/#website\"},\"primaryImageOfPage\":{\"@id\":\"https:\/\/www.panonskavas.si\/okusi-prekmurje\/#primaryimage\"},\"image\":{\"@id\":\"https:\/\/www.panonskavas.si\/okusi-prekmurje\/#primaryimage\"},\"thumbnailUrl\":\"https:\/\/www.panonskavas.si\/wp-content\/uploads\/2022\/07\/31507792766IMG_1093.jpg\",\"datePublished\":\"2022-07-24T20:13:46+00:00\",\"dateModified\":\"2022-08-03T11:43:31+00:00\",\"breadcrumb\":{\"@id\":\"https:\/\/www.panonskavas.si\/okusi-prekmurje\/#breadcrumb\"},\"inLanguage\":\"hu\",\"potentialAction\":[{\"@type\":\"ReadAction\",\"target\":[\"https:\/\/www.panonskavas.si\/okusi-prekmurje\/\"]}]},{\"@type\":\"ImageObject\",\"inLanguage\":\"hu\",\"@id\":\"https:\/\/www.panonskavas.si\/okusi-prekmurje\/#primaryimage\",\"url\":\"https:\/\/www.panonskavas.si\/wp-content\/uploads\/2022\/07\/31507792766IMG_1093.jpg\",\"contentUrl\":\"https:\/\/www.panonskavas.si\/wp-content\/uploads\/2022\/07\/31507792766IMG_1093.jpg\"},{\"@type\":\"BreadcrumbList\",\"@id\":\"https:\/\/www.panonskavas.si\/okusi-prekmurje\/#breadcrumb\",\"itemListElement\":[{\"@type\":\"ListItem\",\"position\":1,\"name\":\"Home\",\"item\":\"https:\/\/www.panonskavas.si\/\"},{\"@type\":\"ListItem\",\"position\":2,\"name\":\"Okusi prekmurje\"}]},{\"@type\":\"WebSite\",\"@id\":\"https:\/\/www.panonskavas.si\/#website\",\"url\":\"https:\/\/www.panonskavas.si\/\",\"name\":\"Panonska vas\",\"description\":\"\",\"publisher\":{\"@id\":\"https:\/\/www.panonskavas.si\/#organization\"},\"potentialAction\":[{\"@type\":\"SearchAction\",\"target\":{\"@type\":\"EntryPoint\",\"urlTemplate\":\"https:\/\/www.panonskavas.si\/?s={search_term_string}\"},\"query-input\":{\"@type\":\"PropertyValueSpecification\",\"valueRequired\":true,\"valueName\":\"search_term_string\"}}],\"inLanguage\":\"hu\"},{\"@type\":\"Organization\",\"@id\":\"https:\/\/www.panonskavas.si\/#organization\",\"name\":\"Panonska vas\",\"url\":\"https:\/\/www.panonskavas.si\/\",\"logo\":{\"@type\":\"ImageObject\",\"inLanguage\":\"hu\",\"@id\":\"https:\/\/www.panonskavas.si\/#\/schema\/logo\/image\/\",\"url\":\"https:\/\/www.panonskavas.si\/wp-content\/uploads\/2022\/07\/panonskavas-logo.png\",\"contentUrl\":\"https:\/\/www.panonskavas.si\/wp-content\/uploads\/2022\/07\/panonskavas-logo.png\",\"width\":221,\"height\":69,\"caption\":\"Panonska vas\"},\"image\":{\"@id\":\"https:\/\/www.panonskavas.si\/#\/schema\/logo\/image\/\"}}]}<\/script>\n<!-- \/ Yoast SEO plugin. -->","yoast_head_json":{"title":"Okusi prekmurje - Panonska vas","robots":{"index":"index","follow":"follow","max-snippet":"max-snippet:-1","max-image-preview":"max-image-preview:large","max-video-preview":"max-video-preview:-1"},"canonical":"https:\/\/www.panonskavas.si\/hu\/okusi-prekmurje\/","og_locale":"hu_HU","og_type":"article","og_title":"Okusi prekmurje - Panonska vas","og_description":"Aktivni oddih Aktivni turisti se odlo\u010dajo predvsem za kratke, pogoste oddihe, kjer imajo mo\u017enost kolesariti, imeti pohod ali te\u010di, zato je primerno, da se ponudba zastavi za eno no\u010ditev, nato pa se jih motivira, da se odlo\u010dijo za ve\u010dje \u0161tevilo no\u010ditev. Tem turistom je pomembno, da koristijo kratek oddih v naravi, mirni okolici, kjer si [&hellip;]","og_url":"https:\/\/www.panonskavas.si\/hu\/okusi-prekmurje\/","og_site_name":"Panonska vas","article_modified_time":"2022-08-03T11:43:31+00:00","og_image":[{"url":"https:\/\/www.panonskavas.si\/wp-content\/uploads\/2022\/07\/31507792766IMG_1093.jpg","type":"","width":"","height":""}],"twitter_card":"summary_large_image","twitter_misc":{"Becs\u00fclt olvas\u00e1si id\u0151":"2 perc"},"schema":{"@context":"https:\/\/schema.org","@graph":[{"@type":"WebPage","@id":"https:\/\/www.panonskavas.si\/okusi-prekmurje\/","url":"https:\/\/www.panonskavas.si\/okusi-prekmurje\/","name":"Okusi prekmurje - Panonska vas","isPartOf":{"@id":"https:\/\/www.panonskavas.si\/#website"},"primaryImageOfPage":{"@id":"https:\/\/www.panonskavas.si\/okusi-prekmurje\/#primaryimage"},"image":{"@id":"https:\/\/www.panonskavas.si\/okusi-prekmurje\/#primaryimage"},"thumbnailUrl":"https:\/\/www.panonskavas.si\/wp-content\/uploads\/2022\/07\/31507792766IMG_1093.jpg","datePublished":"2022-07-24T20:13:46+00:00","dateModified":"2022-08-03T11:43:31+00:00","breadcrumb":{"@id":"https:\/\/www.panonskavas.si\/okusi-prekmurje\/#breadcrumb"},"inLanguage":"hu","potentialAction":[{"@type":"ReadAction","target":["https:\/\/www.panonskavas.si\/okusi-prekmurje\/"]}]},{"@type":"ImageObject","inLanguage":"hu","@id":"https:\/\/www.panonskavas.si\/okusi-prekmurje\/#primaryimage","url":"https:\/\/www.panonskavas.si\/wp-content\/uploads\/2022\/07\/31507792766IMG_1093.jpg","contentUrl":"https:\/\/www.panonskavas.si\/wp-content\/uploads\/2022\/07\/31507792766IMG_1093.jpg"},{"@type":"BreadcrumbList","@id":"https:\/\/www.panonskavas.si\/okusi-prekmurje\/#breadcrumb","itemListElement":[{"@type":"ListItem","position":1,"name":"Home","item":"https:\/\/www.panonskavas.si\/"},{"@type":"ListItem","position":2,"name":"Okusi prekmurje"}]},{"@type":"WebSite","@id":"https:\/\/www.panonskavas.si\/#website","url":"https:\/\/www.panonskavas.si\/","name":"Panonska vas","description":"","publisher":{"@id":"https:\/\/www.panonskavas.si\/#organization"},"potentialAction":[{"@type":"SearchAction","target":{"@type":"EntryPoint","urlTemplate":"https:\/\/www.panonskavas.si\/?s={search_term_string}"},"query-input":{"@type":"PropertyValueSpecification","valueRequired":true,"valueName":"search_term_string"}}],"inLanguage":"hu"},{"@type":"Organization","@id":"https:\/\/www.panonskavas.si\/#organization","name":"Panonska vas","url":"https:\/\/www.panonskavas.si\/","logo":{"@type":"ImageObject","inLanguage":"hu","@id":"https:\/\/www.panonskavas.si\/#\/schema\/logo\/image\/","url":"https:\/\/www.panonskavas.si\/wp-content\/uploads\/2022\/07\/panonskavas-logo.png","contentUrl":"https:\/\/www.panonskavas.si\/wp-content\/uploads\/2022\/07\/panonskavas-logo.png","width":221,"height":69,"caption":"Panonska vas"},"image":{"@id":"https:\/\/www.panonskavas.si\/#\/schema\/logo\/image\/"}}]}},"_links":{"self":[{"href":"https:\/\/www.panonskavas.si\/hu\/wp-json\/wp\/v2\/pages\/225","targetHints":{"allow":["GET"]}}],"collection":[{"href":"https:\/\/www.panonskavas.si\/hu\/wp-json\/wp\/v2\/pages"}],"about":[{"href":"https:\/\/www.panonskavas.si\/hu\/wp-json\/wp\/v2\/types\/page"}],"author":[{"embeddable":true,"href":"https:\/\/www.panonskavas.si\/hu\/wp-json\/wp\/v2\/users\/2"}],"replies":[{"embeddable":true,"href":"https:\/\/www.panonskavas.si\/hu\/wp-json\/wp\/v2\/comments?post=225"}],"version-history":[{"count":34,"href":"https:\/\/www.panonskavas.si\/hu\/wp-json\/wp\/v2\/pages\/225\/revisions"}],"predecessor-version":[{"id":1478,"href":"https:\/\/www.panonskavas.si\/hu\/wp-json\/wp\/v2\/pages\/225\/revisions\/1478"}],"wp:attachment":[{"href":"https:\/\/www.panonskavas.si\/hu\/wp-json\/wp\/v2\/media?parent=225"}],"curies":[{"name":"wp","href":"https:\/\/api.w.org\/{rel}","templated":true}]}}