{"id":223,"date":"2022-07-24T21:04:09","date_gmt":"2022-07-24T20:04:09","guid":{"rendered":"https:\/\/www.panonskavas.si\/?page_id=223"},"modified":"2022-08-03T12:43:09","modified_gmt":"2022-08-03T11:43:09","slug":"obuditev-gorckih-domov-skozi-turizem","status":"publish","type":"page","link":"https:\/\/www.panonskavas.si\/hu\/obuditev-gorckih-domov-skozi-turizem\/","title":{"rendered":"A GOR\u010cKA OTTHONOK FEL\u00c9LESZT\u00c9SE A TURIZMUS \u00c1LTAL"},"content":{"rendered":"<div data-elementor-type=\"wp-page\" data-elementor-id=\"223\" class=\"elementor elementor-223\">\n\t\t\t\t\t\t\t\t\t<section class=\"elementor-section elementor-top-section elementor-element elementor-element-4a06536 elementor-section-stretched elementor-section-boxed elementor-section-height-default elementor-section-height-default\" data-id=\"4a06536\" data-element_type=\"section\" data-settings=\"{&quot;stretch_section&quot;:&quot;section-stretched&quot;,&quot;background_background&quot;:&quot;classic&quot;}\">\n\t\t\t\t\t\t\t<div class=\"elementor-background-overlay\"><\/div>\n\t\t\t\t\t\t\t<div class=\"elementor-container elementor-column-gap-default\">\n\t\t\t\t\t<div class=\"elementor-column elementor-col-100 elementor-top-column elementor-element elementor-element-f2fc3df\" data-id=\"f2fc3df\" data-element_type=\"column\">\n\t\t\t<div class=\"elementor-widget-wrap elementor-element-populated\">\n\t\t\t\t\t\t\t\t<div class=\"elementor-element elementor-element-d7982ed header-text elementor-widget elementor-widget-heading\" data-id=\"d7982ed\" data-element_type=\"widget\" data-widget_type=\"heading.default\">\n\t\t\t\t<div class=\"elementor-widget-container\">\n\t\t\t<style>\/*! elementor - v3.12.2 - 23-04-2023 *\/\n.elementor-heading-title{padding:0;margin:0;line-height:1}.elementor-widget-heading .elementor-heading-title[class*=elementor-size-]>a{color:inherit;font-size:inherit;line-height:inherit}.elementor-widget-heading .elementor-heading-title.elementor-size-small{font-size:15px}.elementor-widget-heading .elementor-heading-title.elementor-size-medium{font-size:19px}.elementor-widget-heading .elementor-heading-title.elementor-size-large{font-size:29px}.elementor-widget-heading .elementor-heading-title.elementor-size-xl{font-size:39px}.elementor-widget-heading .elementor-heading-title.elementor-size-xxl{font-size:59px}<\/style><h2 class=\"elementor-heading-title elementor-size-default\">A GOR\u010cKA OTTHONOK FEL\u00c9LESZT\u00c9SE A TURIZMUS \u00c1LTAL<\/h2>\t\t<\/div>\n\t\t\t\t<\/div>\n\t\t\t\t\t<\/div>\n\t\t<\/div>\n\t\t\t\t\t\t\t<\/div>\n\t\t<\/section>\n\t\t\t\t<section class=\"elementor-section elementor-top-section elementor-element elementor-element-e73932c elementor-section-boxed elementor-section-height-default elementor-section-height-default\" data-id=\"e73932c\" data-element_type=\"section\">\n\t\t\t\t\t\t<div class=\"elementor-container elementor-column-gap-default\">\n\t\t\t\t\t<div class=\"elementor-column elementor-col-100 elementor-top-column elementor-element elementor-element-d48d51b\" data-id=\"d48d51b\" data-element_type=\"column\">\n\t\t\t<div class=\"elementor-widget-wrap elementor-element-populated\">\n\t\t\t\t\t\t\t\t<div class=\"elementor-element elementor-element-6a68ce7 elementor-widget elementor-widget-text-editor\" data-id=\"6a68ce7\" data-element_type=\"widget\" data-widget_type=\"text-editor.default\">\n\t\t\t\t<div class=\"elementor-widget-container\">\n\t\t\t<style>\/*! elementor - v3.12.2 - 23-04-2023 *\/\n.elementor-widget-text-editor.elementor-drop-cap-view-stacked .elementor-drop-cap{background-color:#69727d;color:#fff}.elementor-widget-text-editor.elementor-drop-cap-view-framed .elementor-drop-cap{color:#69727d;border:3px solid;background-color:transparent}.elementor-widget-text-editor:not(.elementor-drop-cap-view-default) .elementor-drop-cap{margin-top:8px}.elementor-widget-text-editor:not(.elementor-drop-cap-view-default) .elementor-drop-cap-letter{width:1em;height:1em}.elementor-widget-text-editor .elementor-drop-cap{float:left;text-align:center;line-height:1;font-size:50px}.elementor-widget-text-editor .elementor-drop-cap-letter{display:inline-block}<\/style>\t\t\t\t<p>A k\u00f6z\u00f6ss\u00e9gvez\u00e9relt helyi fejleszt\u00e9s - mez\u0151gazdas\u00e1g (3.JR) strat\u00e9gi\u00e1ja szerinti m\u0171veletek megval\u00f3s\u00edt\u00e1s\u00e1nak t\u00e1mogat\u00e1sa<\/p><p><a href=\"https:\/\/www.program-podezelja.si\/\" target=\"_blank\" rel=\"noopener\"><img loading=\"lazy\" decoding=\"async\" src=\"https:\/\/panonskavas.si\/data\/galerija\/6573480be549e463865af096d7ff5ea3c84d6c20\/1657104869evropski_kmetijski_sklad_za_razvoj_podezelja.jpg\" alt=\"\" width=\"604\" height=\"149\" \/><\/a><\/p><p>C\u00cdM: OTTHONOK FEL\u00c9LESZT\u00c9SE A TURIZMUS \u00c1LTAL<\/p><p>ID\u0150TARTAM: 2021. okt\u00f3ber - 2022. szeptember<\/p><p>A projekt \u00f6ssz\u00e9rt\u00e9ke: 27 500,36 EUR<\/p><p>A projekt az Eur\u00f3pai Mez\u0151gazdas\u00e1gi Vid\u00e9kfejleszt\u00e9si Alap t\u00e1rsfinansz\u00edroz\u00e1s\u00e1val val\u00f3sul meg 16 210,55 eur\u00f3 \u00e9rt\u00e9kben.<\/p><p>\u00a0A m\u0171k\u00f6d\u00e9ssel LAS Gori\u010dko t\u00e9rs\u00e9g\u00e9nek turisztikai vonzerej\u00e9t szeretn\u00e9nk jav\u00edtani az\u00e1ltal, hogy \u00f6sszekapcsoljuk a turisztikai ill<\/p><p>program a fenntarthat\u00f3 turizmus innovat\u00edv term\u00e9k\u00e9v\u00e9 v\u00e1lik, \u00e9s el\u0151seg\u00edti a term\u00e9szet meg\u0151rz\u00e9s\u00e9t,<\/p><p>kultur\u00e1lis \u00e9s t\u00f6rt\u00e9nelmi \u00f6r\u00f6ks\u00e9g LAS Gori\u010dko ter\u00fclet\u00e9n. \u00daj turist\u00e1t ind\u00edtunk<\/p><p>Gori\u010dko otthoni term\u00e9k. Ily m\u00f3don k\u00f6zvetve n\u00f6velj\u00fck a f\u00fcggetlen egys\u00e9gek - sz\u00e1ll\u00e1shelyek sz\u00e1m\u00e1t a LAS ter\u00fclet\u00e9n, n\u00f6velj\u00fck az \u00e9jszak\u00e1z\u00e1sok sz\u00e1m\u00e1t, \u00e9s er\u0151s partneri h\u00e1l\u00f3zatot hozunk l\u00e9tre a Gori\u010dko otthonokban \u00e9jszak\u00e1z\u00f3 turist\u00e1k t\u00e1mogat\u00e1si programjainak fejleszt\u00e9s\u00e9re. .<\/p><p>\u00a0C\u00c9LKIT\u0170Z\u00c9SEK:<\/p><ul><li>Innovat\u00edv k\u00f6z- \u00e9s mag\u00e1nszf\u00e9ra k\u00f6z\u00f6tti partners\u00e9g l\u00e9trehoz\u00e1sa \u00e9s egy \u00faj sz\u00e1ll\u00e1shely elind\u00edt\u00e1sa a Gori\u010dko otthonokban 2021. szeptember 30-ig, ahol k\u00e9t t\u00e1rsadalmi v\u00e1llalkoz\u00e1st bevonunk, \u00e9s ennek k\u00f6vetkezt\u00e9ben term\u00e9kmarketingen kereszt\u00fcl er\u0151s\u00edtj\u00fck a v\u00e1llalkoz\u00f3i aktivit\u00e1st \u00e9s a szoci\u00e1lis v\u00e1llalkoz\u00e1s ismereteit.<\/li><li>Hozzon l\u00e9tre egy m\u00e1rk\u00e1t, \u00e9s 2021. szeptember 30-ig mutassa be a nagyk\u00f6z\u00f6ns\u00e9gnek az \u00faj turisztikai term\u00e9ket, a Gori\u010dko otthonait.<\/li><li>2022. szeptember 30-ig hozzon l\u00e9tre egy \u00faj inform\u00e1ci\u00f3s pontot, amely seg\u00edti a sz\u00e1ll\u00e1shelyek fejleszt\u00e9s\u00e9t \u00e9s a turist\u00e1k sz\u00e1m\u00e1ra ny\u00fajtott anim\u00e1ci\u00f3s szolg\u00e1ltat\u00e1sokat Gori\u010dko LAS ter\u00fclet\u00e9n.<\/li><li>Hozzon l\u00e9tre \u00e9s \u00e9rt\u00e9kes\u00edtsen egy \u00faj Gori\u010dko lak\u00e1skatal\u00f3gust \u2013 tapasztalatok Gori\u010dko k\u00f6zpontj\u00e1ban 2022.09.30-ig.<\/li><li>Hozza l\u00e9tre \u00e9s ind\u00edtsa el az els\u0151 saj\u00e1t Gori\u010dko otthonfoglal\u00e1si platformot 2021. szeptember 30-ig.<\/li><\/ul><p>\u00a0<\/p><p>EREDM\u00c9NYEK:<\/p><p>\u00a0 \u2013 \u00daj partners\u00e9g a Gori\u010dko homes turisztikai term\u00e9k l\u00e9trehoz\u00e1s\u00e1ra<\/p><p>\u00a0 \u2013 \u00daj inform\u00e1ci\u00f3s pont az ingatlantulajdonosok sz\u00e1m\u00e1ra sz\u00e1ll\u00e1shely kialak\u00edt\u00e1s\u00e1hoz<\/p><p>\u00a0 \u2013 \u00daj sz\u00e1ll\u00e1slehet\u0151s\u00e9g Gori\u010dk\u00f3ban a Gori\u010dko homes term\u00e9kben \u2013 felt\u00e1madt egy elhagyott Gori\u010dko h\u00e1z<\/p><p>\u00a0 \u2013 \u00daj Gori\u010dko lak\u00e1sm\u00e1rka<\/p><p>\u00a0 \u2013 \u00daj Gori\u010dko lak\u00e1sfoglal\u00e1si rendszer<\/p><p>\u00a0<\/p><p>Az Eur\u00f3pai Bizotts\u00e1g honlapja:\u00a0<a href=\"https:\/\/ec.europa.eu\/info\/food-farming-fisheries\/key-policies\/common-agricultural-policy\/rural-development\" target=\"_blank\" rel=\"noopener\">https:\/\/ec.europa.eu\/info\/food-farming-fisheries\/key-policies\/common-agricultural-policy\/rural-development<\/a><\/p><p>A Vid\u00e9kfejleszt\u00e9si Program honlapja:\u00a0<a href=\"https:\/\/www.program-podezelja.si\/\" target=\"_blank\" rel=\"noopener\">https:\/\/www.program-podezelja.si<\/a><\/p>\t\t\t\t\t\t<\/div>\n\t\t\t\t<\/div>\n\t\t\t\t\t<\/div>\n\t\t<\/div>\n\t\t\t\t\t\t\t<\/div>\n\t\t<\/section>\n\t\t\t\t\t\t\t<\/div>","protected":false},"excerpt":{"rendered":"<p>A k\u00f6z\u00f6ss\u00e9gvez\u00e9relt helyi fejleszt\u00e9si strat\u00e9gia - mez\u0151gazdas\u00e1g (3.JR) keret\u00e9ben megval\u00f3sul\u00f3 m\u0171veletek t\u00e1mogat\u00e1sa C\u00cdM: OTTHONOK FEL\u00c9LESZT\u00c9SE A TRAJANE TURIZMUSB\u00d3L: 2021. okt\u00f3ber - 2022. szeptember A projekt \u00f6ssz\u00e9rt\u00e9ke: 27 500,36 EUR A projekt t\u00e1rsfinansz\u00edroz\u00e1s\u00fa az Eur\u00f3pai Mez\u0151gazdas\u00e1gi Vid\u00e9kfejleszt\u00e9si Alapb\u00f3l 16 210,55 eur\u00f3 \u00e9rt\u00e9kben. A m\u0171velettel LAS Gori\u010dko t\u00e9rs\u00e9g\u00e9nek turisztikai vonzerej\u00e9t szeretn\u00e9nk jav\u00edtani [\u2026]<\/p>","protected":false},"author":3,"featured_media":0,"parent":0,"menu_order":0,"comment_status":"closed","ping_status":"closed","template":"","meta":{"footnotes":""},"class_list":["post-223","page","type-page","status-publish","hentry"],"yoast_head":"<!-- This site is optimized with the Yoast SEO plugin v24.0 - https:\/\/yoast.com\/wordpress\/plugins\/seo\/ -->\n<title>OBUDITEV GOR\u010cKIH DOMOV SKOZI TURIZEM - Panonska vas<\/title>\n<meta name=\"robots\" content=\"index, follow, max-snippet:-1, max-image-preview:large, max-video-preview:-1\" \/>\n<link rel=\"canonical\" href=\"https:\/\/www.panonskavas.si\/hu\/obuditev-gorckih-domov-skozi-turizem\/\" \/>\n<meta property=\"og:locale\" content=\"hu_HU\" \/>\n<meta property=\"og:type\" content=\"article\" \/>\n<meta property=\"og:title\" content=\"OBUDITEV GOR\u010cKIH DOMOV SKOZI TURIZEM - Panonska vas\" \/>\n<meta property=\"og:description\" content=\"Podpora za izvajanje operacij v okviru strategije lokalnega razvoja, ki ga vodi skupnost &#8211; kmetijstvo (3.JR) NAZIV: OBUDITEV DOMOV\u00a0SKOZI TURIZEM TRAJANE:\u00a0 oktober 2021- september 2022 Skupna vrednost projekta: 27,500,36 EUR Projekt je sofinanciran s strani Evropskega kmetijskega sklada za razvoj pode\u017eelja v vi\u0161ini 16.210,55 EUR. \u00a0Z operacijo \u017eelimo izbolj\u0161ati turisti\u010dno privla\u010dnost obmo\u010dja LAS Gori\u010dko s [&hellip;]\" \/>\n<meta property=\"og:url\" content=\"https:\/\/www.panonskavas.si\/hu\/obuditev-gorckih-domov-skozi-turizem\/\" \/>\n<meta property=\"og:site_name\" content=\"Panonska vas\" \/>\n<meta property=\"article:modified_time\" content=\"2022-08-03T11:43:09+00:00\" \/>\n<meta property=\"og:image\" content=\"https:\/\/panonskavas.si\/data\/galerija\/6573480be549e463865af096d7ff5ea3c84d6c20\/1657104869evropski_kmetijski_sklad_za_razvoj_podezelja.jpg\" \/>\n<meta name=\"twitter:card\" content=\"summary_large_image\" \/>\n<meta name=\"twitter:label1\" content=\"Becs\u00fclt olvas\u00e1si id\u0151\" \/>\n\t<meta name=\"twitter:data1\" content=\"2 perc\" \/>\n<script type=\"application\/ld+json\" class=\"yoast-schema-graph\">{\"@context\":\"https:\/\/schema.org\",\"@graph\":[{\"@type\":\"WebPage\",\"@id\":\"https:\/\/www.panonskavas.si\/obuditev-gorckih-domov-skozi-turizem\/\",\"url\":\"https:\/\/www.panonskavas.si\/obuditev-gorckih-domov-skozi-turizem\/\",\"name\":\"OBUDITEV GOR\u010cKIH DOMOV SKOZI TURIZEM - Panonska vas\",\"isPartOf\":{\"@id\":\"https:\/\/www.panonskavas.si\/#website\"},\"primaryImageOfPage\":{\"@id\":\"https:\/\/www.panonskavas.si\/obuditev-gorckih-domov-skozi-turizem\/#primaryimage\"},\"image\":{\"@id\":\"https:\/\/www.panonskavas.si\/obuditev-gorckih-domov-skozi-turizem\/#primaryimage\"},\"thumbnailUrl\":\"https:\/\/panonskavas.si\/data\/galerija\/6573480be549e463865af096d7ff5ea3c84d6c20\/1657104869evropski_kmetijski_sklad_za_razvoj_podezelja.jpg\",\"datePublished\":\"2022-07-24T20:04:09+00:00\",\"dateModified\":\"2022-08-03T11:43:09+00:00\",\"breadcrumb\":{\"@id\":\"https:\/\/www.panonskavas.si\/obuditev-gorckih-domov-skozi-turizem\/#breadcrumb\"},\"inLanguage\":\"hu\",\"potentialAction\":[{\"@type\":\"ReadAction\",\"target\":[\"https:\/\/www.panonskavas.si\/obuditev-gorckih-domov-skozi-turizem\/\"]}]},{\"@type\":\"ImageObject\",\"inLanguage\":\"hu\",\"@id\":\"https:\/\/www.panonskavas.si\/obuditev-gorckih-domov-skozi-turizem\/#primaryimage\",\"url\":\"https:\/\/panonskavas.si\/data\/galerija\/6573480be549e463865af096d7ff5ea3c84d6c20\/1657104869evropski_kmetijski_sklad_za_razvoj_podezelja.jpg\",\"contentUrl\":\"https:\/\/panonskavas.si\/data\/galerija\/6573480be549e463865af096d7ff5ea3c84d6c20\/1657104869evropski_kmetijski_sklad_za_razvoj_podezelja.jpg\"},{\"@type\":\"BreadcrumbList\",\"@id\":\"https:\/\/www.panonskavas.si\/obuditev-gorckih-domov-skozi-turizem\/#breadcrumb\",\"itemListElement\":[{\"@type\":\"ListItem\",\"position\":1,\"name\":\"Home\",\"item\":\"https:\/\/www.panonskavas.si\/\"},{\"@type\":\"ListItem\",\"position\":2,\"name\":\"OBUDITEV GOR\u010cKIH DOMOV SKOZI TURIZEM\"}]},{\"@type\":\"WebSite\",\"@id\":\"https:\/\/www.panonskavas.si\/#website\",\"url\":\"https:\/\/www.panonskavas.si\/\",\"name\":\"Panonska vas\",\"description\":\"\",\"publisher\":{\"@id\":\"https:\/\/www.panonskavas.si\/#organization\"},\"potentialAction\":[{\"@type\":\"SearchAction\",\"target\":{\"@type\":\"EntryPoint\",\"urlTemplate\":\"https:\/\/www.panonskavas.si\/?s={search_term_string}\"},\"query-input\":{\"@type\":\"PropertyValueSpecification\",\"valueRequired\":true,\"valueName\":\"search_term_string\"}}],\"inLanguage\":\"hu\"},{\"@type\":\"Organization\",\"@id\":\"https:\/\/www.panonskavas.si\/#organization\",\"name\":\"Panonska vas\",\"url\":\"https:\/\/www.panonskavas.si\/\",\"logo\":{\"@type\":\"ImageObject\",\"inLanguage\":\"hu\",\"@id\":\"https:\/\/www.panonskavas.si\/#\/schema\/logo\/image\/\",\"url\":\"https:\/\/www.panonskavas.si\/wp-content\/uploads\/2022\/07\/panonskavas-logo.png\",\"contentUrl\":\"https:\/\/www.panonskavas.si\/wp-content\/uploads\/2022\/07\/panonskavas-logo.png\",\"width\":221,\"height\":69,\"caption\":\"Panonska vas\"},\"image\":{\"@id\":\"https:\/\/www.panonskavas.si\/#\/schema\/logo\/image\/\"}}]}<\/script>\n<!-- \/ Yoast SEO plugin. -->","yoast_head_json":{"title":"OBUDITEV GOR\u010cKIH DOMOV SKOZI TURIZEM - Panonska vas","robots":{"index":"index","follow":"follow","max-snippet":"max-snippet:-1","max-image-preview":"max-image-preview:large","max-video-preview":"max-video-preview:-1"},"canonical":"https:\/\/www.panonskavas.si\/hu\/obuditev-gorckih-domov-skozi-turizem\/","og_locale":"hu_HU","og_type":"article","og_title":"OBUDITEV GOR\u010cKIH DOMOV SKOZI TURIZEM - Panonska vas","og_description":"Podpora za izvajanje operacij v okviru strategije lokalnega razvoja, ki ga vodi skupnost &#8211; kmetijstvo (3.JR) NAZIV: OBUDITEV DOMOV\u00a0SKOZI TURIZEM TRAJANE:\u00a0 oktober 2021- september 2022 Skupna vrednost projekta: 27,500,36 EUR Projekt je sofinanciran s strani Evropskega kmetijskega sklada za razvoj pode\u017eelja v vi\u0161ini 16.210,55 EUR. \u00a0Z operacijo \u017eelimo izbolj\u0161ati turisti\u010dno privla\u010dnost obmo\u010dja LAS Gori\u010dko s [&hellip;]","og_url":"https:\/\/www.panonskavas.si\/hu\/obuditev-gorckih-domov-skozi-turizem\/","og_site_name":"Panonska vas","article_modified_time":"2022-08-03T11:43:09+00:00","og_image":[{"url":"https:\/\/panonskavas.si\/data\/galerija\/6573480be549e463865af096d7ff5ea3c84d6c20\/1657104869evropski_kmetijski_sklad_za_razvoj_podezelja.jpg","type":"","width":"","height":""}],"twitter_card":"summary_large_image","twitter_misc":{"Becs\u00fclt olvas\u00e1si id\u0151":"2 perc"},"schema":{"@context":"https:\/\/schema.org","@graph":[{"@type":"WebPage","@id":"https:\/\/www.panonskavas.si\/obuditev-gorckih-domov-skozi-turizem\/","url":"https:\/\/www.panonskavas.si\/obuditev-gorckih-domov-skozi-turizem\/","name":"OBUDITEV GOR\u010cKIH DOMOV SKOZI TURIZEM - Panonska vas","isPartOf":{"@id":"https:\/\/www.panonskavas.si\/#website"},"primaryImageOfPage":{"@id":"https:\/\/www.panonskavas.si\/obuditev-gorckih-domov-skozi-turizem\/#primaryimage"},"image":{"@id":"https:\/\/www.panonskavas.si\/obuditev-gorckih-domov-skozi-turizem\/#primaryimage"},"thumbnailUrl":"https:\/\/panonskavas.si\/data\/galerija\/6573480be549e463865af096d7ff5ea3c84d6c20\/1657104869evropski_kmetijski_sklad_za_razvoj_podezelja.jpg","datePublished":"2022-07-24T20:04:09+00:00","dateModified":"2022-08-03T11:43:09+00:00","breadcrumb":{"@id":"https:\/\/www.panonskavas.si\/obuditev-gorckih-domov-skozi-turizem\/#breadcrumb"},"inLanguage":"hu","potentialAction":[{"@type":"ReadAction","target":["https:\/\/www.panonskavas.si\/obuditev-gorckih-domov-skozi-turizem\/"]}]},{"@type":"ImageObject","inLanguage":"hu","@id":"https:\/\/www.panonskavas.si\/obuditev-gorckih-domov-skozi-turizem\/#primaryimage","url":"https:\/\/panonskavas.si\/data\/galerija\/6573480be549e463865af096d7ff5ea3c84d6c20\/1657104869evropski_kmetijski_sklad_za_razvoj_podezelja.jpg","contentUrl":"https:\/\/panonskavas.si\/data\/galerija\/6573480be549e463865af096d7ff5ea3c84d6c20\/1657104869evropski_kmetijski_sklad_za_razvoj_podezelja.jpg"},{"@type":"BreadcrumbList","@id":"https:\/\/www.panonskavas.si\/obuditev-gorckih-domov-skozi-turizem\/#breadcrumb","itemListElement":[{"@type":"ListItem","position":1,"name":"Home","item":"https:\/\/www.panonskavas.si\/"},{"@type":"ListItem","position":2,"name":"OBUDITEV GOR\u010cKIH DOMOV SKOZI TURIZEM"}]},{"@type":"WebSite","@id":"https:\/\/www.panonskavas.si\/#website","url":"https:\/\/www.panonskavas.si\/","name":"Panonska vas","description":"","publisher":{"@id":"https:\/\/www.panonskavas.si\/#organization"},"potentialAction":[{"@type":"SearchAction","target":{"@type":"EntryPoint","urlTemplate":"https:\/\/www.panonskavas.si\/?s={search_term_string}"},"query-input":{"@type":"PropertyValueSpecification","valueRequired":true,"valueName":"search_term_string"}}],"inLanguage":"hu"},{"@type":"Organization","@id":"https:\/\/www.panonskavas.si\/#organization","name":"Panonska vas","url":"https:\/\/www.panonskavas.si\/","logo":{"@type":"ImageObject","inLanguage":"hu","@id":"https:\/\/www.panonskavas.si\/#\/schema\/logo\/image\/","url":"https:\/\/www.panonskavas.si\/wp-content\/uploads\/2022\/07\/panonskavas-logo.png","contentUrl":"https:\/\/www.panonskavas.si\/wp-content\/uploads\/2022\/07\/panonskavas-logo.png","width":221,"height":69,"caption":"Panonska vas"},"image":{"@id":"https:\/\/www.panonskavas.si\/#\/schema\/logo\/image\/"}}]}},"_links":{"self":[{"href":"https:\/\/www.panonskavas.si\/hu\/wp-json\/wp\/v2\/pages\/223","targetHints":{"allow":["GET"]}}],"collection":[{"href":"https:\/\/www.panonskavas.si\/hu\/wp-json\/wp\/v2\/pages"}],"about":[{"href":"https:\/\/www.panonskavas.si\/hu\/wp-json\/wp\/v2\/types\/page"}],"author":[{"embeddable":true,"href":"https:\/\/www.panonskavas.si\/hu\/wp-json\/wp\/v2\/users\/3"}],"replies":[{"embeddable":true,"href":"https:\/\/www.panonskavas.si\/hu\/wp-json\/wp\/v2\/comments?post=223"}],"version-history":[{"count":7,"href":"https:\/\/www.panonskavas.si\/hu\/wp-json\/wp\/v2\/pages\/223\/revisions"}],"predecessor-version":[{"id":1475,"href":"https:\/\/www.panonskavas.si\/hu\/wp-json\/wp\/v2\/pages\/223\/revisions\/1475"}],"wp:attachment":[{"href":"https:\/\/www.panonskavas.si\/hu\/wp-json\/wp\/v2\/media?parent=223"}],"curies":[{"name":"wp","href":"https:\/\/api.w.org\/{rel}","templated":true}]}}