{"id":1839,"date":"2023-10-10T11:07:13","date_gmt":"2023-10-10T10:07:13","guid":{"rendered":"https:\/\/www.panonskavas.si\/?page_id=1839"},"modified":"2023-10-11T10:30:07","modified_gmt":"2023-10-11T09:30:07","slug":"zeleni-kljuc","status":"publish","type":"page","link":"https:\/\/www.panonskavas.si\/hu\/zeleni-kljuc\/","title":{"rendered":"Z\u00f6ld Kulcs"},"content":{"rendered":"<div data-elementor-type=\"wp-page\" data-elementor-id=\"1839\" class=\"elementor elementor-1839\">\n\t\t\t\t\t\t\t\t\t<section class=\"elementor-section elementor-top-section elementor-element elementor-element-f634a95 elementor-section-boxed elementor-section-height-default elementor-section-height-default\" data-id=\"f634a95\" data-element_type=\"section\">\n\t\t\t\t\t\t<div class=\"elementor-container elementor-column-gap-default\">\n\t\t\t\t\t<div class=\"elementor-column elementor-col-100 elementor-top-column elementor-element elementor-element-71e4414\" data-id=\"71e4414\" data-element_type=\"column\">\n\t\t\t<div class=\"elementor-widget-wrap elementor-element-populated\">\n\t\t\t\t\t\t\t\t<div class=\"elementor-element elementor-element-d5881e4 elementor-widget__width-initial elementor-widget elementor-widget-text-editor\" data-id=\"d5881e4\" data-element_type=\"widget\" data-widget_type=\"text-editor.default\">\n\t\t\t\t<div class=\"elementor-widget-container\">\n\t\t\t<style>\/*! elementor - v3.12.2 - 23-04-2023 *\/\n.elementor-widget-text-editor.elementor-drop-cap-view-stacked .elementor-drop-cap{background-color:#69727d;color:#fff}.elementor-widget-text-editor.elementor-drop-cap-view-framed .elementor-drop-cap{color:#69727d;border:3px solid;background-color:transparent}.elementor-widget-text-editor:not(.elementor-drop-cap-view-default) .elementor-drop-cap{margin-top:8px}.elementor-widget-text-editor:not(.elementor-drop-cap-view-default) .elementor-drop-cap-letter{width:1em;height:1em}.elementor-widget-text-editor .elementor-drop-cap{float:left;text-align:center;line-height:1;font-size:50px}.elementor-widget-text-editor .elementor-drop-cap-letter{display:inline-block}<\/style>\t\t\t\t<h1><span class=\"fontstyle0\">Z\u00f6ld Kulcs<\/span><\/h1>\t\t\t\t\t\t<\/div>\n\t\t\t\t<\/div>\n\t\t\t\t<div class=\"elementor-element elementor-element-8c6247b elementor-widget__width-initial elementor-widget elementor-widget-image\" data-id=\"8c6247b\" data-element_type=\"widget\" data-widget_type=\"image.default\">\n\t\t\t\t<div class=\"elementor-widget-container\">\n\t\t\t<style>\/*! elementor - v3.12.2 - 23-04-2023 *\/\n.elementor-widget-image{text-align:center}.elementor-widget-image a{display:inline-block}.elementor-widget-image a img[src$=\".svg\"]{width:48px}.elementor-widget-image img{vertical-align:middle;display:inline-block}<\/style>\t\t\t\t\t\t\t\t\t<figure class=\"wp-caption\">\n\t\t\t\t\t\t\t\t\t\t<img decoding=\"async\" src=\"https:\/\/www.panonskavas.si\/wp-content\/uploads\/elementor\/thumbs\/greenkey_cmyk_notext_small-qdngx618aifa9zily7qhb5xc5rzmfr5doiynthhtk8.jpg\" title=\"Z\u00f6ld Kulcs\" alt=\"Zeleni Kljuc\" loading=\"lazy\" \/>\t\t\t\t\t\t\t\t\t\t\t<figcaption class=\"widget-image-caption wp-caption-text\"><\/figcaption>\n\t\t\t\t\t\t\t\t\t\t<\/figure>\n\t\t\t\t\t\t\t\t\t<\/div>\n\t\t\t\t<\/div>\n\t\t\t\t\t<\/div>\n\t\t<\/div>\n\t\t\t\t\t\t\t<\/div>\n\t\t<\/section>\n\t\t\t\t<section class=\"elementor-section elementor-top-section elementor-element elementor-element-0c94f1a elementor-section-boxed elementor-section-height-default elementor-section-height-default\" data-id=\"0c94f1a\" data-element_type=\"section\">\n\t\t\t\t\t\t<div class=\"elementor-container elementor-column-gap-default\">\n\t\t\t\t\t<div class=\"elementor-column elementor-col-100 elementor-top-column elementor-element elementor-element-7ef505f\" data-id=\"7ef505f\" data-element_type=\"column\">\n\t\t\t<div class=\"elementor-widget-wrap elementor-element-populated\">\n\t\t\t\t\t\t\t\t<div class=\"elementor-element elementor-element-e8e6674 elementor-widget__width-initial elementor-widget elementor-widget-text-editor\" data-id=\"e8e6674\" data-element_type=\"widget\" data-widget_type=\"text-editor.default\">\n\t\t\t\t<div class=\"elementor-widget-container\">\n\t\t\t\t\t\t\t<p><span class=\"fontstyle0\">&nbsp;<\/span><\/p>\n<p><span class=\"fontstyle0\">A Zeleni Klju\u010d a k\u00f6rnyezetv\u00e9delem nemzetk\u00f6zi szimb\u00f3luma, \u00e9s a kiv\u00e1l\u00f3s\u00e1g vezet\u0151 szabv\u00e1nya ezen a ter\u00fcleten<br>k\u00f6rnyezeti felel\u0151ss\u00e9gv\u00e1llal\u00e1s \u00e9s fenntarthat\u00f3 m\u0171k\u00f6d\u00e9s az idegenforgalmi \u00e1gazatban.<\/span><\/p>\n<p><span class=\"fontstyle0\">Ez a k\u00f6rnyezetv\u00e9delmi v\u00e9djegy jelzi a v\u00e1llalatok elk\u00f6telezetts\u00e9g\u00e9t a szigor\u00fa k\u00f6vetelm\u00e9nyek betart\u00e1s\u00e1ra a tan\u00fas\u00edtott l\u00e9tes\u00edtm\u00e9nyekben<br>a Nemzetk\u00f6zi K\u00f6rnyezeti Oktat\u00e1si Alap\u00edtv\u00e1ny FEE \u00e1ltal meghat\u00e1rozott krit\u00e9riumok.<\/span><\/p>\n<p><span class=\"fontstyle0\">A Z\u00f6ld Kulcs k\u00f6rnyezetv\u00e9delmi v\u00e9djegy minden vend\u00e9g\u00fcnk sz\u00e1m\u00e1ra garant\u00e1lja, hogy a min\u0151s\u00edtett turist\u00e1t v\u00e1lasztva<br>k\u00f6zvetlen\u00fcl hozz\u00e1j\u00e1rulnak a k\u00f6rnyezet v\u00e9delm\u00e9hez.<\/span><\/p>\n<p><span class=\"fontstyle0\">A Z\u00f6ld Kulcs program folyamatosan keresi az \u00fczletvitel \u00e9s annak felhaszn\u00e1l\u00e1s\u00e1nak \u00faj \u00e9s fenntarthat\u00f3 m\u00f3djait<br>technol\u00f3gia, azzal a c\u00e9llal, hogy cs\u00f6kkents\u00e9k az er\u0151forr\u00e1s-felhaszn\u00e1l\u00e1st \u00e9s a hullad\u00e9k mennyis\u00e9g\u00e9t<br>a k\u00f6rnyezetre gyakorolt hat\u00e1s \u00e9s a v\u00e1llalati m\u0171k\u00f6d\u00e9si k\u00f6lts\u00e9gek cs\u00f6kkent\u00e9se.<\/span><\/p><p><span class=\"fontstyle0\"><br><\/span><\/p>\n<p><span class=\"fontstyle0\">Az \u00f6koc\u00edmke c\u00e9ljai:<br>A Z\u00f6ld Kulcs program c\u00e9lja a k\u00f6rnyezetbar\u00e1t \u00e9s fenntarthat\u00f3 \u00fczleti m\u00f3dszerek haszn\u00e1lat\u00e1nak n\u00f6vel\u00e9se<br>k\u00f6vetkez\u00e9sk\u00e9ppen cs\u00f6kkenti az er\u0151forr\u00e1sok megoszt\u00e1s\u00e1t, n\u00f6veli a tudatoss\u00e1got \u00e9s v\u00e1ltoztat a mint\u00e1kon<br>az egyes turisztikai l\u00e9tes\u00edtm\u00e9nyekben \u00e9s az idegenforgalmi \u00e1gazatban \u00e9rdekelt felek magatart\u00e1sa.<\/span><\/p><p><span class=\"fontstyle0\"><br><\/span><\/p>\n<p><span class=\"fontstyle0\">Ezen a turisztikai sz\u00e1ll\u00e1shelyen akt\u00edvan hajtjuk v\u00e9gre a k\u00f6rnyezetterhel\u00e9s cs\u00f6kkent\u00e9s\u00e9re ir\u00e1nyul\u00f3 int\u00e9zked\u00e9seket, mert:<br>- \u00f6szt\u00f6n\u00f6zz\u00fck a hullad\u00e9kok sz\u00e9tv\u00e1laszt\u00e1s\u00e1t<br>\u2013 energi\u00e1t \u00e9s vizet takar\u00edtunk meg<br>- \u00f6szt\u00f6n\u00f6zz\u00fck a k\u00f6rnyezetbar\u00e1t k\u00f6zleked\u00e9si eszk\u00f6z\u00f6k haszn\u00e1lat\u00e1t<\/span><\/p>\t\t\t\t\t\t<\/div>\n\t\t\t\t<\/div>\n\t\t\t\t\t<\/div>\n\t\t<\/div>\n\t\t\t\t\t\t\t<\/div>\n\t\t<\/section>\n\t\t\t\t<section class=\"elementor-section elementor-top-section elementor-element elementor-element-2c96470 elementor-section-boxed elementor-section-height-default elementor-section-height-default\" data-id=\"2c96470\" data-element_type=\"section\">\n\t\t\t\t\t\t<div class=\"elementor-container elementor-column-gap-default\">\n\t\t\t\t\t<div class=\"elementor-column elementor-col-100 elementor-top-column elementor-element elementor-element-195ffba\" data-id=\"195ffba\" data-element_type=\"column\">\n\t\t\t<div class=\"elementor-widget-wrap elementor-element-populated\">\n\t\t\t\t\t\t\t\t<div class=\"elementor-element elementor-element-5cc1422 elementor-widget__width-initial elementor-widget elementor-widget-text-editor\" data-id=\"5cc1422\" data-element_type=\"widget\" data-widget_type=\"text-editor.default\">\n\t\t\t\t<div class=\"elementor-widget-container\">\n\t\t\t\t\t\t\t<p><a href=\"http:\/\/www.zelenikljuc.si\" target=\"_blank\" rel=\"noopener\"><span class=\"fontstyle0\">www.zelenikljuc.si<\/span><\/a><\/p>\t\t\t\t\t\t<\/div>\n\t\t\t\t<\/div>\n\t\t\t\t\t<\/div>\n\t\t<\/div>\n\t\t\t\t\t\t\t<\/div>\n\t\t<\/section>\n\t\t\t\t<section class=\"elementor-section elementor-top-section elementor-element elementor-element-9d0f929 elementor-section-boxed elementor-section-height-default elementor-section-height-default\" data-id=\"9d0f929\" data-element_type=\"section\">\n\t\t\t\t\t\t<div class=\"elementor-container elementor-column-gap-default\">\n\t\t\t\t\t<div class=\"elementor-column elementor-col-100 elementor-top-column elementor-element elementor-element-fe2dee3\" data-id=\"fe2dee3\" data-element_type=\"column\">\n\t\t\t<div class=\"elementor-widget-wrap elementor-element-populated\">\n\t\t\t\t\t\t\t\t<div class=\"elementor-element elementor-element-3b0d456 elementor-widget__width-initial elementor-widget elementor-widget-image\" data-id=\"3b0d456\" data-element_type=\"widget\" data-widget_type=\"image.default\">\n\t\t\t\t<div class=\"elementor-widget-container\">\n\t\t\t\t\t\t\t\t\t\t\t\t\t\t\t<img loading=\"lazy\" decoding=\"async\" width=\"300\" height=\"300\" src=\"https:\/\/www.panonskavas.si\/wp-content\/uploads\/2023\/10\/QR-ZeleniKljuc-SI-300x300.png\" class=\"attachment-medium size-medium wp-image-1841\" alt=\"\" srcset=\"https:\/\/www.panonskavas.si\/wp-content\/uploads\/2023\/10\/QR-ZeleniKljuc-SI-300x300.png 300w, https:\/\/www.panonskavas.si\/wp-content\/uploads\/2023\/10\/QR-ZeleniKljuc-SI-150x150.png 150w, https:\/\/www.panonskavas.si\/wp-content\/uploads\/2023\/10\/QR-ZeleniKljuc-SI-12x12.png 12w, https:\/\/www.panonskavas.si\/wp-content\/uploads\/2023\/10\/QR-ZeleniKljuc-SI.png 451w\" sizes=\"auto, (max-width: 300px) 100vw, 300px\" \/>\t\t\t\t\t\t\t\t\t\t\t\t\t\t\t<\/div>\n\t\t\t\t<\/div>\n\t\t\t\t\t<\/div>\n\t\t<\/div>\n\t\t\t\t\t\t\t<\/div>\n\t\t<\/section>\n\t\t\t\t\t\t\t<\/div>","protected":false},"excerpt":{"rendered":"<p>Zeleni Klju\u010d A Z\u00f6ld Kulcs a k\u00f6rnyezetv\u00e9delem nemzetk\u00f6zi szimb\u00f3luma, \u00e9s a kiv\u00e1l\u00f3s\u00e1g egyik vezet\u0151 szabv\u00e1nya a k\u00f6rnyezeti felel\u0151ss\u00e9gv\u00e1llal\u00e1s \u00e9s az idegenforgalmi \u00e1gazat fenntarthat\u00f3 m\u0171k\u00f6d\u00e9se ter\u00e9n. Ez a k\u00f6rnyezetv\u00e9delmi v\u00e9djegy a v\u00e1llalatok elk\u00f6telezetts\u00e9g\u00e9t jelzi, hogy megfeleljenek a Nemzetk\u00f6zi K\u00f6rnyezeti Oktat\u00e1si Alap\u00edtv\u00e1ny FEE \u00e1ltal meghat\u00e1rozott szigor\u00fa krit\u00e9riumoknak a tan\u00fas\u00edtott int\u00e9zm\u00e9nyekben. A Green Key k\u00f6rnyezetv\u00e9delmi v\u00e9djegy garant\u00e1lja minden vend\u00e9g\u00fcnk sz\u00e1m\u00e1ra, hogy [\u2026]<\/p>","protected":false},"author":3,"featured_media":0,"parent":0,"menu_order":0,"comment_status":"closed","ping_status":"closed","template":"","meta":{"footnotes":""},"class_list":["post-1839","page","type-page","status-publish","hentry"],"yoast_head":"<!-- This site is optimized with the Yoast SEO plugin v24.0 - https:\/\/yoast.com\/wordpress\/plugins\/seo\/ -->\n<title>Zeleni Kljuc - Panonska vas<\/title>\n<meta name=\"robots\" content=\"index, follow, max-snippet:-1, max-image-preview:large, max-video-preview:-1\" \/>\n<link rel=\"canonical\" href=\"https:\/\/www.panonskavas.si\/hu\/zeleni-kljuc\/\" \/>\n<meta property=\"og:locale\" content=\"hu_HU\" \/>\n<meta property=\"og:type\" content=\"article\" \/>\n<meta property=\"og:title\" content=\"Zeleni Kljuc - Panonska vas\" \/>\n<meta property=\"og:description\" content=\"Zeleni Klju\u010d &nbsp; Zeleni Klju\u010d je mednarodni znak za okolje in je vodilni standard odli\u010dnosti na podro\u010djuokoljske odgovornosti in trajnostnega delovanja v turisti\u010dni industriji. Ta okoljski znak pomeni zavezanost podjetij, da v certificiranih obratih spo\u0161tujejo strogekriterije, ki jih je dolo\u010dila Mednarodna fundacija za okoljsko vzgojo FEE. Okoljski znak Zeleni klju\u010d zagotavlja vsem gostom, da z [&hellip;]\" \/>\n<meta property=\"og:url\" content=\"https:\/\/www.panonskavas.si\/hu\/zeleni-kljuc\/\" \/>\n<meta property=\"og:site_name\" content=\"Panonska vas\" \/>\n<meta property=\"article:modified_time\" content=\"2023-10-11T09:30:07+00:00\" \/>\n<meta property=\"og:image\" content=\"https:\/\/www.panonskavas.si\/wp-content\/uploads\/elementor\/thumbs\/greenkey_cmyk_notext_small-qdngx618aifa9zily7qhb5xc5rzmfr5doiynthhtk8.jpg\" \/>\n<meta name=\"twitter:card\" content=\"summary_large_image\" \/>\n<meta name=\"twitter:label1\" content=\"Becs\u00fclt olvas\u00e1si id\u0151\" \/>\n\t<meta name=\"twitter:data1\" content=\"2 perc\" \/>\n<script type=\"application\/ld+json\" class=\"yoast-schema-graph\">{\"@context\":\"https:\/\/schema.org\",\"@graph\":[{\"@type\":\"WebPage\",\"@id\":\"https:\/\/www.panonskavas.si\/zeleni-kljuc\/\",\"url\":\"https:\/\/www.panonskavas.si\/zeleni-kljuc\/\",\"name\":\"Zeleni Kljuc - Panonska vas\",\"isPartOf\":{\"@id\":\"https:\/\/www.panonskavas.si\/#website\"},\"primaryImageOfPage\":{\"@id\":\"https:\/\/www.panonskavas.si\/zeleni-kljuc\/#primaryimage\"},\"image\":{\"@id\":\"https:\/\/www.panonskavas.si\/zeleni-kljuc\/#primaryimage\"},\"thumbnailUrl\":\"https:\/\/www.panonskavas.si\/wp-content\/uploads\/elementor\/thumbs\/greenkey_cmyk_notext_small-qdngx618aifa9zily7qhb5xc5rzmfr5doiynthhtk8.jpg\",\"datePublished\":\"2023-10-10T10:07:13+00:00\",\"dateModified\":\"2023-10-11T09:30:07+00:00\",\"breadcrumb\":{\"@id\":\"https:\/\/www.panonskavas.si\/zeleni-kljuc\/#breadcrumb\"},\"inLanguage\":\"hu\",\"potentialAction\":[{\"@type\":\"ReadAction\",\"target\":[\"https:\/\/www.panonskavas.si\/zeleni-kljuc\/\"]}]},{\"@type\":\"ImageObject\",\"inLanguage\":\"hu\",\"@id\":\"https:\/\/www.panonskavas.si\/zeleni-kljuc\/#primaryimage\",\"url\":\"https:\/\/www.panonskavas.si\/wp-content\/uploads\/elementor\/thumbs\/greenkey_cmyk_notext_small-qdngx618aifa9zily7qhb5xc5rzmfr5doiynthhtk8.jpg\",\"contentUrl\":\"https:\/\/www.panonskavas.si\/wp-content\/uploads\/elementor\/thumbs\/greenkey_cmyk_notext_small-qdngx618aifa9zily7qhb5xc5rzmfr5doiynthhtk8.jpg\"},{\"@type\":\"BreadcrumbList\",\"@id\":\"https:\/\/www.panonskavas.si\/zeleni-kljuc\/#breadcrumb\",\"itemListElement\":[{\"@type\":\"ListItem\",\"position\":1,\"name\":\"Home\",\"item\":\"https:\/\/www.panonskavas.si\/\"},{\"@type\":\"ListItem\",\"position\":2,\"name\":\"Zeleni Kljuc\"}]},{\"@type\":\"WebSite\",\"@id\":\"https:\/\/www.panonskavas.si\/#website\",\"url\":\"https:\/\/www.panonskavas.si\/\",\"name\":\"Panonska vas\",\"description\":\"\",\"publisher\":{\"@id\":\"https:\/\/www.panonskavas.si\/#organization\"},\"potentialAction\":[{\"@type\":\"SearchAction\",\"target\":{\"@type\":\"EntryPoint\",\"urlTemplate\":\"https:\/\/www.panonskavas.si\/?s={search_term_string}\"},\"query-input\":{\"@type\":\"PropertyValueSpecification\",\"valueRequired\":true,\"valueName\":\"search_term_string\"}}],\"inLanguage\":\"hu\"},{\"@type\":\"Organization\",\"@id\":\"https:\/\/www.panonskavas.si\/#organization\",\"name\":\"Panonska vas\",\"url\":\"https:\/\/www.panonskavas.si\/\",\"logo\":{\"@type\":\"ImageObject\",\"inLanguage\":\"hu\",\"@id\":\"https:\/\/www.panonskavas.si\/#\/schema\/logo\/image\/\",\"url\":\"https:\/\/www.panonskavas.si\/wp-content\/uploads\/2022\/07\/panonskavas-logo.png\",\"contentUrl\":\"https:\/\/www.panonskavas.si\/wp-content\/uploads\/2022\/07\/panonskavas-logo.png\",\"width\":221,\"height\":69,\"caption\":\"Panonska vas\"},\"image\":{\"@id\":\"https:\/\/www.panonskavas.si\/#\/schema\/logo\/image\/\"}}]}<\/script>\n<!-- \/ Yoast SEO plugin. -->","yoast_head_json":{"title":"Zeleni Kljuc - Panonska vas","robots":{"index":"index","follow":"follow","max-snippet":"max-snippet:-1","max-image-preview":"max-image-preview:large","max-video-preview":"max-video-preview:-1"},"canonical":"https:\/\/www.panonskavas.si\/hu\/zeleni-kljuc\/","og_locale":"hu_HU","og_type":"article","og_title":"Zeleni Kljuc - Panonska vas","og_description":"Zeleni Klju\u010d &nbsp; Zeleni Klju\u010d je mednarodni znak za okolje in je vodilni standard odli\u010dnosti na podro\u010djuokoljske odgovornosti in trajnostnega delovanja v turisti\u010dni industriji. Ta okoljski znak pomeni zavezanost podjetij, da v certificiranih obratih spo\u0161tujejo strogekriterije, ki jih je dolo\u010dila Mednarodna fundacija za okoljsko vzgojo FEE. Okoljski znak Zeleni klju\u010d zagotavlja vsem gostom, da z [&hellip;]","og_url":"https:\/\/www.panonskavas.si\/hu\/zeleni-kljuc\/","og_site_name":"Panonska vas","article_modified_time":"2023-10-11T09:30:07+00:00","og_image":[{"url":"https:\/\/www.panonskavas.si\/wp-content\/uploads\/elementor\/thumbs\/greenkey_cmyk_notext_small-qdngx618aifa9zily7qhb5xc5rzmfr5doiynthhtk8.jpg","type":"","width":"","height":""}],"twitter_card":"summary_large_image","twitter_misc":{"Becs\u00fclt olvas\u00e1si id\u0151":"2 perc"},"schema":{"@context":"https:\/\/schema.org","@graph":[{"@type":"WebPage","@id":"https:\/\/www.panonskavas.si\/zeleni-kljuc\/","url":"https:\/\/www.panonskavas.si\/zeleni-kljuc\/","name":"Zeleni Kljuc - Panonska vas","isPartOf":{"@id":"https:\/\/www.panonskavas.si\/#website"},"primaryImageOfPage":{"@id":"https:\/\/www.panonskavas.si\/zeleni-kljuc\/#primaryimage"},"image":{"@id":"https:\/\/www.panonskavas.si\/zeleni-kljuc\/#primaryimage"},"thumbnailUrl":"https:\/\/www.panonskavas.si\/wp-content\/uploads\/elementor\/thumbs\/greenkey_cmyk_notext_small-qdngx618aifa9zily7qhb5xc5rzmfr5doiynthhtk8.jpg","datePublished":"2023-10-10T10:07:13+00:00","dateModified":"2023-10-11T09:30:07+00:00","breadcrumb":{"@id":"https:\/\/www.panonskavas.si\/zeleni-kljuc\/#breadcrumb"},"inLanguage":"hu","potentialAction":[{"@type":"ReadAction","target":["https:\/\/www.panonskavas.si\/zeleni-kljuc\/"]}]},{"@type":"ImageObject","inLanguage":"hu","@id":"https:\/\/www.panonskavas.si\/zeleni-kljuc\/#primaryimage","url":"https:\/\/www.panonskavas.si\/wp-content\/uploads\/elementor\/thumbs\/greenkey_cmyk_notext_small-qdngx618aifa9zily7qhb5xc5rzmfr5doiynthhtk8.jpg","contentUrl":"https:\/\/www.panonskavas.si\/wp-content\/uploads\/elementor\/thumbs\/greenkey_cmyk_notext_small-qdngx618aifa9zily7qhb5xc5rzmfr5doiynthhtk8.jpg"},{"@type":"BreadcrumbList","@id":"https:\/\/www.panonskavas.si\/zeleni-kljuc\/#breadcrumb","itemListElement":[{"@type":"ListItem","position":1,"name":"Home","item":"https:\/\/www.panonskavas.si\/"},{"@type":"ListItem","position":2,"name":"Zeleni Kljuc"}]},{"@type":"WebSite","@id":"https:\/\/www.panonskavas.si\/#website","url":"https:\/\/www.panonskavas.si\/","name":"Panonska vas","description":"","publisher":{"@id":"https:\/\/www.panonskavas.si\/#organization"},"potentialAction":[{"@type":"SearchAction","target":{"@type":"EntryPoint","urlTemplate":"https:\/\/www.panonskavas.si\/?s={search_term_string}"},"query-input":{"@type":"PropertyValueSpecification","valueRequired":true,"valueName":"search_term_string"}}],"inLanguage":"hu"},{"@type":"Organization","@id":"https:\/\/www.panonskavas.si\/#organization","name":"Panonska vas","url":"https:\/\/www.panonskavas.si\/","logo":{"@type":"ImageObject","inLanguage":"hu","@id":"https:\/\/www.panonskavas.si\/#\/schema\/logo\/image\/","url":"https:\/\/www.panonskavas.si\/wp-content\/uploads\/2022\/07\/panonskavas-logo.png","contentUrl":"https:\/\/www.panonskavas.si\/wp-content\/uploads\/2022\/07\/panonskavas-logo.png","width":221,"height":69,"caption":"Panonska vas"},"image":{"@id":"https:\/\/www.panonskavas.si\/#\/schema\/logo\/image\/"}}]}},"_links":{"self":[{"href":"https:\/\/www.panonskavas.si\/hu\/wp-json\/wp\/v2\/pages\/1839","targetHints":{"allow":["GET"]}}],"collection":[{"href":"https:\/\/www.panonskavas.si\/hu\/wp-json\/wp\/v2\/pages"}],"about":[{"href":"https:\/\/www.panonskavas.si\/hu\/wp-json\/wp\/v2\/types\/page"}],"author":[{"embeddable":true,"href":"https:\/\/www.panonskavas.si\/hu\/wp-json\/wp\/v2\/users\/3"}],"replies":[{"embeddable":true,"href":"https:\/\/www.panonskavas.si\/hu\/wp-json\/wp\/v2\/comments?post=1839"}],"version-history":[{"count":17,"href":"https:\/\/www.panonskavas.si\/hu\/wp-json\/wp\/v2\/pages\/1839\/revisions"}],"predecessor-version":[{"id":1859,"href":"https:\/\/www.panonskavas.si\/hu\/wp-json\/wp\/v2\/pages\/1839\/revisions\/1859"}],"wp:attachment":[{"href":"https:\/\/www.panonskavas.si\/hu\/wp-json\/wp\/v2\/media?parent=1839"}],"curies":[{"name":"wp","href":"https:\/\/api.w.org\/{rel}","templated":true}]}}