{"id":1707,"date":"2022-10-05T14:35:49","date_gmt":"2022-10-05T13:35:49","guid":{"rendered":"https:\/\/www.panonskavas.si\/?page_id=1707"},"modified":"2022-10-05T14:44:10","modified_gmt":"2022-10-05T13:44:10","slug":"politika-zasebnosti","status":"publish","type":"page","link":"https:\/\/www.panonskavas.si\/hu\/politika-zasebnosti\/","title":{"rendered":"Adatv\u00e9delmi ir\u00e1nyelvek"},"content":{"rendered":"<div data-elementor-type=\"wp-page\" data-elementor-id=\"1707\" class=\"elementor elementor-1707\">\n\t\t\t\t\t\t\t\t\t<section class=\"elementor-section elementor-top-section elementor-element elementor-element-4ac599b elementor-section-boxed elementor-section-height-default elementor-section-height-default\" data-id=\"4ac599b\" data-element_type=\"section\">\n\t\t\t\t\t\t<div class=\"elementor-container elementor-column-gap-default\">\n\t\t\t\t\t<div class=\"elementor-column elementor-col-100 elementor-top-column elementor-element elementor-element-492e88d9\" data-id=\"492e88d9\" data-element_type=\"column\">\n\t\t\t<div class=\"elementor-widget-wrap elementor-element-populated\">\n\t\t\t\t\t\t\t\t<div class=\"elementor-element elementor-element-61360fb3 elementor-widget elementor-widget-text-editor\" data-id=\"61360fb3\" data-element_type=\"widget\" data-widget_type=\"text-editor.default\">\n\t\t\t\t<div class=\"elementor-widget-container\">\n\t\t\t<style>\/*! elementor - v3.12.2 - 23-04-2023 *\/\n.elementor-widget-text-editor.elementor-drop-cap-view-stacked .elementor-drop-cap{background-color:#69727d;color:#fff}.elementor-widget-text-editor.elementor-drop-cap-view-framed .elementor-drop-cap{color:#69727d;border:3px solid;background-color:transparent}.elementor-widget-text-editor:not(.elementor-drop-cap-view-default) .elementor-drop-cap{margin-top:8px}.elementor-widget-text-editor:not(.elementor-drop-cap-view-default) .elementor-drop-cap-letter{width:1em;height:1em}.elementor-widget-text-editor .elementor-drop-cap{float:left;text-align:center;line-height:1;font-size:50px}.elementor-widget-text-editor .elementor-drop-cap-letter{display:inline-block}<\/style>\t\t\t\t<h3>MILYEN INFORM\u00c1CI\u00d3KAT GY\u0170JTS\u00dcNK R\u00d3LAD?<\/h3>\r\n<div class=\"content\">Az online foglal\u00e1s lebonyol\u00edt\u00e1sa \u00e9rdek\u00e9ben a foglal\u00e1s tulajdonos\u00e1nak vagy a vend\u00e9gnek el\u00e9rhet\u0151s\u00e9geit, adatait t\u00e1roljuk.<\/div>\r\n<h3>MIRE FELHASZN\u00c1LJUK ADATOIT?<\/h3>\r\n<div class=\"content\">Adatait felhaszn\u00e1lhatjuk k\u00e9rd\u00e9sek megv\u00e1laszol\u00e1s\u00e1ra ill az elk\u00fcld\u00f6tt foglal\u00e1s vagy k\u00e9r\u00e9s megval\u00f3s\u00edt\u00e1sa. Az \u00d6n adatait semmilyen okb\u00f3l nem adjuk el, cser\u00e9lj\u00fck ki, adjuk \u00e1t vagy adjuk \u00e1t m\u00e1s t\u00e1rsas\u00e1gnak.<\/div>\r\n<h3>HOGYAN V\u00c9DJ\u00dcK ADATOIT?<\/h3>\r\n<div class=\"content\">\r\n\r\nA foglal\u00e1ssal kapcsolatos adatait a foglal\u00e1si rendszer t\u00e1rolja, amelyet a foglal\u00e1sok kezel\u00e9s\u00e9re haszn\u00e1lunk (a rendszer szolg\u00e1ltat\u00f3ja az INTERSPLET doo c\u00e9g), annak v\u00e9grehajt\u00e1sa c\u00e9lj\u00e1b\u00f3l. Az adatokhoz csak a t\u00e1rsas\u00e1gn\u00e1l munkaviszonyban \u00e1ll\u00f3 szem\u00e9lyek f\u00e9rhetnek hozz\u00e1 \u00e9s rendelkeznek a hozz\u00e1juk rendelt jogokkal (fogad\u00e1s, t\u00e1mogat\u00e1s). A weboldal \u00e9s a foglal\u00e1si rendszer k\u00f6z\u00f6tt minden adat biztons\u00e1gos HTTPS kapcsolaton kereszt\u00fcl t\u00f6rt\u00e9nik. Az online fizet\u00e9sek \u00e9s egy\u00e9b tranzakci\u00f3k a szolg\u00e1ltat\u00f3 weboldalain (pl. bankok, PayPal) t\u00f6rt\u00e9nnek, \u00e9s azokat nem mi dolgozzuk fel \u00e9s nem t\u00e1roljuk.\r\n\r\n<\/div>\r\n<h3>HASZN\u00c1LJUK S\u00dcTIKET?<\/h3>\r\n<div class=\"content\">\r\n\r\nIgen. A cookie-k olyan kis f\u00e1jlok, amelyeket az \u00d6n sz\u00e1m\u00edt\u00f3g\u00e9p\u00e9nek merevlemez\u00e9re helyez\u00fcnk el az \u00d6n webb\u00f6ng\u00e9sz\u0151j\u00e9n kereszt\u00fcl (ha enged\u00e9lyezi), amelyek lehet\u0151v\u00e9 teszik rendszer\u00fcnk sz\u00e1m\u00e1ra, hogy felismerje b\u00f6ng\u00e9sz\u0151j\u00e9t, \u00e9s r\u00f6gz\u00edtsen \u00e9s megjegyezzen bizonyos inform\u00e1ci\u00f3kat. Cookie-kat is haszn\u00e1lunk, hogy seg\u00edtsenek a webhely forgalm\u00e1r\u00f3l \u00e9s a webhely interakci\u00f3j\u00e1r\u00f3l \u00f6sszes\u00edtett adatok \u00f6ssze\u00e1ll\u00edt\u00e1s\u00e1ban, hogy a j\u00f6v\u0151ben jobb oldal\u00e9lm\u00e9nyt \u00e9s eszk\u00f6z\u00f6ket k\u00edn\u00e1lhassunk. Ha letiltja a cookie-kat, bizonyos funkci\u00f3k letilt\u00e1sra ker\u00fclnek. Egyes funkci\u00f3k, amelyek hat\u00e9konyabb\u00e1 teszik a szolg\u00e1ltat\u00e1st, le lesznek tiltva. Egyes szolg\u00e1ltat\u00e1saink nem fognak megfelel\u0151en m\u0171k\u00f6dni. B\u0151vebben a s\u00fctikr\u0151l: \/biskotki\/\r\n\r\n<\/div>\r\n<h3>K\u00d6ZZ\u00c9T\u00c9TEL HARMADIK FELEK SZ\u00c1M\u00c1RA<\/h3>\r\n<div class=\"content\">Szem\u00e9lyes adatait nem adjuk el, nem adjuk \u00e1t vagy m\u00e1s m\u00f3don tov\u00e1bb\u00edtjuk k\u00fcls\u0151 feleknek.<\/div>\r\n<h3>HARMADIK F\u00c9L LINKEK<\/h3>\r\n<div class=\"content\">A Weboldalon harmadik f\u00e9lt\u0151l sz\u00e1rmaz\u00f3 term\u00e9keket vagy szolg\u00e1ltat\u00e1sokat is tartalmazhatunk vagy k\u00edn\u00e1lhatunk. Ezek a harmadik felek webhelyei k\u00fcl\u00f6n\u00e1ll\u00f3 \u00e9s f\u00fcggetlen adatv\u00e9delmi szab\u00e1lyzattal rendelkeznek. Emiatt nem v\u00e1llalunk felel\u0151ss\u00e9get ezen linkelt weboldalak tartalm\u00e1\u00e9rt \u00e9s tev\u00e9kenys\u00e9g\u00e9\u00e9rt. Mindazon\u00e1ltal arra t\u00f6reksz\u00fcnk, hogy megv\u00e9dj\u00fck oldalunk integrit\u00e1s\u00e1t, ez\u00e9rt sz\u00edvesen fogadunk minden visszajelz\u00e9st ezekkel a weboldalakkal kapcsolatban.<\/div>\r\n<h3>ADATV\u00c9DELMI IR\u00c1NYELV\u00dcNK V\u00c1LTOZ\u00c1SAI<\/h3>\r\n<div class=\"content\">Ha \u00fagy d\u00f6nt\u00fcnk, hogy m\u00f3dos\u00edtjuk az adatv\u00e9delmi szab\u00e1lyzatunkat, ezeket a v\u00e1ltoztat\u00e1sokat ezen az oldalon tessz\u00fck k\u00f6zz\u00e9.<\/div>\r\n<h3>L\u00c9PJEN KAPCSOLATBA VEL\u00dcNK<\/h3>\r\n<div class=\"content\">Ha b\u00e1rmilyen k\u00e9rd\u00e9se van jelen adatv\u00e9delmi szab\u00e1lyzattal kapcsolatban, k\u00e9rj\u00fck, vegye fel vel\u00fcnk a kapcsolatot a kapcsolatfelv\u00e9teli oldalon vagy a k\u00f6zz\u00e9tett el\u00e9rhet\u0151s\u00e9geken kereszt\u00fcl.<\/div>\t\t\t\t\t\t<\/div>\n\t\t\t\t<\/div>\n\t\t\t\t\t<\/div>\n\t\t<\/div>\n\t\t\t\t\t\t\t<\/div>\n\t\t<\/section>\n\t\t\t\t\t\t\t<\/div>","protected":false},"excerpt":{"rendered":"<p>MILYEN INFORM\u00c1CI\u00d3KAT GY\u0170JTS\u00dcNK R\u00d3LAD? Az online foglal\u00e1s lebonyol\u00edt\u00e1sa \u00e9rdek\u00e9ben a foglal\u00e1s tulajdonos\u00e1nak vagy a vend\u00e9gnek el\u00e9rhet\u0151s\u00e9geit, adatait t\u00e1roljuk. MIRE FELHASZN\u00c1LJUK ADATOIT? Adatait felhaszn\u00e1lhatjuk k\u00e9rd\u00e9sek megv\u00e1laszol\u00e1s\u00e1ra ill az elk\u00fcld\u00f6tt foglal\u00e1s vagy k\u00e9r\u00e9s megval\u00f3s\u00edt\u00e1sa. Az \u00d6n adatait nem adj\u00e1k el, nem cser\u00e9lik ki, nem adj\u00e1k \u00e1t vagy adj\u00e1k \u00e1t semmilyen m\u00e1s v\u00e1llalatnak [\u2026]<\/p>","protected":false},"author":2,"featured_media":0,"parent":0,"menu_order":0,"comment_status":"closed","ping_status":"closed","template":"","meta":{"footnotes":""},"class_list":["post-1707","page","type-page","status-publish","hentry"],"yoast_head":"<!-- This site is optimized with the Yoast SEO plugin v24.0 - https:\/\/yoast.com\/wordpress\/plugins\/seo\/ -->\n<title>Politika zasebnosti - Panonska vas<\/title>\n<meta name=\"robots\" content=\"index, follow, max-snippet:-1, max-image-preview:large, max-video-preview:-1\" \/>\n<link rel=\"canonical\" href=\"https:\/\/www.panonskavas.si\/hu\/politika-zasebnosti\/\" \/>\n<meta property=\"og:locale\" content=\"hu_HU\" \/>\n<meta property=\"og:type\" content=\"article\" \/>\n<meta property=\"og:title\" content=\"Politika zasebnosti - Panonska vas\" \/>\n<meta property=\"og:description\" content=\"KATERE VA\u0160E INFORMACIJE ZBIRAMO? Za potrebe realizacije spletne rezervacije se shranijo kontaktni podatki in podatki o nosilcu rezervacije ali gostu. ZA KAJ UPORABLJAMO VA\u0160E PODATKE? Va\u0161e podatke lahko uporabimo za odgovarjanje na vpra\u0161anja oz. realizacijo poslane rezervacije ali povpra\u0161evanja. Va\u0161i podatki se ne bodo prodajali, zamenjali, prena\u0161ali ali dali kateri koli drugi dru\u017ebi iz kakr\u0161nega [&hellip;]\" \/>\n<meta property=\"og:url\" content=\"https:\/\/www.panonskavas.si\/hu\/politika-zasebnosti\/\" \/>\n<meta property=\"og:site_name\" content=\"Panonska vas\" \/>\n<meta property=\"article:modified_time\" content=\"2022-10-05T13:44:10+00:00\" \/>\n<meta name=\"twitter:card\" content=\"summary_large_image\" \/>\n<meta name=\"twitter:label1\" content=\"Becs\u00fclt olvas\u00e1si id\u0151\" \/>\n\t<meta name=\"twitter:data1\" content=\"2 perc\" \/>\n<script type=\"application\/ld+json\" class=\"yoast-schema-graph\">{\"@context\":\"https:\/\/schema.org\",\"@graph\":[{\"@type\":\"WebPage\",\"@id\":\"https:\/\/www.panonskavas.si\/politika-zasebnosti\/\",\"url\":\"https:\/\/www.panonskavas.si\/politika-zasebnosti\/\",\"name\":\"Politika zasebnosti - Panonska vas\",\"isPartOf\":{\"@id\":\"https:\/\/www.panonskavas.si\/#website\"},\"datePublished\":\"2022-10-05T13:35:49+00:00\",\"dateModified\":\"2022-10-05T13:44:10+00:00\",\"breadcrumb\":{\"@id\":\"https:\/\/www.panonskavas.si\/politika-zasebnosti\/#breadcrumb\"},\"inLanguage\":\"hu\",\"potentialAction\":[{\"@type\":\"ReadAction\",\"target\":[\"https:\/\/www.panonskavas.si\/politika-zasebnosti\/\"]}]},{\"@type\":\"BreadcrumbList\",\"@id\":\"https:\/\/www.panonskavas.si\/politika-zasebnosti\/#breadcrumb\",\"itemListElement\":[{\"@type\":\"ListItem\",\"position\":1,\"name\":\"Home\",\"item\":\"https:\/\/www.panonskavas.si\/\"},{\"@type\":\"ListItem\",\"position\":2,\"name\":\"Politika zasebnosti\"}]},{\"@type\":\"WebSite\",\"@id\":\"https:\/\/www.panonskavas.si\/#website\",\"url\":\"https:\/\/www.panonskavas.si\/\",\"name\":\"Panonska vas\",\"description\":\"\",\"publisher\":{\"@id\":\"https:\/\/www.panonskavas.si\/#organization\"},\"potentialAction\":[{\"@type\":\"SearchAction\",\"target\":{\"@type\":\"EntryPoint\",\"urlTemplate\":\"https:\/\/www.panonskavas.si\/?s={search_term_string}\"},\"query-input\":{\"@type\":\"PropertyValueSpecification\",\"valueRequired\":true,\"valueName\":\"search_term_string\"}}],\"inLanguage\":\"hu\"},{\"@type\":\"Organization\",\"@id\":\"https:\/\/www.panonskavas.si\/#organization\",\"name\":\"Panonska vas\",\"url\":\"https:\/\/www.panonskavas.si\/\",\"logo\":{\"@type\":\"ImageObject\",\"inLanguage\":\"hu\",\"@id\":\"https:\/\/www.panonskavas.si\/#\/schema\/logo\/image\/\",\"url\":\"https:\/\/www.panonskavas.si\/wp-content\/uploads\/2022\/07\/panonskavas-logo.png\",\"contentUrl\":\"https:\/\/www.panonskavas.si\/wp-content\/uploads\/2022\/07\/panonskavas-logo.png\",\"width\":221,\"height\":69,\"caption\":\"Panonska vas\"},\"image\":{\"@id\":\"https:\/\/www.panonskavas.si\/#\/schema\/logo\/image\/\"}}]}<\/script>\n<!-- \/ Yoast SEO plugin. -->","yoast_head_json":{"title":"Politika zasebnosti - Panonska vas","robots":{"index":"index","follow":"follow","max-snippet":"max-snippet:-1","max-image-preview":"max-image-preview:large","max-video-preview":"max-video-preview:-1"},"canonical":"https:\/\/www.panonskavas.si\/hu\/politika-zasebnosti\/","og_locale":"hu_HU","og_type":"article","og_title":"Politika zasebnosti - Panonska vas","og_description":"KATERE VA\u0160E INFORMACIJE ZBIRAMO? Za potrebe realizacije spletne rezervacije se shranijo kontaktni podatki in podatki o nosilcu rezervacije ali gostu. ZA KAJ UPORABLJAMO VA\u0160E PODATKE? Va\u0161e podatke lahko uporabimo za odgovarjanje na vpra\u0161anja oz. realizacijo poslane rezervacije ali povpra\u0161evanja. Va\u0161i podatki se ne bodo prodajali, zamenjali, prena\u0161ali ali dali kateri koli drugi dru\u017ebi iz kakr\u0161nega [&hellip;]","og_url":"https:\/\/www.panonskavas.si\/hu\/politika-zasebnosti\/","og_site_name":"Panonska vas","article_modified_time":"2022-10-05T13:44:10+00:00","twitter_card":"summary_large_image","twitter_misc":{"Becs\u00fclt olvas\u00e1si id\u0151":"2 perc"},"schema":{"@context":"https:\/\/schema.org","@graph":[{"@type":"WebPage","@id":"https:\/\/www.panonskavas.si\/politika-zasebnosti\/","url":"https:\/\/www.panonskavas.si\/politika-zasebnosti\/","name":"Politika zasebnosti - Panonska vas","isPartOf":{"@id":"https:\/\/www.panonskavas.si\/#website"},"datePublished":"2022-10-05T13:35:49+00:00","dateModified":"2022-10-05T13:44:10+00:00","breadcrumb":{"@id":"https:\/\/www.panonskavas.si\/politika-zasebnosti\/#breadcrumb"},"inLanguage":"hu","potentialAction":[{"@type":"ReadAction","target":["https:\/\/www.panonskavas.si\/politika-zasebnosti\/"]}]},{"@type":"BreadcrumbList","@id":"https:\/\/www.panonskavas.si\/politika-zasebnosti\/#breadcrumb","itemListElement":[{"@type":"ListItem","position":1,"name":"Home","item":"https:\/\/www.panonskavas.si\/"},{"@type":"ListItem","position":2,"name":"Politika zasebnosti"}]},{"@type":"WebSite","@id":"https:\/\/www.panonskavas.si\/#website","url":"https:\/\/www.panonskavas.si\/","name":"Panonska vas","description":"","publisher":{"@id":"https:\/\/www.panonskavas.si\/#organization"},"potentialAction":[{"@type":"SearchAction","target":{"@type":"EntryPoint","urlTemplate":"https:\/\/www.panonskavas.si\/?s={search_term_string}"},"query-input":{"@type":"PropertyValueSpecification","valueRequired":true,"valueName":"search_term_string"}}],"inLanguage":"hu"},{"@type":"Organization","@id":"https:\/\/www.panonskavas.si\/#organization","name":"Panonska vas","url":"https:\/\/www.panonskavas.si\/","logo":{"@type":"ImageObject","inLanguage":"hu","@id":"https:\/\/www.panonskavas.si\/#\/schema\/logo\/image\/","url":"https:\/\/www.panonskavas.si\/wp-content\/uploads\/2022\/07\/panonskavas-logo.png","contentUrl":"https:\/\/www.panonskavas.si\/wp-content\/uploads\/2022\/07\/panonskavas-logo.png","width":221,"height":69,"caption":"Panonska vas"},"image":{"@id":"https:\/\/www.panonskavas.si\/#\/schema\/logo\/image\/"}}]}},"_links":{"self":[{"href":"https:\/\/www.panonskavas.si\/hu\/wp-json\/wp\/v2\/pages\/1707","targetHints":{"allow":["GET"]}}],"collection":[{"href":"https:\/\/www.panonskavas.si\/hu\/wp-json\/wp\/v2\/pages"}],"about":[{"href":"https:\/\/www.panonskavas.si\/hu\/wp-json\/wp\/v2\/types\/page"}],"author":[{"embeddable":true,"href":"https:\/\/www.panonskavas.si\/hu\/wp-json\/wp\/v2\/users\/2"}],"replies":[{"embeddable":true,"href":"https:\/\/www.panonskavas.si\/hu\/wp-json\/wp\/v2\/comments?post=1707"}],"version-history":[{"count":5,"href":"https:\/\/www.panonskavas.si\/hu\/wp-json\/wp\/v2\/pages\/1707\/revisions"}],"predecessor-version":[{"id":1814,"href":"https:\/\/www.panonskavas.si\/hu\/wp-json\/wp\/v2\/pages\/1707\/revisions\/1814"}],"wp:attachment":[{"href":"https:\/\/www.panonskavas.si\/hu\/wp-json\/wp\/v2\/media?parent=1707"}],"curies":[{"name":"wp","href":"https:\/\/api.w.org\/{rel}","templated":true}]}}