{"id":869,"date":"2022-08-03T07:42:35","date_gmt":"2022-08-03T06:42:35","guid":{"rendered":"https:\/\/www.panonskavas.si\/?page_id=869"},"modified":"2024-06-18T21:05:36","modified_gmt":"2024-06-18T20:05:36","slug":"kulinaricna-dozivetja","status":"publish","type":"page","link":"https:\/\/www.panonskavas.si\/en\/kulinaricna-dozivetja\/","title":{"rendered":"Culinary Experiences"},"content":{"rendered":"<div data-elementor-type=\"wp-page\" data-elementor-id=\"869\" class=\"elementor elementor-869\">\n\t\t\t\t\t\t\t\t\t<section class=\"elementor-section elementor-top-section elementor-element elementor-element-6aecfebc elementor-section-stretched elementor-section-boxed elementor-section-height-default elementor-section-height-default\" data-id=\"6aecfebc\" data-element_type=\"section\" data-settings=\"{&quot;stretch_section&quot;:&quot;section-stretched&quot;,&quot;background_background&quot;:&quot;classic&quot;}\">\n\t\t\t\t\t\t\t<div class=\"elementor-background-overlay\"><\/div>\n\t\t\t\t\t\t\t<div class=\"elementor-container elementor-column-gap-default\">\n\t\t\t\t\t<div class=\"elementor-column elementor-col-100 elementor-top-column elementor-element elementor-element-661887d\" data-id=\"661887d\" data-element_type=\"column\">\n\t\t\t<div class=\"elementor-widget-wrap elementor-element-populated\">\n\t\t\t\t\t\t\t\t<div class=\"elementor-element elementor-element-5da2128 header-text elementor-widget elementor-widget-heading\" data-id=\"5da2128\" data-element_type=\"widget\" data-widget_type=\"heading.default\">\n\t\t\t\t<div class=\"elementor-widget-container\">\n\t\t\t<style>\/*! elementor - v3.12.2 - 23-04-2023 *\/\n.elementor-heading-title{padding:0;margin:0;line-height:1}.elementor-widget-heading .elementor-heading-title[class*=elementor-size-]>a{color:inherit;font-size:inherit;line-height:inherit}.elementor-widget-heading .elementor-heading-title.elementor-size-small{font-size:15px}.elementor-widget-heading .elementor-heading-title.elementor-size-medium{font-size:19px}.elementor-widget-heading .elementor-heading-title.elementor-size-large{font-size:29px}.elementor-widget-heading .elementor-heading-title.elementor-size-xl{font-size:39px}.elementor-widget-heading .elementor-heading-title.elementor-size-xxl{font-size:59px}<\/style><h2 class=\"elementor-heading-title elementor-size-default\">Culinary Experiences<\/h2>\t\t<\/div>\n\t\t\t\t<\/div>\n\t\t\t\t\t<\/div>\n\t\t<\/div>\n\t\t\t\t\t\t\t<\/div>\n\t\t<\/section>\n\t\t\t\t<section class=\"elementor-section elementor-top-section elementor-element elementor-element-e3e9b3b elementor-section-height-min-height elementor-section-stretched elementor-section-boxed elementor-section-height-default elementor-section-items-middle\" data-id=\"e3e9b3b\" data-element_type=\"section\" data-settings=\"{&quot;stretch_section&quot;:&quot;section-stretched&quot;}\">\n\t\t\t\t\t\t<div class=\"elementor-container elementor-column-gap-default\">\n\t\t\t\t\t<div class=\"elementor-column elementor-col-100 elementor-top-column elementor-element elementor-element-4a31397a\" data-id=\"4a31397a\" data-element_type=\"column\">\n\t\t\t<div class=\"elementor-widget-wrap elementor-element-populated\">\n\t\t\t\t\t\t\t\t<section class=\"elementor-section elementor-inner-section elementor-element elementor-element-47b56fc2 elementor-section-boxed elementor-section-height-default elementor-section-height-default\" data-id=\"47b56fc2\" data-element_type=\"section\">\n\t\t\t\t\t\t<div class=\"elementor-container elementor-column-gap-default\">\n\t\t\t\t\t<div class=\"elementor-column elementor-col-50 elementor-inner-column elementor-element elementor-element-1244a1b3\" data-id=\"1244a1b3\" data-element_type=\"column\">\n\t\t\t<div class=\"elementor-widget-wrap elementor-element-populated\">\n\t\t\t\t\t\t\t\t<div class=\"elementor-element elementor-element-505aaafd logo-font elementor-widget elementor-widget-heading\" data-id=\"505aaafd\" data-element_type=\"widget\" data-widget_type=\"heading.default\">\n\t\t\t\t<div class=\"elementor-widget-container\">\n\t\t\t<h1 class=\"elementor-heading-title elementor-size-default\">Home-made and Local<\/h1>\t\t<\/div>\n\t\t\t\t<\/div>\n\t\t\t\t<div class=\"elementor-element elementor-element-24dc324c elementor-widget elementor-widget-text-editor\" data-id=\"24dc324c\" data-element_type=\"widget\" data-widget_type=\"text-editor.default\">\n\t\t\t\t<div class=\"elementor-widget-container\">\n\t\t\t<style>\/*! elementor - v3.12.2 - 23-04-2023 *\/\n.elementor-widget-text-editor.elementor-drop-cap-view-stacked .elementor-drop-cap{background-color:#69727d;color:#fff}.elementor-widget-text-editor.elementor-drop-cap-view-framed .elementor-drop-cap{color:#69727d;border:3px solid;background-color:transparent}.elementor-widget-text-editor:not(.elementor-drop-cap-view-default) .elementor-drop-cap{margin-top:8px}.elementor-widget-text-editor:not(.elementor-drop-cap-view-default) .elementor-drop-cap-letter{width:1em;height:1em}.elementor-widget-text-editor .elementor-drop-cap{float:left;text-align:center;line-height:1;font-size:50px}.elementor-widget-text-editor .elementor-drop-cap-letter{display:inline-block}<\/style>\t\t\t\t<p><span style=\"font-weight: 400;\">We would be delighted to treat you to a\nculinary delight, such as home-made ham.\nAlong with it, we can serve you sausages,\nbread, bacon, minced lard and cracknels -\nall homemade, of course. Home-grown\nonions will serve as the cherry on top to\nensure that you get to taste Prekmurje.<\/span><\/p>\t\t\t\t\t\t<\/div>\n\t\t\t\t<\/div>\n\t\t\t\t\t<\/div>\n\t\t<\/div>\n\t\t\t\t<div class=\"elementor-column elementor-col-50 elementor-inner-column elementor-element elementor-element-393ae5d1\" data-id=\"393ae5d1\" data-element_type=\"column\">\n\t\t\t<div class=\"elementor-widget-wrap elementor-element-populated\">\n\t\t\t\t\t\t\t\t<div class=\"elementor-element elementor-element-10954d96 elementor-widget elementor-widget-image\" data-id=\"10954d96\" data-element_type=\"widget\" data-widget_type=\"image.default\">\n\t\t\t\t<div class=\"elementor-widget-container\">\n\t\t\t<style>\/*! elementor - v3.12.2 - 23-04-2023 *\/\n.elementor-widget-image{text-align:center}.elementor-widget-image a{display:inline-block}.elementor-widget-image a img[src$=\".svg\"]{width:48px}.elementor-widget-image img{vertical-align:middle;display:inline-block}<\/style>\t\t\t\t\t\t\t\t\t\t\t\t<img loading=\"lazy\" decoding=\"async\" width=\"800\" height=\"472\" src=\"https:\/\/www.panonskavas.si\/wp-content\/uploads\/2022\/07\/41645625400IMG_20220223_WA0002-1024x604.jpg\" class=\"attachment-large size-large wp-image-271\" alt=\"\" srcset=\"https:\/\/www.panonskavas.si\/wp-content\/uploads\/2022\/07\/41645625400IMG_20220223_WA0002-1024x604.jpg 1024w, https:\/\/www.panonskavas.si\/wp-content\/uploads\/2022\/07\/41645625400IMG_20220223_WA0002-300x177.jpg 300w, https:\/\/www.panonskavas.si\/wp-content\/uploads\/2022\/07\/41645625400IMG_20220223_WA0002-768x453.jpg 768w, https:\/\/www.panonskavas.si\/wp-content\/uploads\/2022\/07\/41645625400IMG_20220223_WA0002-1536x906.jpg 1536w, https:\/\/www.panonskavas.si\/wp-content\/uploads\/2022\/07\/41645625400IMG_20220223_WA0002-18x12.jpg 18w, https:\/\/www.panonskavas.si\/wp-content\/uploads\/2022\/07\/41645625400IMG_20220223_WA0002.jpg 1920w\" sizes=\"auto, (max-width: 800px) 100vw, 800px\" \/>\t\t\t\t\t\t\t\t\t\t\t\t\t\t\t<\/div>\n\t\t\t\t<\/div>\n\t\t\t\t\t<\/div>\n\t\t<\/div>\n\t\t\t\t\t\t\t<\/div>\n\t\t<\/section>\n\t\t\t\t\t<\/div>\n\t\t<\/div>\n\t\t\t\t\t\t\t<\/div>\n\t\t<\/section>\n\t\t\t\t<section class=\"elementor-section elementor-top-section elementor-element elementor-element-5263bfd elementor-section-height-min-height elementor-section-stretched elementor-section-boxed elementor-section-height-default elementor-section-items-middle\" data-id=\"5263bfd\" data-element_type=\"section\" data-settings=\"{&quot;stretch_section&quot;:&quot;section-stretched&quot;}\">\n\t\t\t\t\t\t<div class=\"elementor-container elementor-column-gap-default\">\n\t\t\t\t\t<div class=\"elementor-column elementor-col-100 elementor-top-column elementor-element elementor-element-c127d7d\" data-id=\"c127d7d\" data-element_type=\"column\">\n\t\t\t<div class=\"elementor-widget-wrap elementor-element-populated\">\n\t\t\t\t\t\t\t\t<section class=\"elementor-section elementor-inner-section elementor-element elementor-element-3aad2f5 elementor-section-boxed elementor-section-height-default elementor-section-height-default\" data-id=\"3aad2f5\" data-element_type=\"section\">\n\t\t\t\t\t\t<div class=\"elementor-container elementor-column-gap-default\">\n\t\t\t\t\t<div class=\"elementor-column elementor-col-50 elementor-inner-column elementor-element elementor-element-07d949f\" data-id=\"07d949f\" data-element_type=\"column\">\n\t\t\t<div class=\"elementor-widget-wrap elementor-element-populated\">\n\t\t\t\t\t\t\t\t<div class=\"elementor-element elementor-element-830a577 logo-font elementor-widget elementor-widget-heading\" data-id=\"830a577\" data-element_type=\"widget\" data-widget_type=\"heading.default\">\n\t\t\t\t<div class=\"elementor-widget-container\">\n\t\t\t<h1 class=\"elementor-heading-title elementor-size-default\">Culinary Indulgence in\nPanonska vas<\/h1>\t\t<\/div>\n\t\t\t\t<\/div>\n\t\t\t\t<div class=\"elementor-element elementor-element-dfc346b elementor-widget elementor-widget-text-editor\" data-id=\"dfc346b\" data-element_type=\"widget\" data-widget_type=\"text-editor.default\">\n\t\t\t\t<div class=\"elementor-widget-container\">\n\t\t\t\t\t\t\t<p><span style=\"font-weight: 400;\">Panonska vas has begun to offer dinners\nas of late, so you can end your day in\nPrekmurje in a tasty manner \u2013 with home-\nmade delicacies from local farms and\nbusinesses.<\/span><\/p>\t\t\t\t\t\t<\/div>\n\t\t\t\t<\/div>\n\t\t\t\t\t<\/div>\n\t\t<\/div>\n\t\t\t\t<div class=\"elementor-column elementor-col-50 elementor-inner-column elementor-element elementor-element-46b6043\" data-id=\"46b6043\" data-element_type=\"column\">\n\t\t\t<div class=\"elementor-widget-wrap elementor-element-populated\">\n\t\t\t\t\t\t\t\t<div class=\"elementor-element elementor-element-1b77650 elementor-widget elementor-widget-image\" data-id=\"1b77650\" data-element_type=\"widget\" data-widget_type=\"image.default\">\n\t\t\t\t<div class=\"elementor-widget-container\">\n\t\t\t\t\t\t\t\t\t\t\t\t\t\t\t<img loading=\"lazy\" decoding=\"async\" width=\"800\" height=\"450\" src=\"https:\/\/www.panonskavas.si\/wp-content\/uploads\/2022\/08\/Kulinari\u0192no-razvajanje-v-Panonski-vasi.jpeg\" class=\"attachment-large size-large wp-image-1070\" alt=\"\" srcset=\"https:\/\/www.panonskavas.si\/wp-content\/uploads\/2022\/08\/Kulinari\u0192no-razvajanje-v-Panonski-vasi.jpeg 800w, https:\/\/www.panonskavas.si\/wp-content\/uploads\/2022\/08\/Kulinari\u0192no-razvajanje-v-Panonski-vasi-300x169.jpeg 300w, https:\/\/www.panonskavas.si\/wp-content\/uploads\/2022\/08\/Kulinari\u0192no-razvajanje-v-Panonski-vasi-768x432.jpeg 768w, https:\/\/www.panonskavas.si\/wp-content\/uploads\/2022\/08\/Kulinari\u0192no-razvajanje-v-Panonski-vasi-18x10.jpeg 18w\" sizes=\"auto, (max-width: 800px) 100vw, 800px\" \/>\t\t\t\t\t\t\t\t\t\t\t\t\t\t\t<\/div>\n\t\t\t\t<\/div>\n\t\t\t\t\t<\/div>\n\t\t<\/div>\n\t\t\t\t\t\t\t<\/div>\n\t\t<\/section>\n\t\t\t\t\t<\/div>\n\t\t<\/div>\n\t\t\t\t\t\t\t<\/div>\n\t\t<\/section>\n\t\t\t\t<section class=\"elementor-section elementor-top-section elementor-element elementor-element-6daae7b elementor-section-stretched elementor-section-boxed elementor-section-height-default elementor-section-height-default\" data-id=\"6daae7b\" data-element_type=\"section\" data-settings=\"{&quot;stretch_section&quot;:&quot;section-stretched&quot;,&quot;background_background&quot;:&quot;classic&quot;}\">\n\t\t\t\t\t\t<div class=\"elementor-container elementor-column-gap-default\">\n\t\t\t\t\t<div class=\"elementor-column elementor-col-100 elementor-top-column elementor-element elementor-element-5a30ea1\" data-id=\"5a30ea1\" data-element_type=\"column\">\n\t\t\t<div class=\"elementor-widget-wrap elementor-element-populated\">\n\t\t\t\t\t\t\t\t<div class=\"elementor-element elementor-element-aa29293 logo-font elementor-widget elementor-widget-heading\" data-id=\"aa29293\" data-element_type=\"widget\" data-widget_type=\"heading.default\">\n\t\t\t\t<div class=\"elementor-widget-container\">\n\t\t\t<h2 class=\"elementor-heading-title elementor-size-default\">For an amazing culinary experience in Prekmurje, we recommend you visit one of\nthe following: <\/h2>\t\t<\/div>\n\t\t\t\t<\/div>\n\t\t\t\t<div class=\"elementor-element elementor-element-ad71324 elementor-arrows-position-outside elementor-pagination-position-outside elementor-widget elementor-widget-image-carousel\" data-id=\"ad71324\" data-element_type=\"widget\" data-settings=\"{&quot;slides_to_show&quot;:&quot;3&quot;,&quot;slides_to_show_mobile&quot;:&quot;1&quot;,&quot;navigation&quot;:&quot;both&quot;,&quot;autoplay&quot;:&quot;yes&quot;,&quot;pause_on_hover&quot;:&quot;yes&quot;,&quot;pause_on_interaction&quot;:&quot;yes&quot;,&quot;autoplay_speed&quot;:5000,&quot;infinite&quot;:&quot;yes&quot;,&quot;speed&quot;:500}\" data-widget_type=\"image-carousel.default\">\n\t\t\t\t<div class=\"elementor-widget-container\">\n\t\t\t<style>\/*! elementor - v3.12.2 - 23-04-2023 *\/\n.elementor-widget-image-carousel .swiper,.elementor-widget-image-carousel .swiper-container{position:static}.elementor-widget-image-carousel .swiper-container .swiper-slide figure,.elementor-widget-image-carousel .swiper .swiper-slide figure{line-height:inherit}.elementor-widget-image-carousel .swiper-slide{text-align:center}.elementor-image-carousel-wrapper:not(.swiper-container-initialized) .swiper-slide,.elementor-image-carousel-wrapper:not(.swiper-initialized) .swiper-slide{max-width:calc(100% \/ var(--e-image-carousel-slides-to-show, 3))}<\/style>\t\t<div class=\"elementor-image-carousel-wrapper swiper-container\" dir=\"ltr\">\n\t\t\t<div class=\"elementor-image-carousel swiper-wrapper swiper-image-stretch\">\n\t\t\t\t\t\t\t\t<div class=\"swiper-slide\"><figure class=\"swiper-slide-inner\"><img decoding=\"async\" class=\"swiper-slide-image\" src=\"https:\/\/www.panonskavas.si\/wp-content\/uploads\/elementor\/thumbs\/Turisticna-kmetija-Puhan-Bogojina-ptu3e2jcvwjshgq6lm51k2n8cic16fxoy586vj3fos.jpg\" alt=\"Turisti\u010dna kmetija Puhan Bogojina\" \/><figcaption class=\"elementor-image-carousel-caption\">Guesthouse Puhan Bogojina<\/figcaption><\/figure><\/div><div class=\"swiper-slide\"><figure class=\"swiper-slide-inner\"><img decoding=\"async\" class=\"swiper-slide-image\" src=\"https:\/\/www.panonskavas.si\/wp-content\/uploads\/elementor\/thumbs\/Gostilna-Mari\u0192-ptu3e2jcvwjshgq6lm51k2n8cic16fxoy586vj3fos.jpg\" alt=\"Gostilna Mari\u010d\" \/><figcaption class=\"elementor-image-carousel-caption\">Restaurant Mari\u010d<\/figcaption><\/figure><\/div><div class=\"swiper-slide\"><figure class=\"swiper-slide-inner\"><img decoding=\"async\" class=\"swiper-slide-image\" src=\"https:\/\/www.panonskavas.si\/wp-content\/uploads\/elementor\/thumbs\/Gostisce-Oaza-ptu3e2jcvwjshgq6lm51k2n8cic16fxoy586vj3fos.jpg\" alt=\"Gosti\u0161\u010de Oaza\" \/><figcaption class=\"elementor-image-carousel-caption\">Guesthouse Oaza<\/figcaption><\/figure><\/div><div class=\"swiper-slide\"><figure class=\"swiper-slide-inner\"><img decoding=\"async\" class=\"swiper-slide-image\" src=\"https:\/\/www.panonskavas.si\/wp-content\/uploads\/elementor\/thumbs\/Ostarija-Cipot-ptu3e2jcvwjshgq6lm51k2n8cic16fxoy586vj3fos.jpg\" alt=\"O\u0161tarija Cipot\" \/><figcaption class=\"elementor-image-carousel-caption\">Restaurant O\u0161tarija Cipot<\/figcaption><\/figure><\/div><div class=\"swiper-slide\"><figure class=\"swiper-slide-inner\"><img decoding=\"async\" class=\"swiper-slide-image\" src=\"https:\/\/www.panonskavas.si\/wp-content\/uploads\/elementor\/thumbs\/Pizzerija-Perunika-ptu3e2jcvwjshgq6lm51k2n8cic16fxoy586vj3fos.jpg\" alt=\"Pizzerija Perunika\" \/><figcaption class=\"elementor-image-carousel-caption\">Pizzeria Perunika<\/figcaption><\/figure><\/div><div class=\"swiper-slide\"><figure class=\"swiper-slide-inner\"><img decoding=\"async\" class=\"swiper-slide-image\" src=\"https:\/\/www.panonskavas.si\/wp-content\/uploads\/elementor\/thumbs\/Pizzerija-Nona-ptu3e2jcvwjshgq6lm51k2n8cic16fxoy586vj3fos.jpg\" alt=\"Pizzerija Nona\" \/><figcaption class=\"elementor-image-carousel-caption\">Restaurant-Pizzeria Nona<\/figcaption><\/figure><\/div><div class=\"swiper-slide\"><figure class=\"swiper-slide-inner\"><img decoding=\"async\" class=\"swiper-slide-image\" src=\"https:\/\/www.panonskavas.si\/wp-content\/uploads\/elementor\/thumbs\/Pizzerija-Rajh-ptu3e2jcvwjshgq6lm51k2n8cic16fxoy586vj3fos.jpg\" alt=\"Pizzerija Rajh\" \/><figcaption class=\"elementor-image-carousel-caption\">Restaurant Rajh<\/figcaption><\/figure><\/div>\t\t\t<\/div>\n\t\t\t\t\t\t\t\t\t\t\t\t<div class=\"swiper-pagination\"><\/div>\n\t\t\t\t\t\t\t\t\t\t\t\t\t<div class=\"elementor-swiper-button elementor-swiper-button-prev\">\n\t\t\t\t\t\t<i aria-hidden=\"true\" class=\"eicon-chevron-left\"><\/i>\t\t\t\t\t\t<span class=\"elementor-screen-only\">Previous<\/span>\n\t\t\t\t\t<\/div>\n\t\t\t\t\t<div class=\"elementor-swiper-button elementor-swiper-button-next\">\n\t\t\t\t\t\t<i aria-hidden=\"true\" class=\"eicon-chevron-right\"><\/i>\t\t\t\t\t\t<span class=\"elementor-screen-only\">Next<\/span>\n\t\t\t\t\t<\/div>\n\t\t\t\t\t\t\t\t\t<\/div>\n\t\t\t\t<\/div>\n\t\t\t\t<\/div>\n\t\t\t\t\t<\/div>\n\t\t<\/div>\n\t\t\t\t\t\t\t<\/div>\n\t\t<\/section>\n\t\t\t\t\t\t\t<\/div>","protected":false},"excerpt":{"rendered":"<p>Homemade and local We will be delighted to spoil you with culinary delights, for example, real homemade ham. Along with this, we will also serve you sausages, bread, bacon, zaseka and cracklings on a wooden board - all homemade, of course. The icing on the cake when it comes to the taste of Prekmurje will be home-grown onions. Culinary indulgence in Panonska vas In Panonska vas [\u2026]<\/p>","protected":false},"author":2,"featured_media":0,"parent":0,"menu_order":0,"comment_status":"closed","ping_status":"closed","template":"","meta":{"footnotes":""},"class_list":["post-869","page","type-page","status-publish","hentry"],"yoast_head":"<!-- This site is optimized with the Yoast SEO plugin v24.0 - https:\/\/yoast.com\/wordpress\/plugins\/seo\/ -->\n<title>Kulinari\u010dna do\u017eivetja - Panonska vas<\/title>\n<meta name=\"robots\" content=\"index, follow, max-snippet:-1, max-image-preview:large, max-video-preview:-1\" \/>\n<link rel=\"canonical\" href=\"https:\/\/www.panonskavas.si\/en\/kulinaricna-dozivetja\/\" \/>\n<meta property=\"og:locale\" content=\"en_GB\" \/>\n<meta property=\"og:type\" content=\"article\" \/>\n<meta property=\"og:title\" content=\"Kulinari\u010dna do\u017eivetja - Panonska vas\" \/>\n<meta property=\"og:description\" content=\"Doma\u010de in lokalno Z najve\u010djim veseljem vas bomo kulinari\u010dno razvajali z, denimo, pravo doma\u010do \u0161unko. Zraven te vam bomo na leseni deski postregli \u0161e klobase, kruh, slanino, zaseko in ocvirke \u2013 vse, seveda, doma\u010de. Za piko na i, kar zadeva okus Prekmurja, bo poskrbela \u0161e doma\u010da \u010debula. Kulinari\u010dno razvajanje v Panonski vasi V Panonski vasi [&hellip;]\" \/>\n<meta property=\"og:url\" content=\"https:\/\/www.panonskavas.si\/en\/kulinaricna-dozivetja\/\" \/>\n<meta property=\"og:site_name\" content=\"Panonska vas\" \/>\n<meta property=\"article:modified_time\" content=\"2024-06-18T20:05:36+00:00\" \/>\n<meta property=\"og:image\" content=\"https:\/\/www.panonskavas.si\/wp-content\/uploads\/2022\/07\/41645625400IMG_20220223_WA0002-1024x604.jpg\" \/>\n<meta name=\"twitter:card\" content=\"summary_large_image\" \/>\n<meta name=\"twitter:label1\" content=\"Estimated reading time\" \/>\n\t<meta name=\"twitter:data1\" content=\"4 minutes\" \/>\n<script type=\"application\/ld+json\" class=\"yoast-schema-graph\">{\"@context\":\"https:\/\/schema.org\",\"@graph\":[{\"@type\":\"WebPage\",\"@id\":\"https:\/\/www.panonskavas.si\/kulinaricna-dozivetja\/\",\"url\":\"https:\/\/www.panonskavas.si\/kulinaricna-dozivetja\/\",\"name\":\"Kulinari\u010dna do\u017eivetja - Panonska vas\",\"isPartOf\":{\"@id\":\"https:\/\/www.panonskavas.si\/#website\"},\"primaryImageOfPage\":{\"@id\":\"https:\/\/www.panonskavas.si\/kulinaricna-dozivetja\/#primaryimage\"},\"image\":{\"@id\":\"https:\/\/www.panonskavas.si\/kulinaricna-dozivetja\/#primaryimage\"},\"thumbnailUrl\":\"https:\/\/www.panonskavas.si\/wp-content\/uploads\/2022\/07\/41645625400IMG_20220223_WA0002-1024x604.jpg\",\"datePublished\":\"2022-08-03T06:42:35+00:00\",\"dateModified\":\"2024-06-18T20:05:36+00:00\",\"breadcrumb\":{\"@id\":\"https:\/\/www.panonskavas.si\/kulinaricna-dozivetja\/#breadcrumb\"},\"inLanguage\":\"en-GB\",\"potentialAction\":[{\"@type\":\"ReadAction\",\"target\":[\"https:\/\/www.panonskavas.si\/kulinaricna-dozivetja\/\"]}]},{\"@type\":\"ImageObject\",\"inLanguage\":\"en-GB\",\"@id\":\"https:\/\/www.panonskavas.si\/kulinaricna-dozivetja\/#primaryimage\",\"url\":\"https:\/\/www.panonskavas.si\/wp-content\/uploads\/2022\/07\/41645625400IMG_20220223_WA0002-1024x604.jpg\",\"contentUrl\":\"https:\/\/www.panonskavas.si\/wp-content\/uploads\/2022\/07\/41645625400IMG_20220223_WA0002-1024x604.jpg\"},{\"@type\":\"BreadcrumbList\",\"@id\":\"https:\/\/www.panonskavas.si\/kulinaricna-dozivetja\/#breadcrumb\",\"itemListElement\":[{\"@type\":\"ListItem\",\"position\":1,\"name\":\"Home\",\"item\":\"https:\/\/www.panonskavas.si\/\"},{\"@type\":\"ListItem\",\"position\":2,\"name\":\"Kulinari\u010dna do\u017eivetja\"}]},{\"@type\":\"WebSite\",\"@id\":\"https:\/\/www.panonskavas.si\/#website\",\"url\":\"https:\/\/www.panonskavas.si\/\",\"name\":\"Panonska vas\",\"description\":\"\",\"publisher\":{\"@id\":\"https:\/\/www.panonskavas.si\/#organization\"},\"potentialAction\":[{\"@type\":\"SearchAction\",\"target\":{\"@type\":\"EntryPoint\",\"urlTemplate\":\"https:\/\/www.panonskavas.si\/?s={search_term_string}\"},\"query-input\":{\"@type\":\"PropertyValueSpecification\",\"valueRequired\":true,\"valueName\":\"search_term_string\"}}],\"inLanguage\":\"en-GB\"},{\"@type\":\"Organization\",\"@id\":\"https:\/\/www.panonskavas.si\/#organization\",\"name\":\"Panonska vas\",\"url\":\"https:\/\/www.panonskavas.si\/\",\"logo\":{\"@type\":\"ImageObject\",\"inLanguage\":\"en-GB\",\"@id\":\"https:\/\/www.panonskavas.si\/#\/schema\/logo\/image\/\",\"url\":\"https:\/\/www.panonskavas.si\/wp-content\/uploads\/2022\/07\/panonskavas-logo.png\",\"contentUrl\":\"https:\/\/www.panonskavas.si\/wp-content\/uploads\/2022\/07\/panonskavas-logo.png\",\"width\":221,\"height\":69,\"caption\":\"Panonska vas\"},\"image\":{\"@id\":\"https:\/\/www.panonskavas.si\/#\/schema\/logo\/image\/\"}}]}<\/script>\n<!-- \/ Yoast SEO plugin. -->","yoast_head_json":{"title":"Kulinari\u010dna do\u017eivetja - Panonska vas","robots":{"index":"index","follow":"follow","max-snippet":"max-snippet:-1","max-image-preview":"max-image-preview:large","max-video-preview":"max-video-preview:-1"},"canonical":"https:\/\/www.panonskavas.si\/en\/kulinaricna-dozivetja\/","og_locale":"en_GB","og_type":"article","og_title":"Kulinari\u010dna do\u017eivetja - Panonska vas","og_description":"Doma\u010de in lokalno Z najve\u010djim veseljem vas bomo kulinari\u010dno razvajali z, denimo, pravo doma\u010do \u0161unko. Zraven te vam bomo na leseni deski postregli \u0161e klobase, kruh, slanino, zaseko in ocvirke \u2013 vse, seveda, doma\u010de. Za piko na i, kar zadeva okus Prekmurja, bo poskrbela \u0161e doma\u010da \u010debula. Kulinari\u010dno razvajanje v Panonski vasi V Panonski vasi [&hellip;]","og_url":"https:\/\/www.panonskavas.si\/en\/kulinaricna-dozivetja\/","og_site_name":"Panonska vas","article_modified_time":"2024-06-18T20:05:36+00:00","og_image":[{"url":"https:\/\/www.panonskavas.si\/wp-content\/uploads\/2022\/07\/41645625400IMG_20220223_WA0002-1024x604.jpg","type":"","width":"","height":""}],"twitter_card":"summary_large_image","twitter_misc":{"Estimated reading time":"4 minutes"},"schema":{"@context":"https:\/\/schema.org","@graph":[{"@type":"WebPage","@id":"https:\/\/www.panonskavas.si\/kulinaricna-dozivetja\/","url":"https:\/\/www.panonskavas.si\/kulinaricna-dozivetja\/","name":"Kulinari\u010dna do\u017eivetja - Panonska vas","isPartOf":{"@id":"https:\/\/www.panonskavas.si\/#website"},"primaryImageOfPage":{"@id":"https:\/\/www.panonskavas.si\/kulinaricna-dozivetja\/#primaryimage"},"image":{"@id":"https:\/\/www.panonskavas.si\/kulinaricna-dozivetja\/#primaryimage"},"thumbnailUrl":"https:\/\/www.panonskavas.si\/wp-content\/uploads\/2022\/07\/41645625400IMG_20220223_WA0002-1024x604.jpg","datePublished":"2022-08-03T06:42:35+00:00","dateModified":"2024-06-18T20:05:36+00:00","breadcrumb":{"@id":"https:\/\/www.panonskavas.si\/kulinaricna-dozivetja\/#breadcrumb"},"inLanguage":"en-GB","potentialAction":[{"@type":"ReadAction","target":["https:\/\/www.panonskavas.si\/kulinaricna-dozivetja\/"]}]},{"@type":"ImageObject","inLanguage":"en-GB","@id":"https:\/\/www.panonskavas.si\/kulinaricna-dozivetja\/#primaryimage","url":"https:\/\/www.panonskavas.si\/wp-content\/uploads\/2022\/07\/41645625400IMG_20220223_WA0002-1024x604.jpg","contentUrl":"https:\/\/www.panonskavas.si\/wp-content\/uploads\/2022\/07\/41645625400IMG_20220223_WA0002-1024x604.jpg"},{"@type":"BreadcrumbList","@id":"https:\/\/www.panonskavas.si\/kulinaricna-dozivetja\/#breadcrumb","itemListElement":[{"@type":"ListItem","position":1,"name":"Home","item":"https:\/\/www.panonskavas.si\/"},{"@type":"ListItem","position":2,"name":"Kulinari\u010dna do\u017eivetja"}]},{"@type":"WebSite","@id":"https:\/\/www.panonskavas.si\/#website","url":"https:\/\/www.panonskavas.si\/","name":"Panonska vas","description":"","publisher":{"@id":"https:\/\/www.panonskavas.si\/#organization"},"potentialAction":[{"@type":"SearchAction","target":{"@type":"EntryPoint","urlTemplate":"https:\/\/www.panonskavas.si\/?s={search_term_string}"},"query-input":{"@type":"PropertyValueSpecification","valueRequired":true,"valueName":"search_term_string"}}],"inLanguage":"en-GB"},{"@type":"Organization","@id":"https:\/\/www.panonskavas.si\/#organization","name":"Panonska vas","url":"https:\/\/www.panonskavas.si\/","logo":{"@type":"ImageObject","inLanguage":"en-GB","@id":"https:\/\/www.panonskavas.si\/#\/schema\/logo\/image\/","url":"https:\/\/www.panonskavas.si\/wp-content\/uploads\/2022\/07\/panonskavas-logo.png","contentUrl":"https:\/\/www.panonskavas.si\/wp-content\/uploads\/2022\/07\/panonskavas-logo.png","width":221,"height":69,"caption":"Panonska vas"},"image":{"@id":"https:\/\/www.panonskavas.si\/#\/schema\/logo\/image\/"}}]}},"_links":{"self":[{"href":"https:\/\/www.panonskavas.si\/en\/wp-json\/wp\/v2\/pages\/869","targetHints":{"allow":["GET"]}}],"collection":[{"href":"https:\/\/www.panonskavas.si\/en\/wp-json\/wp\/v2\/pages"}],"about":[{"href":"https:\/\/www.panonskavas.si\/en\/wp-json\/wp\/v2\/types\/page"}],"author":[{"embeddable":true,"href":"https:\/\/www.panonskavas.si\/en\/wp-json\/wp\/v2\/users\/2"}],"replies":[{"embeddable":true,"href":"https:\/\/www.panonskavas.si\/en\/wp-json\/wp\/v2\/comments?post=869"}],"version-history":[{"count":61,"href":"https:\/\/www.panonskavas.si\/en\/wp-json\/wp\/v2\/pages\/869\/revisions"}],"predecessor-version":[{"id":2326,"href":"https:\/\/www.panonskavas.si\/en\/wp-json\/wp\/v2\/pages\/869\/revisions\/2326"}],"wp:attachment":[{"href":"https:\/\/www.panonskavas.si\/en\/wp-json\/wp\/v2\/media?parent=869"}],"curies":[{"name":"wp","href":"https:\/\/api.w.org\/{rel}","templated":true}]}}