{"id":223,"date":"2022-07-24T21:04:09","date_gmt":"2022-07-24T20:04:09","guid":{"rendered":"https:\/\/www.panonskavas.si\/?page_id=223"},"modified":"2022-08-03T12:43:09","modified_gmt":"2022-08-03T11:43:09","slug":"obuditev-gorckih-domov-skozi-turizem","status":"publish","type":"page","link":"https:\/\/www.panonskavas.si\/en\/obuditev-gorckih-domov-skozi-turizem\/","title":{"rendered":"THE REVIVAL OF GOR\u010cKA HOMES THROUGH TOURISM"},"content":{"rendered":"<div data-elementor-type=\"wp-page\" data-elementor-id=\"223\" class=\"elementor elementor-223\">\n\t\t\t\t\t\t\t\t\t<section class=\"elementor-section elementor-top-section elementor-element elementor-element-4a06536 elementor-section-stretched elementor-section-boxed elementor-section-height-default elementor-section-height-default\" data-id=\"4a06536\" data-element_type=\"section\" data-settings=\"{&quot;stretch_section&quot;:&quot;section-stretched&quot;,&quot;background_background&quot;:&quot;classic&quot;}\">\n\t\t\t\t\t\t\t<div class=\"elementor-background-overlay\"><\/div>\n\t\t\t\t\t\t\t<div class=\"elementor-container elementor-column-gap-default\">\n\t\t\t\t\t<div class=\"elementor-column elementor-col-100 elementor-top-column elementor-element elementor-element-f2fc3df\" data-id=\"f2fc3df\" data-element_type=\"column\">\n\t\t\t<div class=\"elementor-widget-wrap elementor-element-populated\">\n\t\t\t\t\t\t\t\t<div class=\"elementor-element elementor-element-d7982ed header-text elementor-widget elementor-widget-heading\" data-id=\"d7982ed\" data-element_type=\"widget\" data-widget_type=\"heading.default\">\n\t\t\t\t<div class=\"elementor-widget-container\">\n\t\t\t<style>\/*! elementor - v3.12.2 - 23-04-2023 *\/\n.elementor-heading-title{padding:0;margin:0;line-height:1}.elementor-widget-heading .elementor-heading-title[class*=elementor-size-]>a{color:inherit;font-size:inherit;line-height:inherit}.elementor-widget-heading .elementor-heading-title.elementor-size-small{font-size:15px}.elementor-widget-heading .elementor-heading-title.elementor-size-medium{font-size:19px}.elementor-widget-heading .elementor-heading-title.elementor-size-large{font-size:29px}.elementor-widget-heading .elementor-heading-title.elementor-size-xl{font-size:39px}.elementor-widget-heading .elementor-heading-title.elementor-size-xxl{font-size:59px}<\/style><h2 class=\"elementor-heading-title elementor-size-default\">THE REVIVAL OF GOR\u010cKA HOMES THROUGH TOURISM<\/h2>\t\t<\/div>\n\t\t\t\t<\/div>\n\t\t\t\t\t<\/div>\n\t\t<\/div>\n\t\t\t\t\t\t\t<\/div>\n\t\t<\/section>\n\t\t\t\t<section class=\"elementor-section elementor-top-section elementor-element elementor-element-e73932c elementor-section-boxed elementor-section-height-default elementor-section-height-default\" data-id=\"e73932c\" data-element_type=\"section\">\n\t\t\t\t\t\t<div class=\"elementor-container elementor-column-gap-default\">\n\t\t\t\t\t<div class=\"elementor-column elementor-col-100 elementor-top-column elementor-element elementor-element-d48d51b\" data-id=\"d48d51b\" data-element_type=\"column\">\n\t\t\t<div class=\"elementor-widget-wrap elementor-element-populated\">\n\t\t\t\t\t\t\t\t<div class=\"elementor-element elementor-element-6a68ce7 elementor-widget elementor-widget-text-editor\" data-id=\"6a68ce7\" data-element_type=\"widget\" data-widget_type=\"text-editor.default\">\n\t\t\t\t<div class=\"elementor-widget-container\">\n\t\t\t<style>\/*! elementor - v3.12.2 - 23-04-2023 *\/\n.elementor-widget-text-editor.elementor-drop-cap-view-stacked .elementor-drop-cap{background-color:#69727d;color:#fff}.elementor-widget-text-editor.elementor-drop-cap-view-framed .elementor-drop-cap{color:#69727d;border:3px solid;background-color:transparent}.elementor-widget-text-editor:not(.elementor-drop-cap-view-default) .elementor-drop-cap{margin-top:8px}.elementor-widget-text-editor:not(.elementor-drop-cap-view-default) .elementor-drop-cap-letter{width:1em;height:1em}.elementor-widget-text-editor .elementor-drop-cap{float:left;text-align:center;line-height:1;font-size:50px}.elementor-widget-text-editor .elementor-drop-cap-letter{display:inline-block}<\/style>\t\t\t\t<p>Support for the implementation of operations under the strategy of community-led local development - agriculture (3.JR)<\/p><p><a href=\"https:\/\/www.program-podezelja.si\/\" target=\"_blank\" rel=\"noopener\"><img loading=\"lazy\" decoding=\"async\" src=\"https:\/\/panonskavas.si\/data\/galerija\/6573480be549e463865af096d7ff5ea3c84d6c20\/1657104869evropski_kmetijski_sklad_za_razvoj_podezelja.jpg\" alt=\"\" width=\"604\" height=\"149\" \/><\/a><\/p><p>TITLE: REVIVAL OF HOMES THROUGH TOURISM<\/p><p>DURATION: October 2021- September 2022<\/p><p>Total value of the project: 27,500.36 EUR<\/p><p>The project is co-financed by the European Agricultural Fund for Rural Development in the amount of EUR 16,210.55.<\/p><p>\u00a0With the operation, we want to improve the tourist attractiveness of the LAS Gori\u010dko area by connecting the tourist and<\/p><p>program offers into an innovative product of sustainable tourism and promote the preservation of natural,<\/p><p>cultural and historical heritage in the area of LAS Gori\u010dko. We will launch a new tourist<\/p><p>Gori\u010dko homes product. Indirectly, in this way, we will increase the number of independent units - accommodation facilities in the LAS area, increase the number of overnight stays and establish a strong partnership network for the development of support programs for tourists who will spend the night in Gori\u010dko homes.<\/p><p>\u00a0OBJECTIVES:<\/p><ul><li>Establish an innovative public-private partnership and launch a new accommodation facility within Gori\u010dko homes by 30.9.2021, where we will include two social enterprises and consequently strengthen entrepreneurial activity and knowledge of social entrepreneurship through product marketing.<\/li><li>Create a brand and present the new tourist product Gori\u010dko homes to the public by September 30, 2021.<\/li><li>Establish a new information point to help with the development of accommodation facilities and supporting animation services for tourists in the Gori\u010dko LAS area by 30 September 2022.<\/li><li>Create and market a new Gori\u010dko homes catalog - experiences in central Gori\u010dko until 30\/09\/2022.<\/li><li>Create and launch the first own Gori\u010dko homes reservation platform by September 30, 2021.<\/li><\/ul><p>\u00a0<\/p><p>RESULTS:<\/p><p>\u00a0 \u2013 A new partnership for the establishment of the tourist product Gori\u010dko homes<\/p><p>\u00a0 \u2013 A new information point for property owners to set up an accommodation facility<\/p><p>\u00a0 \u2013 A new accommodation facility in Gori\u010dko included in the Gori\u010dko homes product - an abandoned Gori\u010dko house resurrected<\/p><p>\u00a0 \u2013 New Gori\u010dko homes brand<\/p><p>\u00a0 \u2013 New Gori\u010dko homes reservation system<\/p><p>\u00a0<\/p><p>European Commission website:\u00a0<a href=\"https:\/\/ec.europa.eu\/info\/food-farming-fisheries\/key-policies\/common-agricultural-policy\/rural-development\" target=\"_blank\" rel=\"noopener\">https:\/\/ec.europa.eu\/info\/food-farming-fisheries\/key-policies\/common-agricultural-policy\/rural-development<\/a><\/p><p>Rural Development Program website:\u00a0<a href=\"https:\/\/www.program-podezelja.si\/\" target=\"_blank\" rel=\"noopener\">https:\/\/www.program-podezelja.si<\/a><\/p>\t\t\t\t\t\t<\/div>\n\t\t\t\t<\/div>\n\t\t\t\t\t<\/div>\n\t\t<\/div>\n\t\t\t\t\t\t\t<\/div>\n\t\t<\/section>\n\t\t\t\t\t\t\t<\/div>","protected":false},"excerpt":{"rendered":"<p>Support for the implementation of operations within the framework of the community-led local development strategy - agriculture (3.JR) TITLE: REVIVAL OF HOMES THROUGH TRAJANE TOURISM: October 2021- September 2022 Total project value: EUR 27,500.36 The project is co-financed by the European Agricultural Fund for rural development in the amount of EUR 16,210.55. With the operation, we want to improve the tourist attractiveness of the LAS Gori\u010dko area with [...]<\/p>","protected":false},"author":3,"featured_media":0,"parent":0,"menu_order":0,"comment_status":"closed","ping_status":"closed","template":"","meta":{"footnotes":""},"class_list":["post-223","page","type-page","status-publish","hentry"],"yoast_head":"<!-- This site is optimized with the Yoast SEO plugin v24.0 - https:\/\/yoast.com\/wordpress\/plugins\/seo\/ -->\n<title>OBUDITEV GOR\u010cKIH DOMOV SKOZI TURIZEM - Panonska vas<\/title>\n<meta name=\"robots\" content=\"index, follow, max-snippet:-1, max-image-preview:large, max-video-preview:-1\" \/>\n<link rel=\"canonical\" href=\"https:\/\/www.panonskavas.si\/en\/obuditev-gorckih-domov-skozi-turizem\/\" \/>\n<meta property=\"og:locale\" content=\"en_GB\" \/>\n<meta property=\"og:type\" content=\"article\" \/>\n<meta property=\"og:title\" content=\"OBUDITEV GOR\u010cKIH DOMOV SKOZI TURIZEM - Panonska vas\" \/>\n<meta property=\"og:description\" content=\"Podpora za izvajanje operacij v okviru strategije lokalnega razvoja, ki ga vodi skupnost &#8211; kmetijstvo (3.JR) NAZIV: OBUDITEV DOMOV\u00a0SKOZI TURIZEM TRAJANE:\u00a0 oktober 2021- september 2022 Skupna vrednost projekta: 27,500,36 EUR Projekt je sofinanciran s strani Evropskega kmetijskega sklada za razvoj pode\u017eelja v vi\u0161ini 16.210,55 EUR. \u00a0Z operacijo \u017eelimo izbolj\u0161ati turisti\u010dno privla\u010dnost obmo\u010dja LAS Gori\u010dko s [&hellip;]\" \/>\n<meta property=\"og:url\" content=\"https:\/\/www.panonskavas.si\/en\/obuditev-gorckih-domov-skozi-turizem\/\" \/>\n<meta property=\"og:site_name\" content=\"Panonska vas\" \/>\n<meta property=\"article:modified_time\" content=\"2022-08-03T11:43:09+00:00\" \/>\n<meta property=\"og:image\" content=\"https:\/\/panonskavas.si\/data\/galerija\/6573480be549e463865af096d7ff5ea3c84d6c20\/1657104869evropski_kmetijski_sklad_za_razvoj_podezelja.jpg\" \/>\n<meta name=\"twitter:card\" content=\"summary_large_image\" \/>\n<meta name=\"twitter:label1\" content=\"Estimated reading time\" \/>\n\t<meta name=\"twitter:data1\" content=\"2 minutes\" \/>\n<script type=\"application\/ld+json\" class=\"yoast-schema-graph\">{\"@context\":\"https:\/\/schema.org\",\"@graph\":[{\"@type\":\"WebPage\",\"@id\":\"https:\/\/www.panonskavas.si\/obuditev-gorckih-domov-skozi-turizem\/\",\"url\":\"https:\/\/www.panonskavas.si\/obuditev-gorckih-domov-skozi-turizem\/\",\"name\":\"OBUDITEV GOR\u010cKIH DOMOV SKOZI TURIZEM - Panonska vas\",\"isPartOf\":{\"@id\":\"https:\/\/www.panonskavas.si\/#website\"},\"primaryImageOfPage\":{\"@id\":\"https:\/\/www.panonskavas.si\/obuditev-gorckih-domov-skozi-turizem\/#primaryimage\"},\"image\":{\"@id\":\"https:\/\/www.panonskavas.si\/obuditev-gorckih-domov-skozi-turizem\/#primaryimage\"},\"thumbnailUrl\":\"https:\/\/panonskavas.si\/data\/galerija\/6573480be549e463865af096d7ff5ea3c84d6c20\/1657104869evropski_kmetijski_sklad_za_razvoj_podezelja.jpg\",\"datePublished\":\"2022-07-24T20:04:09+00:00\",\"dateModified\":\"2022-08-03T11:43:09+00:00\",\"breadcrumb\":{\"@id\":\"https:\/\/www.panonskavas.si\/obuditev-gorckih-domov-skozi-turizem\/#breadcrumb\"},\"inLanguage\":\"en-GB\",\"potentialAction\":[{\"@type\":\"ReadAction\",\"target\":[\"https:\/\/www.panonskavas.si\/obuditev-gorckih-domov-skozi-turizem\/\"]}]},{\"@type\":\"ImageObject\",\"inLanguage\":\"en-GB\",\"@id\":\"https:\/\/www.panonskavas.si\/obuditev-gorckih-domov-skozi-turizem\/#primaryimage\",\"url\":\"https:\/\/panonskavas.si\/data\/galerija\/6573480be549e463865af096d7ff5ea3c84d6c20\/1657104869evropski_kmetijski_sklad_za_razvoj_podezelja.jpg\",\"contentUrl\":\"https:\/\/panonskavas.si\/data\/galerija\/6573480be549e463865af096d7ff5ea3c84d6c20\/1657104869evropski_kmetijski_sklad_za_razvoj_podezelja.jpg\"},{\"@type\":\"BreadcrumbList\",\"@id\":\"https:\/\/www.panonskavas.si\/obuditev-gorckih-domov-skozi-turizem\/#breadcrumb\",\"itemListElement\":[{\"@type\":\"ListItem\",\"position\":1,\"name\":\"Home\",\"item\":\"https:\/\/www.panonskavas.si\/\"},{\"@type\":\"ListItem\",\"position\":2,\"name\":\"OBUDITEV GOR\u010cKIH DOMOV SKOZI TURIZEM\"}]},{\"@type\":\"WebSite\",\"@id\":\"https:\/\/www.panonskavas.si\/#website\",\"url\":\"https:\/\/www.panonskavas.si\/\",\"name\":\"Panonska vas\",\"description\":\"\",\"publisher\":{\"@id\":\"https:\/\/www.panonskavas.si\/#organization\"},\"potentialAction\":[{\"@type\":\"SearchAction\",\"target\":{\"@type\":\"EntryPoint\",\"urlTemplate\":\"https:\/\/www.panonskavas.si\/?s={search_term_string}\"},\"query-input\":{\"@type\":\"PropertyValueSpecification\",\"valueRequired\":true,\"valueName\":\"search_term_string\"}}],\"inLanguage\":\"en-GB\"},{\"@type\":\"Organization\",\"@id\":\"https:\/\/www.panonskavas.si\/#organization\",\"name\":\"Panonska vas\",\"url\":\"https:\/\/www.panonskavas.si\/\",\"logo\":{\"@type\":\"ImageObject\",\"inLanguage\":\"en-GB\",\"@id\":\"https:\/\/www.panonskavas.si\/#\/schema\/logo\/image\/\",\"url\":\"https:\/\/www.panonskavas.si\/wp-content\/uploads\/2022\/07\/panonskavas-logo.png\",\"contentUrl\":\"https:\/\/www.panonskavas.si\/wp-content\/uploads\/2022\/07\/panonskavas-logo.png\",\"width\":221,\"height\":69,\"caption\":\"Panonska vas\"},\"image\":{\"@id\":\"https:\/\/www.panonskavas.si\/#\/schema\/logo\/image\/\"}}]}<\/script>\n<!-- \/ Yoast SEO plugin. -->","yoast_head_json":{"title":"OBUDITEV GOR\u010cKIH DOMOV SKOZI TURIZEM - Panonska vas","robots":{"index":"index","follow":"follow","max-snippet":"max-snippet:-1","max-image-preview":"max-image-preview:large","max-video-preview":"max-video-preview:-1"},"canonical":"https:\/\/www.panonskavas.si\/en\/obuditev-gorckih-domov-skozi-turizem\/","og_locale":"en_GB","og_type":"article","og_title":"OBUDITEV GOR\u010cKIH DOMOV SKOZI TURIZEM - Panonska vas","og_description":"Podpora za izvajanje operacij v okviru strategije lokalnega razvoja, ki ga vodi skupnost &#8211; kmetijstvo (3.JR) NAZIV: OBUDITEV DOMOV\u00a0SKOZI TURIZEM TRAJANE:\u00a0 oktober 2021- september 2022 Skupna vrednost projekta: 27,500,36 EUR Projekt je sofinanciran s strani Evropskega kmetijskega sklada za razvoj pode\u017eelja v vi\u0161ini 16.210,55 EUR. \u00a0Z operacijo \u017eelimo izbolj\u0161ati turisti\u010dno privla\u010dnost obmo\u010dja LAS Gori\u010dko s [&hellip;]","og_url":"https:\/\/www.panonskavas.si\/en\/obuditev-gorckih-domov-skozi-turizem\/","og_site_name":"Panonska vas","article_modified_time":"2022-08-03T11:43:09+00:00","og_image":[{"url":"https:\/\/panonskavas.si\/data\/galerija\/6573480be549e463865af096d7ff5ea3c84d6c20\/1657104869evropski_kmetijski_sklad_za_razvoj_podezelja.jpg","type":"","width":"","height":""}],"twitter_card":"summary_large_image","twitter_misc":{"Estimated reading time":"2 minutes"},"schema":{"@context":"https:\/\/schema.org","@graph":[{"@type":"WebPage","@id":"https:\/\/www.panonskavas.si\/obuditev-gorckih-domov-skozi-turizem\/","url":"https:\/\/www.panonskavas.si\/obuditev-gorckih-domov-skozi-turizem\/","name":"OBUDITEV GOR\u010cKIH DOMOV SKOZI TURIZEM - Panonska vas","isPartOf":{"@id":"https:\/\/www.panonskavas.si\/#website"},"primaryImageOfPage":{"@id":"https:\/\/www.panonskavas.si\/obuditev-gorckih-domov-skozi-turizem\/#primaryimage"},"image":{"@id":"https:\/\/www.panonskavas.si\/obuditev-gorckih-domov-skozi-turizem\/#primaryimage"},"thumbnailUrl":"https:\/\/panonskavas.si\/data\/galerija\/6573480be549e463865af096d7ff5ea3c84d6c20\/1657104869evropski_kmetijski_sklad_za_razvoj_podezelja.jpg","datePublished":"2022-07-24T20:04:09+00:00","dateModified":"2022-08-03T11:43:09+00:00","breadcrumb":{"@id":"https:\/\/www.panonskavas.si\/obuditev-gorckih-domov-skozi-turizem\/#breadcrumb"},"inLanguage":"en-GB","potentialAction":[{"@type":"ReadAction","target":["https:\/\/www.panonskavas.si\/obuditev-gorckih-domov-skozi-turizem\/"]}]},{"@type":"ImageObject","inLanguage":"en-GB","@id":"https:\/\/www.panonskavas.si\/obuditev-gorckih-domov-skozi-turizem\/#primaryimage","url":"https:\/\/panonskavas.si\/data\/galerija\/6573480be549e463865af096d7ff5ea3c84d6c20\/1657104869evropski_kmetijski_sklad_za_razvoj_podezelja.jpg","contentUrl":"https:\/\/panonskavas.si\/data\/galerija\/6573480be549e463865af096d7ff5ea3c84d6c20\/1657104869evropski_kmetijski_sklad_za_razvoj_podezelja.jpg"},{"@type":"BreadcrumbList","@id":"https:\/\/www.panonskavas.si\/obuditev-gorckih-domov-skozi-turizem\/#breadcrumb","itemListElement":[{"@type":"ListItem","position":1,"name":"Home","item":"https:\/\/www.panonskavas.si\/"},{"@type":"ListItem","position":2,"name":"OBUDITEV GOR\u010cKIH DOMOV SKOZI TURIZEM"}]},{"@type":"WebSite","@id":"https:\/\/www.panonskavas.si\/#website","url":"https:\/\/www.panonskavas.si\/","name":"Panonska vas","description":"","publisher":{"@id":"https:\/\/www.panonskavas.si\/#organization"},"potentialAction":[{"@type":"SearchAction","target":{"@type":"EntryPoint","urlTemplate":"https:\/\/www.panonskavas.si\/?s={search_term_string}"},"query-input":{"@type":"PropertyValueSpecification","valueRequired":true,"valueName":"search_term_string"}}],"inLanguage":"en-GB"},{"@type":"Organization","@id":"https:\/\/www.panonskavas.si\/#organization","name":"Panonska vas","url":"https:\/\/www.panonskavas.si\/","logo":{"@type":"ImageObject","inLanguage":"en-GB","@id":"https:\/\/www.panonskavas.si\/#\/schema\/logo\/image\/","url":"https:\/\/www.panonskavas.si\/wp-content\/uploads\/2022\/07\/panonskavas-logo.png","contentUrl":"https:\/\/www.panonskavas.si\/wp-content\/uploads\/2022\/07\/panonskavas-logo.png","width":221,"height":69,"caption":"Panonska vas"},"image":{"@id":"https:\/\/www.panonskavas.si\/#\/schema\/logo\/image\/"}}]}},"_links":{"self":[{"href":"https:\/\/www.panonskavas.si\/en\/wp-json\/wp\/v2\/pages\/223","targetHints":{"allow":["GET"]}}],"collection":[{"href":"https:\/\/www.panonskavas.si\/en\/wp-json\/wp\/v2\/pages"}],"about":[{"href":"https:\/\/www.panonskavas.si\/en\/wp-json\/wp\/v2\/types\/page"}],"author":[{"embeddable":true,"href":"https:\/\/www.panonskavas.si\/en\/wp-json\/wp\/v2\/users\/3"}],"replies":[{"embeddable":true,"href":"https:\/\/www.panonskavas.si\/en\/wp-json\/wp\/v2\/comments?post=223"}],"version-history":[{"count":7,"href":"https:\/\/www.panonskavas.si\/en\/wp-json\/wp\/v2\/pages\/223\/revisions"}],"predecessor-version":[{"id":1475,"href":"https:\/\/www.panonskavas.si\/en\/wp-json\/wp\/v2\/pages\/223\/revisions\/1475"}],"wp:attachment":[{"href":"https:\/\/www.panonskavas.si\/en\/wp-json\/wp\/v2\/media?parent=223"}],"curies":[{"name":"wp","href":"https:\/\/api.w.org\/{rel}","templated":true}]}}