{"id":1707,"date":"2022-10-05T14:35:49","date_gmt":"2022-10-05T13:35:49","guid":{"rendered":"https:\/\/www.panonskavas.si\/?page_id=1707"},"modified":"2022-10-05T14:44:10","modified_gmt":"2022-10-05T13:44:10","slug":"politika-zasebnosti","status":"publish","type":"page","link":"https:\/\/www.panonskavas.si\/en\/politika-zasebnosti\/","title":{"rendered":"Privacy policy"},"content":{"rendered":"<div data-elementor-type=\"wp-page\" data-elementor-id=\"1707\" class=\"elementor elementor-1707\">\n\t\t\t\t\t\t\t\t\t<section class=\"elementor-section elementor-top-section elementor-element elementor-element-4ac599b elementor-section-boxed elementor-section-height-default elementor-section-height-default\" data-id=\"4ac599b\" data-element_type=\"section\">\n\t\t\t\t\t\t<div class=\"elementor-container elementor-column-gap-default\">\n\t\t\t\t\t<div class=\"elementor-column elementor-col-100 elementor-top-column elementor-element elementor-element-492e88d9\" data-id=\"492e88d9\" data-element_type=\"column\">\n\t\t\t<div class=\"elementor-widget-wrap elementor-element-populated\">\n\t\t\t\t\t\t\t\t<div class=\"elementor-element elementor-element-61360fb3 elementor-widget elementor-widget-text-editor\" data-id=\"61360fb3\" data-element_type=\"widget\" data-widget_type=\"text-editor.default\">\n\t\t\t\t<div class=\"elementor-widget-container\">\n\t\t\t<style>\/*! elementor - v3.12.2 - 23-04-2023 *\/\n.elementor-widget-text-editor.elementor-drop-cap-view-stacked .elementor-drop-cap{background-color:#69727d;color:#fff}.elementor-widget-text-editor.elementor-drop-cap-view-framed .elementor-drop-cap{color:#69727d;border:3px solid;background-color:transparent}.elementor-widget-text-editor:not(.elementor-drop-cap-view-default) .elementor-drop-cap{margin-top:8px}.elementor-widget-text-editor:not(.elementor-drop-cap-view-default) .elementor-drop-cap-letter{width:1em;height:1em}.elementor-widget-text-editor .elementor-drop-cap{float:left;text-align:center;line-height:1;font-size:50px}.elementor-widget-text-editor .elementor-drop-cap-letter{display:inline-block}<\/style>\t\t\t\t<h3>WHAT INFORMATION DO WE COLLECT ABOUT YOU?<\/h3>\r\n<div class=\"content\">For the purposes of realizing an online reservation, contact information and information about the holder of the reservation or the guest are stored.<\/div>\r\n<h3>WHAT DO WE USE YOUR DATA FOR?<\/h3>\r\n<div class=\"content\">We can use your data to answer questions or realization of the sent reservation or request. Your information will not be sold, exchanged, transferred or given to any other company for any reason.<\/div>\r\n<h3>HOW DO WE PROTECT YOUR DATA?<\/h3>\r\n<div class=\"content\">\r\n\r\nYour data related to the reservation is stored in the reservation system, which we use to manage reservations (the system provider is the company INTERSPLET doo) for the purposes of its implementation. Only persons employed by the company have access to the data and have the rights assigned to them (reception, support). All data between the website and the reservation system is transmitted via a secure HTTPS connection. Online payments and other transactions are carried out on the websites of the service provider (e.g. banks, PayPal) and are not processed or stored by us.\r\n\r\n<\/div>\r\n<h3>DO WE USE COOKIES?<\/h3>\r\n<div class=\"content\">\r\n\r\nYes. Cookies are small files that we place on your computer&#039;s hard drive through your web browser (if you allow) that allow our system to recognize your browser and capture and remember certain information. We also use cookies to help us compile aggregate data about site traffic and site interaction so that we can offer better site experiences and tools in the future. If you disable cookies, some features will be disabled. Some functionality that makes the service experience more efficient will be disabled. Some of our services will not work properly. More about cookies: \/biskotki\/\r\n\r\n<\/div>\r\n<h3>DISCLOSURE TO THIRD PARTIES<\/h3>\r\n<div class=\"content\">We do not sell, trade or otherwise transfer your personal data to external parties.<\/div>\r\n<h3>THIRD PARTY LINKS<\/h3>\r\n<div class=\"content\">We may include or offer third party products or services on the Website. These third party websites have separate and independent privacy policies. For this reason, we are not responsible for the content and activities of these linked websites. However, we strive to protect the integrity of our site, so any feedback about these web pages is welcome.<\/div>\r\n<h3>CHANGES TO OUR PRIVACY POLICY<\/h3>\r\n<div class=\"content\">If we decide to change our privacy policy, we will post those changes on this page.<\/div>\r\n<h3>CONTACT US<\/h3>\r\n<div class=\"content\">If you have any questions about this privacy policy, please contact us via the contact page or the published contacts.<\/div>\t\t\t\t\t\t<\/div>\n\t\t\t\t<\/div>\n\t\t\t\t\t<\/div>\n\t\t<\/div>\n\t\t\t\t\t\t\t<\/div>\n\t\t<\/section>\n\t\t\t\t\t\t\t<\/div>","protected":false},"excerpt":{"rendered":"<p>WHAT INFORMATION DO WE COLLECT ABOUT YOU? For the purposes of realizing an online reservation, contact information and information about the holder of the reservation or the guest are stored. WHAT DO WE USE YOUR DATA FOR? We can use your data to answer questions or realization of the sent reservation or request. Your information will not be sold, exchanged, transferred or given to any other company from any [\u2026]<\/p>","protected":false},"author":2,"featured_media":0,"parent":0,"menu_order":0,"comment_status":"closed","ping_status":"closed","template":"","meta":{"footnotes":""},"class_list":["post-1707","page","type-page","status-publish","hentry"],"yoast_head":"<!-- This site is optimized with the Yoast SEO plugin v24.0 - https:\/\/yoast.com\/wordpress\/plugins\/seo\/ -->\n<title>Politika zasebnosti - Panonska vas<\/title>\n<meta name=\"robots\" content=\"index, follow, max-snippet:-1, max-image-preview:large, max-video-preview:-1\" \/>\n<link rel=\"canonical\" href=\"https:\/\/www.panonskavas.si\/en\/politika-zasebnosti\/\" \/>\n<meta property=\"og:locale\" content=\"en_GB\" \/>\n<meta property=\"og:type\" content=\"article\" \/>\n<meta property=\"og:title\" content=\"Politika zasebnosti - Panonska vas\" \/>\n<meta property=\"og:description\" content=\"KATERE VA\u0160E INFORMACIJE ZBIRAMO? Za potrebe realizacije spletne rezervacije se shranijo kontaktni podatki in podatki o nosilcu rezervacije ali gostu. ZA KAJ UPORABLJAMO VA\u0160E PODATKE? Va\u0161e podatke lahko uporabimo za odgovarjanje na vpra\u0161anja oz. realizacijo poslane rezervacije ali povpra\u0161evanja. Va\u0161i podatki se ne bodo prodajali, zamenjali, prena\u0161ali ali dali kateri koli drugi dru\u017ebi iz kakr\u0161nega [&hellip;]\" \/>\n<meta property=\"og:url\" content=\"https:\/\/www.panonskavas.si\/en\/politika-zasebnosti\/\" \/>\n<meta property=\"og:site_name\" content=\"Panonska vas\" \/>\n<meta property=\"article:modified_time\" content=\"2022-10-05T13:44:10+00:00\" \/>\n<meta name=\"twitter:card\" content=\"summary_large_image\" \/>\n<meta name=\"twitter:label1\" content=\"Estimated reading time\" \/>\n\t<meta name=\"twitter:data1\" content=\"2 minutes\" \/>\n<script type=\"application\/ld+json\" class=\"yoast-schema-graph\">{\"@context\":\"https:\/\/schema.org\",\"@graph\":[{\"@type\":\"WebPage\",\"@id\":\"https:\/\/www.panonskavas.si\/politika-zasebnosti\/\",\"url\":\"https:\/\/www.panonskavas.si\/politika-zasebnosti\/\",\"name\":\"Politika zasebnosti - Panonska vas\",\"isPartOf\":{\"@id\":\"https:\/\/www.panonskavas.si\/#website\"},\"datePublished\":\"2022-10-05T13:35:49+00:00\",\"dateModified\":\"2022-10-05T13:44:10+00:00\",\"breadcrumb\":{\"@id\":\"https:\/\/www.panonskavas.si\/politika-zasebnosti\/#breadcrumb\"},\"inLanguage\":\"en-GB\",\"potentialAction\":[{\"@type\":\"ReadAction\",\"target\":[\"https:\/\/www.panonskavas.si\/politika-zasebnosti\/\"]}]},{\"@type\":\"BreadcrumbList\",\"@id\":\"https:\/\/www.panonskavas.si\/politika-zasebnosti\/#breadcrumb\",\"itemListElement\":[{\"@type\":\"ListItem\",\"position\":1,\"name\":\"Home\",\"item\":\"https:\/\/www.panonskavas.si\/\"},{\"@type\":\"ListItem\",\"position\":2,\"name\":\"Politika zasebnosti\"}]},{\"@type\":\"WebSite\",\"@id\":\"https:\/\/www.panonskavas.si\/#website\",\"url\":\"https:\/\/www.panonskavas.si\/\",\"name\":\"Panonska vas\",\"description\":\"\",\"publisher\":{\"@id\":\"https:\/\/www.panonskavas.si\/#organization\"},\"potentialAction\":[{\"@type\":\"SearchAction\",\"target\":{\"@type\":\"EntryPoint\",\"urlTemplate\":\"https:\/\/www.panonskavas.si\/?s={search_term_string}\"},\"query-input\":{\"@type\":\"PropertyValueSpecification\",\"valueRequired\":true,\"valueName\":\"search_term_string\"}}],\"inLanguage\":\"en-GB\"},{\"@type\":\"Organization\",\"@id\":\"https:\/\/www.panonskavas.si\/#organization\",\"name\":\"Panonska vas\",\"url\":\"https:\/\/www.panonskavas.si\/\",\"logo\":{\"@type\":\"ImageObject\",\"inLanguage\":\"en-GB\",\"@id\":\"https:\/\/www.panonskavas.si\/#\/schema\/logo\/image\/\",\"url\":\"https:\/\/www.panonskavas.si\/wp-content\/uploads\/2022\/07\/panonskavas-logo.png\",\"contentUrl\":\"https:\/\/www.panonskavas.si\/wp-content\/uploads\/2022\/07\/panonskavas-logo.png\",\"width\":221,\"height\":69,\"caption\":\"Panonska vas\"},\"image\":{\"@id\":\"https:\/\/www.panonskavas.si\/#\/schema\/logo\/image\/\"}}]}<\/script>\n<!-- \/ Yoast SEO plugin. -->","yoast_head_json":{"title":"Politika zasebnosti - Panonska vas","robots":{"index":"index","follow":"follow","max-snippet":"max-snippet:-1","max-image-preview":"max-image-preview:large","max-video-preview":"max-video-preview:-1"},"canonical":"https:\/\/www.panonskavas.si\/en\/politika-zasebnosti\/","og_locale":"en_GB","og_type":"article","og_title":"Politika zasebnosti - Panonska vas","og_description":"KATERE VA\u0160E INFORMACIJE ZBIRAMO? Za potrebe realizacije spletne rezervacije se shranijo kontaktni podatki in podatki o nosilcu rezervacije ali gostu. ZA KAJ UPORABLJAMO VA\u0160E PODATKE? Va\u0161e podatke lahko uporabimo za odgovarjanje na vpra\u0161anja oz. realizacijo poslane rezervacije ali povpra\u0161evanja. Va\u0161i podatki se ne bodo prodajali, zamenjali, prena\u0161ali ali dali kateri koli drugi dru\u017ebi iz kakr\u0161nega [&hellip;]","og_url":"https:\/\/www.panonskavas.si\/en\/politika-zasebnosti\/","og_site_name":"Panonska vas","article_modified_time":"2022-10-05T13:44:10+00:00","twitter_card":"summary_large_image","twitter_misc":{"Estimated reading time":"2 minutes"},"schema":{"@context":"https:\/\/schema.org","@graph":[{"@type":"WebPage","@id":"https:\/\/www.panonskavas.si\/politika-zasebnosti\/","url":"https:\/\/www.panonskavas.si\/politika-zasebnosti\/","name":"Politika zasebnosti - Panonska vas","isPartOf":{"@id":"https:\/\/www.panonskavas.si\/#website"},"datePublished":"2022-10-05T13:35:49+00:00","dateModified":"2022-10-05T13:44:10+00:00","breadcrumb":{"@id":"https:\/\/www.panonskavas.si\/politika-zasebnosti\/#breadcrumb"},"inLanguage":"en-GB","potentialAction":[{"@type":"ReadAction","target":["https:\/\/www.panonskavas.si\/politika-zasebnosti\/"]}]},{"@type":"BreadcrumbList","@id":"https:\/\/www.panonskavas.si\/politika-zasebnosti\/#breadcrumb","itemListElement":[{"@type":"ListItem","position":1,"name":"Home","item":"https:\/\/www.panonskavas.si\/"},{"@type":"ListItem","position":2,"name":"Politika zasebnosti"}]},{"@type":"WebSite","@id":"https:\/\/www.panonskavas.si\/#website","url":"https:\/\/www.panonskavas.si\/","name":"Panonska vas","description":"","publisher":{"@id":"https:\/\/www.panonskavas.si\/#organization"},"potentialAction":[{"@type":"SearchAction","target":{"@type":"EntryPoint","urlTemplate":"https:\/\/www.panonskavas.si\/?s={search_term_string}"},"query-input":{"@type":"PropertyValueSpecification","valueRequired":true,"valueName":"search_term_string"}}],"inLanguage":"en-GB"},{"@type":"Organization","@id":"https:\/\/www.panonskavas.si\/#organization","name":"Panonska vas","url":"https:\/\/www.panonskavas.si\/","logo":{"@type":"ImageObject","inLanguage":"en-GB","@id":"https:\/\/www.panonskavas.si\/#\/schema\/logo\/image\/","url":"https:\/\/www.panonskavas.si\/wp-content\/uploads\/2022\/07\/panonskavas-logo.png","contentUrl":"https:\/\/www.panonskavas.si\/wp-content\/uploads\/2022\/07\/panonskavas-logo.png","width":221,"height":69,"caption":"Panonska vas"},"image":{"@id":"https:\/\/www.panonskavas.si\/#\/schema\/logo\/image\/"}}]}},"_links":{"self":[{"href":"https:\/\/www.panonskavas.si\/en\/wp-json\/wp\/v2\/pages\/1707","targetHints":{"allow":["GET"]}}],"collection":[{"href":"https:\/\/www.panonskavas.si\/en\/wp-json\/wp\/v2\/pages"}],"about":[{"href":"https:\/\/www.panonskavas.si\/en\/wp-json\/wp\/v2\/types\/page"}],"author":[{"embeddable":true,"href":"https:\/\/www.panonskavas.si\/en\/wp-json\/wp\/v2\/users\/2"}],"replies":[{"embeddable":true,"href":"https:\/\/www.panonskavas.si\/en\/wp-json\/wp\/v2\/comments?post=1707"}],"version-history":[{"count":5,"href":"https:\/\/www.panonskavas.si\/en\/wp-json\/wp\/v2\/pages\/1707\/revisions"}],"predecessor-version":[{"id":1814,"href":"https:\/\/www.panonskavas.si\/en\/wp-json\/wp\/v2\/pages\/1707\/revisions\/1814"}],"wp:attachment":[{"href":"https:\/\/www.panonskavas.si\/en\/wp-json\/wp\/v2\/media?parent=1707"}],"curies":[{"name":"wp","href":"https:\/\/api.w.org\/{rel}","templated":true}]}}