{"id":878,"date":"2022-08-03T07:44:09","date_gmt":"2022-08-03T06:44:09","guid":{"rendered":"https:\/\/www.panonskavas.si\/?page_id=878"},"modified":"2024-06-18T20:30:33","modified_gmt":"2024-06-18T19:30:33","slug":"poslovni-dogodki","status":"publish","type":"page","link":"https:\/\/www.panonskavas.si\/de\/poslovni-dogodki\/","title":{"rendered":"Gesch\u00e4ftsveranstaltungen"},"content":{"rendered":"<div data-elementor-type=\"wp-page\" data-elementor-id=\"878\" class=\"elementor elementor-878\">\n\t\t\t\t\t\t\t\t\t<section class=\"elementor-section elementor-top-section elementor-element elementor-element-156e17c9 elementor-section-stretched elementor-section-boxed elementor-section-height-default elementor-section-height-default\" data-id=\"156e17c9\" data-element_type=\"section\" data-settings=\"{&quot;stretch_section&quot;:&quot;section-stretched&quot;,&quot;background_background&quot;:&quot;classic&quot;}\">\n\t\t\t\t\t\t\t<div class=\"elementor-background-overlay\"><\/div>\n\t\t\t\t\t\t\t<div class=\"elementor-container elementor-column-gap-default\">\n\t\t\t\t\t<div class=\"elementor-column elementor-col-100 elementor-top-column elementor-element elementor-element-62f68ead\" data-id=\"62f68ead\" data-element_type=\"column\">\n\t\t\t<div class=\"elementor-widget-wrap elementor-element-populated\">\n\t\t\t\t\t\t\t\t<div class=\"elementor-element elementor-element-307851a0 header-text elementor-widget elementor-widget-heading\" data-id=\"307851a0\" data-element_type=\"widget\" data-widget_type=\"heading.default\">\n\t\t\t\t<div class=\"elementor-widget-container\">\n\t\t\t<style>\/*! elementor - v3.12.2 - 23-04-2023 *\/\n.elementor-heading-title{padding:0;margin:0;line-height:1}.elementor-widget-heading .elementor-heading-title[class*=elementor-size-]>a{color:inherit;font-size:inherit;line-height:inherit}.elementor-widget-heading .elementor-heading-title.elementor-size-small{font-size:15px}.elementor-widget-heading .elementor-heading-title.elementor-size-medium{font-size:19px}.elementor-widget-heading .elementor-heading-title.elementor-size-large{font-size:29px}.elementor-widget-heading .elementor-heading-title.elementor-size-xl{font-size:39px}.elementor-widget-heading .elementor-heading-title.elementor-size-xxl{font-size:59px}<\/style><h2 class=\"elementor-heading-title elementor-size-default\">Gesch\u00e4ftsveranstaltungen<\/h2>\t\t<\/div>\n\t\t\t\t<\/div>\n\t\t\t\t\t<\/div>\n\t\t<\/div>\n\t\t\t\t\t\t\t<\/div>\n\t\t<\/section>\n\t\t\t\t<section class=\"elementor-section elementor-top-section elementor-element elementor-element-61ba1741 elementor-section-height-min-height elementor-section-stretched elementor-section-boxed elementor-section-height-default elementor-section-items-middle\" data-id=\"61ba1741\" data-element_type=\"section\" data-settings=\"{&quot;stretch_section&quot;:&quot;section-stretched&quot;}\">\n\t\t\t\t\t\t<div class=\"elementor-container elementor-column-gap-default\">\n\t\t\t\t\t<div class=\"elementor-column elementor-col-100 elementor-top-column elementor-element elementor-element-23f69226\" data-id=\"23f69226\" data-element_type=\"column\">\n\t\t\t<div class=\"elementor-widget-wrap elementor-element-populated\">\n\t\t\t\t\t\t\t\t<section class=\"elementor-section elementor-inner-section elementor-element elementor-element-d8c98c9 elementor-section-boxed elementor-section-height-default elementor-section-height-default\" data-id=\"d8c98c9\" data-element_type=\"section\">\n\t\t\t\t\t\t<div class=\"elementor-container elementor-column-gap-default\">\n\t\t\t\t\t<div class=\"elementor-column elementor-col-50 elementor-inner-column elementor-element elementor-element-1a1ea811\" data-id=\"1a1ea811\" data-element_type=\"column\">\n\t\t\t<div class=\"elementor-widget-wrap elementor-element-populated\">\n\t\t\t\t\t\t\t\t<div class=\"elementor-element elementor-element-625e6a0b elementor-widget elementor-widget-image\" data-id=\"625e6a0b\" data-element_type=\"widget\" data-widget_type=\"image.default\">\n\t\t\t\t<div class=\"elementor-widget-container\">\n\t\t\t<style>\/*! elementor - v3.12.2 - 23-04-2023 *\/\n.elementor-widget-image{text-align:center}.elementor-widget-image a{display:inline-block}.elementor-widget-image a img[src$=\".svg\"]{width:48px}.elementor-widget-image img{vertical-align:middle;display:inline-block}<\/style>\t\t\t\t\t\t\t\t\t\t\t\t<img loading=\"lazy\" decoding=\"async\" width=\"800\" height=\"500\" src=\"https:\/\/www.panonskavas.si\/wp-content\/uploads\/2022\/08\/PV_dogodki_2.png\" class=\"attachment-large size-large wp-image-987\" alt=\"\" srcset=\"https:\/\/www.panonskavas.si\/wp-content\/uploads\/2022\/08\/PV_dogodki_2.png 880w, https:\/\/www.panonskavas.si\/wp-content\/uploads\/2022\/08\/PV_dogodki_2-300x188.png 300w, https:\/\/www.panonskavas.si\/wp-content\/uploads\/2022\/08\/PV_dogodki_2-768x480.png 768w, https:\/\/www.panonskavas.si\/wp-content\/uploads\/2022\/08\/PV_dogodki_2-18x12.png 18w\" sizes=\"auto, (max-width: 800px) 100vw, 800px\" \/>\t\t\t\t\t\t\t\t\t\t\t\t\t\t\t<\/div>\n\t\t\t\t<\/div>\n\t\t\t\t\t<\/div>\n\t\t<\/div>\n\t\t\t\t<div class=\"elementor-column elementor-col-50 elementor-inner-column elementor-element elementor-element-1354b032\" data-id=\"1354b032\" data-element_type=\"column\">\n\t\t\t<div class=\"elementor-widget-wrap elementor-element-populated\">\n\t\t\t\t\t\t\t\t<div class=\"elementor-element elementor-element-7530098f elementor-widget elementor-widget-text-editor\" data-id=\"7530098f\" data-element_type=\"widget\" data-widget_type=\"text-editor.default\">\n\t\t\t\t<div class=\"elementor-widget-container\">\n\t\t\t<style>\/*! elementor - v3.12.2 - 23-04-2023 *\/\n.elementor-widget-text-editor.elementor-drop-cap-view-stacked .elementor-drop-cap{background-color:#69727d;color:#fff}.elementor-widget-text-editor.elementor-drop-cap-view-framed .elementor-drop-cap{color:#69727d;border:3px solid;background-color:transparent}.elementor-widget-text-editor:not(.elementor-drop-cap-view-default) .elementor-drop-cap{margin-top:8px}.elementor-widget-text-editor:not(.elementor-drop-cap-view-default) .elementor-drop-cap-letter{width:1em;height:1em}.elementor-widget-text-editor .elementor-drop-cap{float:left;text-align:center;line-height:1;font-size:50px}.elementor-widget-text-editor .elementor-drop-cap-letter{display:inline-block}<\/style>\t\t\t\t<p><span style=\"font-weight: 400;\">Panonska vas, die in einer ruhigen Umgebung liegt, ist die perfekte Wahl f\u00fcr Ihre Gesch\u00e4ftsveranstaltung. Wir bieten die Anmietung eines wundersch\u00f6nes Platzes an, der f\u00fcr bis zu 150 Personen geeignet ist. Neben dem Veranstaltungsraum k\u00f6nnen wir auch f\u00fcr die Unterkunft und das kulinarische Verw\u00f6hnen sorgen.<\/span><\/p>\t\t\t\t\t\t<\/div>\n\t\t\t\t<\/div>\n\t\t\t\t<div class=\"elementor-element elementor-element-646cfbc elementor-widget elementor-widget-text-editor\" data-id=\"646cfbc\" data-element_type=\"widget\" data-widget_type=\"text-editor.default\">\n\t\t\t\t<div class=\"elementor-widget-container\">\n\t\t\t\t\t\t\t<p><b>Zu den Gesch\u00e4ftsveranstaltungen geh\u00f6ren:<\/b><\/p><ul><li style=\"font-weight: 400;\" aria-level=\"1\"><span style=\"font-weight: 400;\">fortbildungen,<\/span><\/li><li style=\"font-weight: 400;\" aria-level=\"1\"><span style=\"font-weight: 400;\">unternehmensjubil\u00e4en<\/span><\/li><li style=\"font-weight: 400;\" aria-level=\"1\"><span style=\"font-weight: 400;\">Workshops f\u00fcr Mitarbeiter,<\/span><\/li><li style=\"font-weight: 400;\" aria-level=\"1\"><span style=\"font-weight: 400;\">gesch\u00e4ftstreffen,<\/span><\/li><li style=\"font-weight: 400;\" aria-level=\"1\"><span style=\"font-weight: 400;\">konferenzen,<\/span><\/li><li style=\"font-weight: 400;\" aria-level=\"1\"><span style=\"font-weight: 400;\">gesch\u00e4ftsfr\u00fchst\u00fccke, -mittagessen oder -abendessen,<\/span><\/li><li style=\"font-weight: 400;\" aria-level=\"1\"><span style=\"font-weight: 400;\">sitzungen,<\/span><\/li><li style=\"font-weight: 400;\" aria-level=\"1\"><span style=\"font-weight: 400;\">Seminare.<\/span><\/li><\/ul>\t\t\t\t\t\t<\/div>\n\t\t\t\t<\/div>\n\t\t\t\t<div class=\"elementor-element elementor-element-526d28e7 elementor-align-left elementor-widget__width-auto elementor-widget elementor-widget-button\" data-id=\"526d28e7\" data-element_type=\"widget\" data-widget_type=\"button.default\">\n\t\t\t\t<div class=\"elementor-widget-container\">\n\t\t\t\t\t<div class=\"elementor-button-wrapper\">\n\t\t\t<a href=\"https:\/\/www.panonskavas.si\/de\/kontakt\/\" class=\"elementor-button-link elementor-button elementor-size-sm\" role=\"button\">\n\t\t\t\t\t\t<span class=\"elementor-button-content-wrapper\">\n\t\t\t\t\t\t<span class=\"elementor-button-text\">KONTAKTIERE UNS<\/span>\n\t\t<\/span>\n\t\t\t\t\t<\/a>\n\t\t<\/div>\n\t\t\t\t<\/div>\n\t\t\t\t<\/div>\n\t\t\t\t\t<\/div>\n\t\t<\/div>\n\t\t\t\t\t\t\t<\/div>\n\t\t<\/section>\n\t\t\t\t\t<\/div>\n\t\t<\/div>\n\t\t\t\t\t\t\t<\/div>\n\t\t<\/section>\n\t\t\t\t<section class=\"elementor-section elementor-top-section elementor-element elementor-element-950db47 elementor-section-boxed elementor-section-height-default elementor-section-height-default\" data-id=\"950db47\" data-element_type=\"section\">\n\t\t\t\t\t\t<div class=\"elementor-container elementor-column-gap-default\">\n\t\t\t\t\t<div class=\"elementor-column elementor-col-100 elementor-top-column elementor-element elementor-element-d547f2f\" data-id=\"d547f2f\" data-element_type=\"column\">\n\t\t\t<div class=\"elementor-widget-wrap elementor-element-populated\">\n\t\t\t\t\t\t\t\t<div class=\"elementor-element elementor-element-3eab0bb elementor-arrows-position-outside elementor-pagination-position-outside elementor-widget elementor-widget-image-carousel\" data-id=\"3eab0bb\" data-element_type=\"widget\" data-settings=\"{&quot;slides_to_show&quot;:&quot;3&quot;,&quot;slides_to_show_mobile&quot;:&quot;1&quot;,&quot;navigation&quot;:&quot;both&quot;,&quot;autoplay&quot;:&quot;yes&quot;,&quot;pause_on_hover&quot;:&quot;yes&quot;,&quot;pause_on_interaction&quot;:&quot;yes&quot;,&quot;autoplay_speed&quot;:5000,&quot;infinite&quot;:&quot;yes&quot;,&quot;speed&quot;:500}\" data-widget_type=\"image-carousel.default\">\n\t\t\t\t<div class=\"elementor-widget-container\">\n\t\t\t<style>\/*! elementor - v3.12.2 - 23-04-2023 *\/\n.elementor-widget-image-carousel .swiper,.elementor-widget-image-carousel .swiper-container{position:static}.elementor-widget-image-carousel .swiper-container .swiper-slide figure,.elementor-widget-image-carousel .swiper .swiper-slide figure{line-height:inherit}.elementor-widget-image-carousel .swiper-slide{text-align:center}.elementor-image-carousel-wrapper:not(.swiper-container-initialized) .swiper-slide,.elementor-image-carousel-wrapper:not(.swiper-initialized) .swiper-slide{max-width:calc(100% \/ var(--e-image-carousel-slides-to-show, 3))}<\/style>\t\t<div class=\"elementor-image-carousel-wrapper swiper-container\" dir=\"ltr\">\n\t\t\t<div class=\"elementor-image-carousel swiper-wrapper\">\n\t\t\t\t\t\t\t\t<div class=\"swiper-slide\"><figure class=\"swiper-slide-inner\"><img decoding=\"async\" class=\"swiper-slide-image\" src=\"https:\/\/www.panonskavas.si\/wp-content\/uploads\/elementor\/thumbs\/PV_dogodki_3-ptu3e2jcvwjshgq6lm51k2n8cic16fxoy586vj3fos.jpg\" alt=\"Panonska vas\" \/><\/figure><\/div><div class=\"swiper-slide\"><figure class=\"swiper-slide-inner\"><img decoding=\"async\" class=\"swiper-slide-image\" src=\"https:\/\/www.panonskavas.si\/wp-content\/uploads\/elementor\/thumbs\/PV_dogodki_1-ptu3e2jcvwjshgq6lm51k2n8cic16fxoy586vj3fos.png\" alt=\"PV_dogodki_1\" \/><\/figure><\/div><div class=\"swiper-slide\"><figure class=\"swiper-slide-inner\"><img decoding=\"async\" class=\"swiper-slide-image\" src=\"https:\/\/www.panonskavas.si\/wp-content\/uploads\/elementor\/thumbs\/PV_dogodki_2-ptu3e2jcvwjshgq6lm51k2n8cic16fxoy586vj3fos.png\" alt=\"PV_dogodki_2\" \/><\/figure><\/div><div class=\"swiper-slide\"><figure class=\"swiper-slide-inner\"><img decoding=\"async\" class=\"swiper-slide-image\" src=\"https:\/\/www.panonskavas.si\/wp-content\/uploads\/elementor\/thumbs\/Poslovni-dogodki-ptu3e2jcvwjshgq6lm51k2n8cic16fxoy586vj3fos.jpeg\" alt=\"Poslovni dogodki\" \/><\/figure><\/div><div class=\"swiper-slide\"><figure class=\"swiper-slide-inner\"><img decoding=\"async\" class=\"swiper-slide-image\" src=\"https:\/\/www.panonskavas.si\/wp-content\/uploads\/elementor\/thumbs\/Poslovni-dogodki-2-ptu3e2jcvwjshgq6lm51k2n8cic16fxoy586vj3fos.jpeg\" alt=\"Poslovni dogodki 2\" \/><\/figure><\/div><div class=\"swiper-slide\"><figure class=\"swiper-slide-inner\"><img decoding=\"async\" class=\"swiper-slide-image\" src=\"https:\/\/www.panonskavas.si\/wp-content\/uploads\/elementor\/thumbs\/poslovni-dogodki-ptu3e2jcvwjshgq6lm51k2n8cic16fxoy586vj3fos.jpg\" alt=\"poslovni dogodki\" \/><\/figure><\/div>\t\t\t<\/div>\n\t\t\t\t\t\t\t\t\t\t\t\t<div class=\"swiper-pagination\"><\/div>\n\t\t\t\t\t\t\t\t\t\t\t\t\t<div class=\"elementor-swiper-button elementor-swiper-button-prev\">\n\t\t\t\t\t\t<i aria-hidden=\"true\" class=\"eicon-chevron-left\"><\/i>\t\t\t\t\t\t<span class=\"elementor-screen-only\">Zur\u00fcck<\/span>\n\t\t\t\t\t<\/div>\n\t\t\t\t\t<div class=\"elementor-swiper-button elementor-swiper-button-next\">\n\t\t\t\t\t\t<i aria-hidden=\"true\" class=\"eicon-chevron-right\"><\/i>\t\t\t\t\t\t<span class=\"elementor-screen-only\">Weiter<\/span>\n\t\t\t\t\t<\/div>\n\t\t\t\t\t\t\t\t\t<\/div>\n\t\t\t\t<\/div>\n\t\t\t\t<\/div>\n\t\t\t\t\t<\/div>\n\t\t<\/div>\n\t\t\t\t\t\t\t<\/div>\n\t\t<\/section>\n\t\t\t\t\t\t\t<\/div>","protected":false},"excerpt":{"rendered":"<p>Das pannonische Dorf liegt in einer ruhigen Umgebung und ist die perfekte Wahl f\u00fcr Ihre Gesch\u00e4ftsveranstaltung. Wir bieten die Vermietung eines Heubodens an, der Platz f\u00fcr bis zu 150 Personen bietet. Neben den R\u00e4umlichkeiten f\u00fcr die gesch\u00e4ftliche Veranstaltung bieten wir Ihnen auch Unterkunft und kulinarische Verw\u00f6hnung. Zu den Gesch\u00e4ftsveranstaltungen z\u00e4hlen: Schulungen, Firmenjubil\u00e4en, Workshops f\u00fcr Mitarbeiter, Gesch\u00e4ftstreffen, Konferenzen, Gesch\u00e4ftsfr\u00fchst\u00fccke, Mittag- oder Abendessen, Tagungen, Seminare. [\u2026]<\/p>","protected":false},"author":2,"featured_media":0,"parent":0,"menu_order":0,"comment_status":"closed","ping_status":"closed","template":"","meta":{"footnotes":""},"class_list":["post-878","page","type-page","status-publish","hentry"],"yoast_head":"<!-- This site is optimized with the Yoast SEO plugin v24.0 - https:\/\/yoast.com\/wordpress\/plugins\/seo\/ -->\n<title>Poslovni dogodki - Panonska vas<\/title>\n<meta name=\"robots\" content=\"index, follow, max-snippet:-1, max-image-preview:large, max-video-preview:-1\" \/>\n<link rel=\"canonical\" href=\"https:\/\/www.panonskavas.si\/de\/poslovni-dogodki\/\" \/>\n<meta property=\"og:locale\" content=\"de_DE\" \/>\n<meta property=\"og:type\" content=\"article\" \/>\n<meta property=\"og:title\" content=\"Poslovni dogodki - Panonska vas\" \/>\n<meta property=\"og:description\" content=\"Panonska vas, ki se nahaja v mirnem okolju, je popolna izbira za va\u0161 poslovni dogodek. Nudimo najem kozolca, ki sprejme do 150 oseb. Ob prostoru za poslovni dogodek vam lahko zagotovimo \u0161e namestitev in kulinari\u010dno razvajanje. Poslovni dogodki vklju\u010dujejo: izobra\u017eevanja, obletnice podjetij, delavnice za zaposlene, poslovna dru\u017eenja, konference, poslovne zajtrke, kosila ali ve\u010derje, sestanke, seminarje. [&hellip;]\" \/>\n<meta property=\"og:url\" content=\"https:\/\/www.panonskavas.si\/de\/poslovni-dogodki\/\" \/>\n<meta property=\"og:site_name\" content=\"Panonska vas\" \/>\n<meta property=\"article:modified_time\" content=\"2024-06-18T19:30:33+00:00\" \/>\n<meta property=\"og:image\" content=\"https:\/\/www.panonskavas.si\/wp-content\/uploads\/2022\/08\/PV_dogodki_2.png\" \/>\n<meta name=\"twitter:card\" content=\"summary_large_image\" \/>\n<meta name=\"twitter:label1\" content=\"Gesch\u00e4tzte Lesezeit\" \/>\n\t<meta name=\"twitter:data1\" content=\"3\u00a0Minuten\" \/>\n<script type=\"application\/ld+json\" class=\"yoast-schema-graph\">{\"@context\":\"https:\/\/schema.org\",\"@graph\":[{\"@type\":\"WebPage\",\"@id\":\"https:\/\/www.panonskavas.si\/poslovni-dogodki\/\",\"url\":\"https:\/\/www.panonskavas.si\/poslovni-dogodki\/\",\"name\":\"Poslovni dogodki - Panonska vas\",\"isPartOf\":{\"@id\":\"https:\/\/www.panonskavas.si\/#website\"},\"primaryImageOfPage\":{\"@id\":\"https:\/\/www.panonskavas.si\/poslovni-dogodki\/#primaryimage\"},\"image\":{\"@id\":\"https:\/\/www.panonskavas.si\/poslovni-dogodki\/#primaryimage\"},\"thumbnailUrl\":\"https:\/\/www.panonskavas.si\/wp-content\/uploads\/2022\/08\/PV_dogodki_2.png\",\"datePublished\":\"2022-08-03T06:44:09+00:00\",\"dateModified\":\"2024-06-18T19:30:33+00:00\",\"breadcrumb\":{\"@id\":\"https:\/\/www.panonskavas.si\/poslovni-dogodki\/#breadcrumb\"},\"inLanguage\":\"de\",\"potentialAction\":[{\"@type\":\"ReadAction\",\"target\":[\"https:\/\/www.panonskavas.si\/poslovni-dogodki\/\"]}]},{\"@type\":\"ImageObject\",\"inLanguage\":\"de\",\"@id\":\"https:\/\/www.panonskavas.si\/poslovni-dogodki\/#primaryimage\",\"url\":\"https:\/\/www.panonskavas.si\/wp-content\/uploads\/2022\/08\/PV_dogodki_2.png\",\"contentUrl\":\"https:\/\/www.panonskavas.si\/wp-content\/uploads\/2022\/08\/PV_dogodki_2.png\"},{\"@type\":\"BreadcrumbList\",\"@id\":\"https:\/\/www.panonskavas.si\/poslovni-dogodki\/#breadcrumb\",\"itemListElement\":[{\"@type\":\"ListItem\",\"position\":1,\"name\":\"Home\",\"item\":\"https:\/\/www.panonskavas.si\/\"},{\"@type\":\"ListItem\",\"position\":2,\"name\":\"Poslovni dogodki\"}]},{\"@type\":\"WebSite\",\"@id\":\"https:\/\/www.panonskavas.si\/#website\",\"url\":\"https:\/\/www.panonskavas.si\/\",\"name\":\"Panonska vas\",\"description\":\"\",\"publisher\":{\"@id\":\"https:\/\/www.panonskavas.si\/#organization\"},\"potentialAction\":[{\"@type\":\"SearchAction\",\"target\":{\"@type\":\"EntryPoint\",\"urlTemplate\":\"https:\/\/www.panonskavas.si\/?s={search_term_string}\"},\"query-input\":{\"@type\":\"PropertyValueSpecification\",\"valueRequired\":true,\"valueName\":\"search_term_string\"}}],\"inLanguage\":\"de\"},{\"@type\":\"Organization\",\"@id\":\"https:\/\/www.panonskavas.si\/#organization\",\"name\":\"Panonska vas\",\"url\":\"https:\/\/www.panonskavas.si\/\",\"logo\":{\"@type\":\"ImageObject\",\"inLanguage\":\"de\",\"@id\":\"https:\/\/www.panonskavas.si\/#\/schema\/logo\/image\/\",\"url\":\"https:\/\/www.panonskavas.si\/wp-content\/uploads\/2022\/07\/panonskavas-logo.png\",\"contentUrl\":\"https:\/\/www.panonskavas.si\/wp-content\/uploads\/2022\/07\/panonskavas-logo.png\",\"width\":221,\"height\":69,\"caption\":\"Panonska vas\"},\"image\":{\"@id\":\"https:\/\/www.panonskavas.si\/#\/schema\/logo\/image\/\"}}]}<\/script>\n<!-- \/ Yoast SEO plugin. -->","yoast_head_json":{"title":"Poslovni dogodki - Panonska vas","robots":{"index":"index","follow":"follow","max-snippet":"max-snippet:-1","max-image-preview":"max-image-preview:large","max-video-preview":"max-video-preview:-1"},"canonical":"https:\/\/www.panonskavas.si\/de\/poslovni-dogodki\/","og_locale":"de_DE","og_type":"article","og_title":"Poslovni dogodki - Panonska vas","og_description":"Panonska vas, ki se nahaja v mirnem okolju, je popolna izbira za va\u0161 poslovni dogodek. Nudimo najem kozolca, ki sprejme do 150 oseb. Ob prostoru za poslovni dogodek vam lahko zagotovimo \u0161e namestitev in kulinari\u010dno razvajanje. Poslovni dogodki vklju\u010dujejo: izobra\u017eevanja, obletnice podjetij, delavnice za zaposlene, poslovna dru\u017eenja, konference, poslovne zajtrke, kosila ali ve\u010derje, sestanke, seminarje. [&hellip;]","og_url":"https:\/\/www.panonskavas.si\/de\/poslovni-dogodki\/","og_site_name":"Panonska vas","article_modified_time":"2024-06-18T19:30:33+00:00","og_image":[{"url":"https:\/\/www.panonskavas.si\/wp-content\/uploads\/2022\/08\/PV_dogodki_2.png","type":"","width":"","height":""}],"twitter_card":"summary_large_image","twitter_misc":{"Gesch\u00e4tzte Lesezeit":"3\u00a0Minuten"},"schema":{"@context":"https:\/\/schema.org","@graph":[{"@type":"WebPage","@id":"https:\/\/www.panonskavas.si\/poslovni-dogodki\/","url":"https:\/\/www.panonskavas.si\/poslovni-dogodki\/","name":"Poslovni dogodki - Panonska vas","isPartOf":{"@id":"https:\/\/www.panonskavas.si\/#website"},"primaryImageOfPage":{"@id":"https:\/\/www.panonskavas.si\/poslovni-dogodki\/#primaryimage"},"image":{"@id":"https:\/\/www.panonskavas.si\/poslovni-dogodki\/#primaryimage"},"thumbnailUrl":"https:\/\/www.panonskavas.si\/wp-content\/uploads\/2022\/08\/PV_dogodki_2.png","datePublished":"2022-08-03T06:44:09+00:00","dateModified":"2024-06-18T19:30:33+00:00","breadcrumb":{"@id":"https:\/\/www.panonskavas.si\/poslovni-dogodki\/#breadcrumb"},"inLanguage":"de","potentialAction":[{"@type":"ReadAction","target":["https:\/\/www.panonskavas.si\/poslovni-dogodki\/"]}]},{"@type":"ImageObject","inLanguage":"de","@id":"https:\/\/www.panonskavas.si\/poslovni-dogodki\/#primaryimage","url":"https:\/\/www.panonskavas.si\/wp-content\/uploads\/2022\/08\/PV_dogodki_2.png","contentUrl":"https:\/\/www.panonskavas.si\/wp-content\/uploads\/2022\/08\/PV_dogodki_2.png"},{"@type":"BreadcrumbList","@id":"https:\/\/www.panonskavas.si\/poslovni-dogodki\/#breadcrumb","itemListElement":[{"@type":"ListItem","position":1,"name":"Home","item":"https:\/\/www.panonskavas.si\/"},{"@type":"ListItem","position":2,"name":"Poslovni dogodki"}]},{"@type":"WebSite","@id":"https:\/\/www.panonskavas.si\/#website","url":"https:\/\/www.panonskavas.si\/","name":"Panonska vas","description":"","publisher":{"@id":"https:\/\/www.panonskavas.si\/#organization"},"potentialAction":[{"@type":"SearchAction","target":{"@type":"EntryPoint","urlTemplate":"https:\/\/www.panonskavas.si\/?s={search_term_string}"},"query-input":{"@type":"PropertyValueSpecification","valueRequired":true,"valueName":"search_term_string"}}],"inLanguage":"de"},{"@type":"Organization","@id":"https:\/\/www.panonskavas.si\/#organization","name":"Panonska vas","url":"https:\/\/www.panonskavas.si\/","logo":{"@type":"ImageObject","inLanguage":"de","@id":"https:\/\/www.panonskavas.si\/#\/schema\/logo\/image\/","url":"https:\/\/www.panonskavas.si\/wp-content\/uploads\/2022\/07\/panonskavas-logo.png","contentUrl":"https:\/\/www.panonskavas.si\/wp-content\/uploads\/2022\/07\/panonskavas-logo.png","width":221,"height":69,"caption":"Panonska vas"},"image":{"@id":"https:\/\/www.panonskavas.si\/#\/schema\/logo\/image\/"}}]}},"_links":{"self":[{"href":"https:\/\/www.panonskavas.si\/de\/wp-json\/wp\/v2\/pages\/878","targetHints":{"allow":["GET"]}}],"collection":[{"href":"https:\/\/www.panonskavas.si\/de\/wp-json\/wp\/v2\/pages"}],"about":[{"href":"https:\/\/www.panonskavas.si\/de\/wp-json\/wp\/v2\/types\/page"}],"author":[{"embeddable":true,"href":"https:\/\/www.panonskavas.si\/de\/wp-json\/wp\/v2\/users\/2"}],"replies":[{"embeddable":true,"href":"https:\/\/www.panonskavas.si\/de\/wp-json\/wp\/v2\/comments?post=878"}],"version-history":[{"count":22,"href":"https:\/\/www.panonskavas.si\/de\/wp-json\/wp\/v2\/pages\/878\/revisions"}],"predecessor-version":[{"id":2300,"href":"https:\/\/www.panonskavas.si\/de\/wp-json\/wp\/v2\/pages\/878\/revisions\/2300"}],"wp:attachment":[{"href":"https:\/\/www.panonskavas.si\/de\/wp-json\/wp\/v2\/media?parent=878"}],"curies":[{"name":"wp","href":"https:\/\/api.w.org\/{rel}","templated":true}]}}