{"id":32,"date":"2022-07-24T19:08:03","date_gmt":"2022-07-24T18:08:03","guid":{"rendered":"https:\/\/www.panonskavas.si\/?page_id=32"},"modified":"2024-06-18T20:49:48","modified_gmt":"2024-06-18T19:49:48","slug":"kontakt","status":"publish","type":"page","link":"https:\/\/www.panonskavas.si\/de\/kontakt\/","title":{"rendered":"Kontakt"},"content":{"rendered":"<div data-elementor-type=\"wp-page\" data-elementor-id=\"32\" class=\"elementor elementor-32\">\n\t\t\t\t\t\t\t\t\t<section class=\"elementor-section elementor-top-section elementor-element elementor-element-57105ed elementor-section-stretched elementor-section-boxed elementor-section-height-default elementor-section-height-default\" data-id=\"57105ed\" data-element_type=\"section\" data-settings=\"{&quot;stretch_section&quot;:&quot;section-stretched&quot;,&quot;background_background&quot;:&quot;classic&quot;}\">\n\t\t\t\t\t\t\t<div class=\"elementor-background-overlay\"><\/div>\n\t\t\t\t\t\t\t<div class=\"elementor-container elementor-column-gap-default\">\n\t\t\t\t\t<div class=\"elementor-column elementor-col-100 elementor-top-column elementor-element elementor-element-408421a\" data-id=\"408421a\" data-element_type=\"column\">\n\t\t\t<div class=\"elementor-widget-wrap elementor-element-populated\">\n\t\t\t\t\t\t\t\t<div class=\"elementor-element elementor-element-75239f7 header-text elementor-widget elementor-widget-heading\" data-id=\"75239f7\" data-element_type=\"widget\" data-widget_type=\"heading.default\">\n\t\t\t\t<div class=\"elementor-widget-container\">\n\t\t\t<style>\/*! elementor - v3.12.2 - 23-04-2023 *\/\n.elementor-heading-title{padding:0;margin:0;line-height:1}.elementor-widget-heading .elementor-heading-title[class*=elementor-size-]>a{color:inherit;font-size:inherit;line-height:inherit}.elementor-widget-heading .elementor-heading-title.elementor-size-small{font-size:15px}.elementor-widget-heading .elementor-heading-title.elementor-size-medium{font-size:19px}.elementor-widget-heading .elementor-heading-title.elementor-size-large{font-size:29px}.elementor-widget-heading .elementor-heading-title.elementor-size-xl{font-size:39px}.elementor-widget-heading .elementor-heading-title.elementor-size-xxl{font-size:59px}<\/style><h2 class=\"elementor-heading-title elementor-size-default\">Kontakt<\/h2>\t\t<\/div>\n\t\t\t\t<\/div>\n\t\t\t\t\t<\/div>\n\t\t<\/div>\n\t\t\t\t\t\t\t<\/div>\n\t\t<\/section>\n\t\t\t\t<section class=\"elementor-section elementor-top-section elementor-element elementor-element-3c18e1e elementor-section-boxed elementor-section-height-default elementor-section-height-default\" data-id=\"3c18e1e\" data-element_type=\"section\">\n\t\t\t\t\t\t<div class=\"elementor-container elementor-column-gap-default\">\n\t\t\t\t\t<div class=\"elementor-column elementor-col-100 elementor-top-column elementor-element elementor-element-2b08bda\" data-id=\"2b08bda\" data-element_type=\"column\">\n\t\t\t<div class=\"elementor-widget-wrap elementor-element-populated\">\n\t\t\t\t\t\t\t\t<div class=\"elementor-element elementor-element-8a53c36 logo-font elementor-widget elementor-widget-heading\" data-id=\"8a53c36\" data-element_type=\"widget\" data-widget_type=\"heading.default\">\n\t\t\t\t<div class=\"elementor-widget-container\">\n\t\t\t<h2 class=\"elementor-heading-title elementor-size-default\">Panonska vas<\/h2>\t\t<\/div>\n\t\t\t\t<\/div>\n\t\t\t\t<section class=\"elementor-section elementor-inner-section elementor-element elementor-element-e8ca8cc elementor-section-boxed elementor-section-height-default elementor-section-height-default\" data-id=\"e8ca8cc\" data-element_type=\"section\">\n\t\t\t\t\t\t<div class=\"elementor-container elementor-column-gap-default\">\n\t\t\t\t\t<div class=\"elementor-column elementor-col-50 elementor-inner-column elementor-element elementor-element-4d801d3\" data-id=\"4d801d3\" data-element_type=\"column\">\n\t\t\t<div class=\"elementor-widget-wrap elementor-element-populated\">\n\t\t\t\t\t\t\t\t<div class=\"elementor-element elementor-element-155a063 elementor-widget elementor-widget-text-editor\" data-id=\"155a063\" data-element_type=\"widget\" data-widget_type=\"text-editor.default\">\n\t\t\t\t<div class=\"elementor-widget-container\">\n\t\t\t<style>\/*! elementor - v3.12.2 - 23-04-2023 *\/\n.elementor-widget-text-editor.elementor-drop-cap-view-stacked .elementor-drop-cap{background-color:#69727d;color:#fff}.elementor-widget-text-editor.elementor-drop-cap-view-framed .elementor-drop-cap{color:#69727d;border:3px solid;background-color:transparent}.elementor-widget-text-editor:not(.elementor-drop-cap-view-default) .elementor-drop-cap{margin-top:8px}.elementor-widget-text-editor:not(.elementor-drop-cap-view-default) .elementor-drop-cap-letter{width:1em;height:1em}.elementor-widget-text-editor .elementor-drop-cap{float:left;text-align:center;line-height:1;font-size:50px}.elementor-widget-text-editor .elementor-drop-cap-letter{display:inline-block}<\/style>\t\t\t\t<p><img loading=\"lazy\" decoding=\"async\" class=\"alignnone size-full wp-image-89\" src=\"https:\/\/www.panonskavas.si\/wp-content\/uploads\/2022\/07\/icons8-location-30.png\" alt=\"\" width=\"30\" height=\"30\" \/> Te\u0161anovci 11P, 9226 Moravske Toplice<\/p><p><img loading=\"lazy\" decoding=\"async\" class=\"alignnone size-full wp-image-42\" src=\"https:\/\/www.panonskavas.si\/wp-content\/uploads\/2022\/07\/icons8-phone-30.png\" alt=\"phone\" width=\"30\" height=\"30\" \/> 00386 31 758 000<\/p><p><img loading=\"lazy\" decoding=\"async\" class=\"alignnone size-full wp-image-43\" src=\"https:\/\/www.panonskavas.si\/wp-content\/uploads\/2022\/07\/email.png\" alt=\"email\" width=\"30\" height=\"30\" \/> info@panonskavas.si<\/p>\t\t\t\t\t\t<\/div>\n\t\t\t\t<\/div>\n\t\t\t\t<div class=\"elementor-element elementor-element-72165b6 elementor-widget elementor-widget-google_maps\" data-id=\"72165b6\" data-element_type=\"widget\" data-widget_type=\"google_maps.default\">\n\t\t\t\t<div class=\"elementor-widget-container\">\n\t\t\t<style>\/*! elementor - v3.12.2 - 23-04-2023 *\/\n.elementor-widget-google_maps .elementor-widget-container{overflow:hidden}.elementor-widget-google_maps .elementor-custom-embed{line-height:0}.elementor-widget-google_maps iframe{height:300px}<\/style>\t\t<div class=\"elementor-custom-embed\">\n\t\t\t<iframe loading=\"lazy\"\n\t\t\t\t\tsrc=\"https:\/\/maps.google.com\/maps?q=te%C5%A1anovci%2011p&#038;t=m&#038;z=10&#038;output=embed&#038;iwloc=near\"\n\t\t\t\t\ttitle=\"Te\u0161anovci 11p\"\n\t\t\t\t\taria-label=\"Te\u0161anovci 11p\"\n\t\t\t><\/iframe>\n\t\t<\/div>\n\t\t\t\t<\/div>\n\t\t\t\t<\/div>\n\t\t\t\t\t<\/div>\n\t\t<\/div>\n\t\t\t\t<div class=\"elementor-column elementor-col-50 elementor-inner-column elementor-element elementor-element-5b68b7f\" data-id=\"5b68b7f\" data-element_type=\"column\">\n\t\t\t<div class=\"elementor-widget-wrap elementor-element-populated\">\n\t\t\t\t\t\t\t\t<div class=\"elementor-element elementor-element-de39520 elementor-widget elementor-widget-text-editor\" data-id=\"de39520\" data-element_type=\"widget\" data-widget_type=\"text-editor.default\">\n\t\t\t\t<div class=\"elementor-widget-container\">\n\t\t\t\t\t\t\t<p><span style=\"font-weight: 400;\">Wenn Sie auf unserer Website keine L\u00f6sung f\u00fcr Ihr Problem oder eine Antwort auf Ihre Frage finden, wenden Sie sich bitte per E-Mail oder Telefon an uns. Wir werden Ihnen so schnell wie m\u00f6glich helfen.<\/span><\/p>\t\t\t\t\t\t<\/div>\n\t\t\t\t<\/div>\n\t\t\t\t<div class=\"elementor-element elementor-element-32e75f4 elementor-widget elementor-widget-shortcode\" data-id=\"32e75f4\" data-element_type=\"widget\" data-widget_type=\"shortcode.default\">\n\t\t\t\t<div class=\"elementor-widget-container\">\n\t\t\t\t\t<div class=\"elementor-shortcode\">\n<div class=\"wpcf7 no-js\" id=\"wpcf7-f64-o1\" lang=\"en-US\" dir=\"ltr\">\n<div class=\"screen-reader-response\"><p role=\"status\" aria-live=\"polite\" aria-atomic=\"true\"><\/p> <ul><\/ul><\/div>\n<form action=\"\/de\/wp-json\/wp\/v2\/pages\/32#wpcf7-f64-o1\" method=\"post\" class=\"wpcf7-form init\" aria-label=\"Kontakt Formular\" novalidate=\"novalidate\" data-status=\"init\" data-trp-original-action=\"\/de\/wp-json\/wp\/v2\/pages\/32#wpcf7-f64-o1\">\n<div style=\"display: none;\">\n<input type=\"hidden\" name=\"_wpcf7\" value=\"64\" \/>\n<input type=\"hidden\" name=\"_wpcf7_version\" value=\"5.7.7\" \/>\n<input type=\"hidden\" name=\"_wpcf7_locale\" value=\"en_US\" \/>\n<input type=\"hidden\" name=\"_wpcf7_unit_tag\" value=\"wpcf7-f64-o1\" \/>\n<input type=\"hidden\" name=\"_wpcf7_container_post\" value=\"0\" \/>\n<input type=\"hidden\" name=\"_wpcf7_posted_data_hash\" value=\"\" \/>\n<\/div>\n<p><label style=\"width:100%\"> Name *<br \/>\n<span class=\"wpcf7-form-control-wrap\" data-name=\"your-name\"><input size=\"40\" class=\"wpcf7-form-control wpcf7-text wpcf7-validates-as-required\" aria-required=\"true\" aria-invalid=\"false\" value=\"\" type=\"text\" name=\"your-name\" \/><\/span> <\/label>\n<\/p>\n<p><label style=\"width:100%\"> Email *<br \/>\n<span class=\"wpcf7-form-control-wrap\" data-name=\"your-email\"><input size=\"40\" class=\"wpcf7-form-control wpcf7-text wpcf7-email wpcf7-validates-as-required wpcf7-validates-as-email\" aria-required=\"true\" aria-invalid=\"false\" value=\"\" type=\"email\" name=\"your-email\" \/><\/span> <\/label>\n<\/p>\n<p><label style=\"width:100%\"> Frage bzw Problem *<br \/>\n<span class=\"wpcf7-form-control-wrap\" data-name=\"your-message\"><textarea cols=\"40\" rows=\"10\" class=\"wpcf7-form-control wpcf7-textarea wpcf7-validates-as-required\" aria-required=\"true\" aria-invalid=\"false\" name=\"your-message\"><\/textarea><\/span> <\/label>\n<\/p>\n<p><span class=\"wpcf7-form-control-wrap\" data-name=\"your-op\"><span class=\"wpcf7-form-control wpcf7-checkbox wpcf7-validates-as-required\"><span class=\"wpcf7-list-item first last\"><label><input type=\"checkbox\" name=\"your-op[]\" value=\"Z oddajo podatkov preko kontaktnega obrazca potrjujete, da ste seznanjeni z namenom in pravili varovanja osebnih podatkov. Zagotavljamo, da bomo zbrane osebne podatke uporabili izklju\u010dno za namen posredovanja odgovora in bomo z njimi ravnali skladno z veljavno zakonodajo in na\u0161imi pravili varstva zasebnosti.\" \/><span class=\"wpcf7-list-item-label\">Mit der \u00dcbermittlung Ihrer Daten \u00fcber das Kontaktformular best\u00e4tigen Sie, dass Sie sich des Zwecks und der Regeln des Schutzes personenbezogener Daten bewusst sind. Wir versichern Ihnen, dass die erhobenen personenbezogenen Daten ausschlie\u00dflich dazu verwendet werden, Ihnen eine Antwort zu \u00fcbermitteln, und dass sie im Einklang mit dem geltenden Recht und unseren Datenschutzbestimmungen behandelt werden.<\/span><\/label><\/span><\/span><\/span>\n<\/p>\n<p><input class=\"wpcf7-form-control has-spinner wpcf7-submit\" type=\"submit\" value=\"Senden\" \/>\n<\/p><div class=\"wpcf7-response-output\" aria-hidden=\"true\"><\/div>\n<input type=\"hidden\" name=\"trp-form-language\" value=\"de\"\/><\/form>\n<\/div>\n<\/div>\n\t\t\t\t<\/div>\n\t\t\t\t<\/div>\n\t\t\t\t\t<\/div>\n\t\t<\/div>\n\t\t\t\t\t\t\t<\/div>\n\t\t<\/section>\n\t\t\t\t\t<\/div>\n\t\t<\/div>\n\t\t\t\t\t\t\t<\/div>\n\t\t<\/section>\n\t\t\t\t\t\t\t<\/div>","protected":false},"excerpt":{"rendered":"<p>Panonska vas Te\u0161anovci 11P, 9226 Moravske Toplice 00386 31 758 000 info@panonskavas.si Wenn Sie auf unserer Website keine L\u00f6sung f\u00fcr Ihr Problem oder keine Antwort auf Ihre Frage finden, kontaktieren Sie uns bitte per E-Mail oder Telefon. Wir helfen Ihnen so schnell wie m\u00f6glich.<\/p>","protected":false},"author":2,"featured_media":0,"parent":0,"menu_order":0,"comment_status":"closed","ping_status":"closed","template":"","meta":{"footnotes":""},"class_list":["post-32","page","type-page","status-publish","hentry"],"yoast_head":"<!-- This site is optimized with the Yoast SEO plugin v24.0 - https:\/\/yoast.com\/wordpress\/plugins\/seo\/ -->\n<title>Kontakt - Panonska vas<\/title>\n<meta name=\"robots\" content=\"index, follow, max-snippet:-1, max-image-preview:large, max-video-preview:-1\" \/>\n<link rel=\"canonical\" href=\"https:\/\/www.panonskavas.si\/de\/kontakt\/\" \/>\n<meta property=\"og:locale\" content=\"de_DE\" \/>\n<meta property=\"og:type\" content=\"article\" \/>\n<meta property=\"og:title\" content=\"Kontakt - Panonska vas\" \/>\n<meta property=\"og:description\" content=\"Panonska vas Te\u0161anovci 11P, 9226 Moravske Toplice 00386 31 758 000 info@panonskavas.si V primeru, da na na\u0161i spletni strani ne najdete re\u0161itve za va\u0161o te\u017eavo ali odgovora na va\u0161e vpra\u0161anje, nas kontaktirajte po e-po\u0161ti ali telefonu. Pomagali vam bomo v najkraj\u0161em mo\u017enem \u010dasu.\" \/>\n<meta property=\"og:url\" content=\"https:\/\/www.panonskavas.si\/de\/kontakt\/\" \/>\n<meta property=\"og:site_name\" content=\"Panonska vas\" \/>\n<meta property=\"article:modified_time\" content=\"2024-06-18T19:49:48+00:00\" \/>\n<meta property=\"og:image\" content=\"https:\/\/www.panonskavas.si\/wp-content\/uploads\/2022\/07\/icons8-location-30.png\" \/>\n<meta name=\"twitter:card\" content=\"summary_large_image\" \/>\n<meta name=\"twitter:label1\" content=\"Gesch\u00e4tzte Lesezeit\" \/>\n\t<meta name=\"twitter:data1\" content=\"2\u00a0Minuten\" \/>\n<script type=\"application\/ld+json\" class=\"yoast-schema-graph\">{\"@context\":\"https:\/\/schema.org\",\"@graph\":[{\"@type\":\"WebPage\",\"@id\":\"https:\/\/www.panonskavas.si\/kontakt\/\",\"url\":\"https:\/\/www.panonskavas.si\/kontakt\/\",\"name\":\"Kontakt - Panonska vas\",\"isPartOf\":{\"@id\":\"https:\/\/www.panonskavas.si\/#website\"},\"primaryImageOfPage\":{\"@id\":\"https:\/\/www.panonskavas.si\/kontakt\/#primaryimage\"},\"image\":{\"@id\":\"https:\/\/www.panonskavas.si\/kontakt\/#primaryimage\"},\"thumbnailUrl\":\"https:\/\/www.panonskavas.si\/wp-content\/uploads\/2022\/07\/icons8-location-30.png\",\"datePublished\":\"2022-07-24T18:08:03+00:00\",\"dateModified\":\"2024-06-18T19:49:48+00:00\",\"breadcrumb\":{\"@id\":\"https:\/\/www.panonskavas.si\/kontakt\/#breadcrumb\"},\"inLanguage\":\"de\",\"potentialAction\":[{\"@type\":\"ReadAction\",\"target\":[\"https:\/\/www.panonskavas.si\/kontakt\/\"]}]},{\"@type\":\"ImageObject\",\"inLanguage\":\"de\",\"@id\":\"https:\/\/www.panonskavas.si\/kontakt\/#primaryimage\",\"url\":\"https:\/\/www.panonskavas.si\/wp-content\/uploads\/2022\/07\/icons8-location-30.png\",\"contentUrl\":\"https:\/\/www.panonskavas.si\/wp-content\/uploads\/2022\/07\/icons8-location-30.png\"},{\"@type\":\"BreadcrumbList\",\"@id\":\"https:\/\/www.panonskavas.si\/kontakt\/#breadcrumb\",\"itemListElement\":[{\"@type\":\"ListItem\",\"position\":1,\"name\":\"Home\",\"item\":\"https:\/\/www.panonskavas.si\/\"},{\"@type\":\"ListItem\",\"position\":2,\"name\":\"Kontakt\"}]},{\"@type\":\"WebSite\",\"@id\":\"https:\/\/www.panonskavas.si\/#website\",\"url\":\"https:\/\/www.panonskavas.si\/\",\"name\":\"Panonska vas\",\"description\":\"\",\"publisher\":{\"@id\":\"https:\/\/www.panonskavas.si\/#organization\"},\"potentialAction\":[{\"@type\":\"SearchAction\",\"target\":{\"@type\":\"EntryPoint\",\"urlTemplate\":\"https:\/\/www.panonskavas.si\/?s={search_term_string}\"},\"query-input\":{\"@type\":\"PropertyValueSpecification\",\"valueRequired\":true,\"valueName\":\"search_term_string\"}}],\"inLanguage\":\"de\"},{\"@type\":\"Organization\",\"@id\":\"https:\/\/www.panonskavas.si\/#organization\",\"name\":\"Panonska vas\",\"url\":\"https:\/\/www.panonskavas.si\/\",\"logo\":{\"@type\":\"ImageObject\",\"inLanguage\":\"de\",\"@id\":\"https:\/\/www.panonskavas.si\/#\/schema\/logo\/image\/\",\"url\":\"https:\/\/www.panonskavas.si\/wp-content\/uploads\/2022\/07\/panonskavas-logo.png\",\"contentUrl\":\"https:\/\/www.panonskavas.si\/wp-content\/uploads\/2022\/07\/panonskavas-logo.png\",\"width\":221,\"height\":69,\"caption\":\"Panonska vas\"},\"image\":{\"@id\":\"https:\/\/www.panonskavas.si\/#\/schema\/logo\/image\/\"}}]}<\/script>\n<!-- \/ Yoast SEO plugin. -->","yoast_head_json":{"title":"Kontakt - Panonska vas","robots":{"index":"index","follow":"follow","max-snippet":"max-snippet:-1","max-image-preview":"max-image-preview:large","max-video-preview":"max-video-preview:-1"},"canonical":"https:\/\/www.panonskavas.si\/de\/kontakt\/","og_locale":"de_DE","og_type":"article","og_title":"Kontakt - Panonska vas","og_description":"Panonska vas Te\u0161anovci 11P, 9226 Moravske Toplice 00386 31 758 000 info@panonskavas.si V primeru, da na na\u0161i spletni strani ne najdete re\u0161itve za va\u0161o te\u017eavo ali odgovora na va\u0161e vpra\u0161anje, nas kontaktirajte po e-po\u0161ti ali telefonu. Pomagali vam bomo v najkraj\u0161em mo\u017enem \u010dasu.","og_url":"https:\/\/www.panonskavas.si\/de\/kontakt\/","og_site_name":"Panonska vas","article_modified_time":"2024-06-18T19:49:48+00:00","og_image":[{"url":"https:\/\/www.panonskavas.si\/wp-content\/uploads\/2022\/07\/icons8-location-30.png","type":"","width":"","height":""}],"twitter_card":"summary_large_image","twitter_misc":{"Gesch\u00e4tzte Lesezeit":"2\u00a0Minuten"},"schema":{"@context":"https:\/\/schema.org","@graph":[{"@type":"WebPage","@id":"https:\/\/www.panonskavas.si\/kontakt\/","url":"https:\/\/www.panonskavas.si\/kontakt\/","name":"Kontakt - Panonska vas","isPartOf":{"@id":"https:\/\/www.panonskavas.si\/#website"},"primaryImageOfPage":{"@id":"https:\/\/www.panonskavas.si\/kontakt\/#primaryimage"},"image":{"@id":"https:\/\/www.panonskavas.si\/kontakt\/#primaryimage"},"thumbnailUrl":"https:\/\/www.panonskavas.si\/wp-content\/uploads\/2022\/07\/icons8-location-30.png","datePublished":"2022-07-24T18:08:03+00:00","dateModified":"2024-06-18T19:49:48+00:00","breadcrumb":{"@id":"https:\/\/www.panonskavas.si\/kontakt\/#breadcrumb"},"inLanguage":"de","potentialAction":[{"@type":"ReadAction","target":["https:\/\/www.panonskavas.si\/kontakt\/"]}]},{"@type":"ImageObject","inLanguage":"de","@id":"https:\/\/www.panonskavas.si\/kontakt\/#primaryimage","url":"https:\/\/www.panonskavas.si\/wp-content\/uploads\/2022\/07\/icons8-location-30.png","contentUrl":"https:\/\/www.panonskavas.si\/wp-content\/uploads\/2022\/07\/icons8-location-30.png"},{"@type":"BreadcrumbList","@id":"https:\/\/www.panonskavas.si\/kontakt\/#breadcrumb","itemListElement":[{"@type":"ListItem","position":1,"name":"Home","item":"https:\/\/www.panonskavas.si\/"},{"@type":"ListItem","position":2,"name":"Kontakt"}]},{"@type":"WebSite","@id":"https:\/\/www.panonskavas.si\/#website","url":"https:\/\/www.panonskavas.si\/","name":"Panonska vas","description":"","publisher":{"@id":"https:\/\/www.panonskavas.si\/#organization"},"potentialAction":[{"@type":"SearchAction","target":{"@type":"EntryPoint","urlTemplate":"https:\/\/www.panonskavas.si\/?s={search_term_string}"},"query-input":{"@type":"PropertyValueSpecification","valueRequired":true,"valueName":"search_term_string"}}],"inLanguage":"de"},{"@type":"Organization","@id":"https:\/\/www.panonskavas.si\/#organization","name":"Panonska vas","url":"https:\/\/www.panonskavas.si\/","logo":{"@type":"ImageObject","inLanguage":"de","@id":"https:\/\/www.panonskavas.si\/#\/schema\/logo\/image\/","url":"https:\/\/www.panonskavas.si\/wp-content\/uploads\/2022\/07\/panonskavas-logo.png","contentUrl":"https:\/\/www.panonskavas.si\/wp-content\/uploads\/2022\/07\/panonskavas-logo.png","width":221,"height":69,"caption":"Panonska vas"},"image":{"@id":"https:\/\/www.panonskavas.si\/#\/schema\/logo\/image\/"}}]}},"_links":{"self":[{"href":"https:\/\/www.panonskavas.si\/de\/wp-json\/wp\/v2\/pages\/32","targetHints":{"allow":["GET"]}}],"collection":[{"href":"https:\/\/www.panonskavas.si\/de\/wp-json\/wp\/v2\/pages"}],"about":[{"href":"https:\/\/www.panonskavas.si\/de\/wp-json\/wp\/v2\/types\/page"}],"author":[{"embeddable":true,"href":"https:\/\/www.panonskavas.si\/de\/wp-json\/wp\/v2\/users\/2"}],"replies":[{"embeddable":true,"href":"https:\/\/www.panonskavas.si\/de\/wp-json\/wp\/v2\/comments?post=32"}],"version-history":[{"count":74,"href":"https:\/\/www.panonskavas.si\/de\/wp-json\/wp\/v2\/pages\/32\/revisions"}],"predecessor-version":[{"id":2314,"href":"https:\/\/www.panonskavas.si\/de\/wp-json\/wp\/v2\/pages\/32\/revisions\/2314"}],"wp:attachment":[{"href":"https:\/\/www.panonskavas.si\/de\/wp-json\/wp\/v2\/media?parent=32"}],"curies":[{"name":"wp","href":"https:\/\/api.w.org\/{rel}","templated":true}]}}