{"id":225,"date":"2022-07-24T21:13:46","date_gmt":"2022-07-24T20:13:46","guid":{"rendered":"https:\/\/www.panonskavas.si\/?page_id=225"},"modified":"2022-08-03T12:43:31","modified_gmt":"2022-08-03T11:43:31","slug":"okusi-prekmurje","status":"publish","type":"page","link":"https:\/\/www.panonskavas.si\/de\/okusi-prekmurje\/","title":{"rendered":"Prekmurje"},"content":{"rendered":"<div data-elementor-type=\"wp-page\" data-elementor-id=\"225\" class=\"elementor elementor-225\">\n\t\t\t\t\t\t\t\t\t<section class=\"elementor-section elementor-top-section elementor-element elementor-element-75c3c54f elementor-section-stretched elementor-section-boxed elementor-section-height-default elementor-section-height-default\" data-id=\"75c3c54f\" data-element_type=\"section\" data-settings=\"{&quot;stretch_section&quot;:&quot;section-stretched&quot;,&quot;background_background&quot;:&quot;classic&quot;}\">\n\t\t\t\t\t\t\t<div class=\"elementor-background-overlay\"><\/div>\n\t\t\t\t\t\t\t<div class=\"elementor-container elementor-column-gap-default\">\n\t\t\t\t\t<div class=\"elementor-column elementor-col-100 elementor-top-column elementor-element elementor-element-3d366d96\" data-id=\"3d366d96\" data-element_type=\"column\">\n\t\t\t<div class=\"elementor-widget-wrap elementor-element-populated\">\n\t\t\t\t\t\t\t\t<div class=\"elementor-element elementor-element-5520fae7 header-text elementor-widget elementor-widget-heading\" data-id=\"5520fae7\" data-element_type=\"widget\" data-widget_type=\"heading.default\">\n\t\t\t\t<div class=\"elementor-widget-container\">\n\t\t\t<style>\/*! elementor - v3.12.2 - 23-04-2023 *\/\n.elementor-heading-title{padding:0;margin:0;line-height:1}.elementor-widget-heading .elementor-heading-title[class*=elementor-size-]>a{color:inherit;font-size:inherit;line-height:inherit}.elementor-widget-heading .elementor-heading-title.elementor-size-small{font-size:15px}.elementor-widget-heading .elementor-heading-title.elementor-size-medium{font-size:19px}.elementor-widget-heading .elementor-heading-title.elementor-size-large{font-size:29px}.elementor-widget-heading .elementor-heading-title.elementor-size-xl{font-size:39px}.elementor-widget-heading .elementor-heading-title.elementor-size-xxl{font-size:59px}<\/style><h2 class=\"elementor-heading-title elementor-size-default\">Prekmurje<\/h2>\t\t<\/div>\n\t\t\t\t<\/div>\n\t\t\t\t\t<\/div>\n\t\t<\/div>\n\t\t\t\t\t\t\t<\/div>\n\t\t<\/section>\n\t\t\t\t<section class=\"elementor-section elementor-top-section elementor-element elementor-element-64405c6 elementor-section-boxed elementor-section-height-default elementor-section-height-default\" data-id=\"64405c6\" data-element_type=\"section\">\n\t\t\t\t\t\t<div class=\"elementor-container elementor-column-gap-default\">\n\t\t\t\t\t<div class=\"elementor-column elementor-col-100 elementor-top-column elementor-element elementor-element-e54cf61\" data-id=\"e54cf61\" data-element_type=\"column\">\n\t\t\t<div class=\"elementor-widget-wrap elementor-element-populated\">\n\t\t\t\t\t\t\t\t<section class=\"elementor-section elementor-inner-section elementor-element elementor-element-69b212a elementor-section-boxed elementor-section-height-default elementor-section-height-default\" data-id=\"69b212a\" data-element_type=\"section\">\n\t\t\t\t\t\t<div class=\"elementor-container elementor-column-gap-default\">\n\t\t\t\t\t<div class=\"elementor-column elementor-col-50 elementor-inner-column elementor-element elementor-element-4da7587\" data-id=\"4da7587\" data-element_type=\"column\">\n\t\t\t<div class=\"elementor-widget-wrap elementor-element-populated\">\n\t\t\t\t\t\t\t\t<div class=\"elementor-element elementor-element-34bd102 logo-font elementor-widget elementor-widget-heading\" data-id=\"34bd102\" data-element_type=\"widget\" data-widget_type=\"heading.default\">\n\t\t\t\t<div class=\"elementor-widget-container\">\n\t\t\t<h2 class=\"elementor-heading-title elementor-size-default\">Aktive Erholung<\/h2>\t\t<\/div>\n\t\t\t\t<\/div>\n\t\t\t\t<div class=\"elementor-element elementor-element-f8e0647 elementor-widget elementor-widget-text-editor\" data-id=\"f8e0647\" data-element_type=\"widget\" data-widget_type=\"text-editor.default\">\n\t\t\t\t<div class=\"elementor-widget-container\">\n\t\t\t<style>\/*! elementor - v3.12.2 - 23-04-2023 *\/\n.elementor-widget-text-editor.elementor-drop-cap-view-stacked .elementor-drop-cap{background-color:#69727d;color:#fff}.elementor-widget-text-editor.elementor-drop-cap-view-framed .elementor-drop-cap{color:#69727d;border:3px solid;background-color:transparent}.elementor-widget-text-editor:not(.elementor-drop-cap-view-default) .elementor-drop-cap{margin-top:8px}.elementor-widget-text-editor:not(.elementor-drop-cap-view-default) .elementor-drop-cap-letter{width:1em;height:1em}.elementor-widget-text-editor .elementor-drop-cap{float:left;text-align:center;line-height:1;font-size:50px}.elementor-widget-text-editor .elementor-drop-cap-letter{display:inline-block}<\/style>\t\t\t\t<p class=\"lead\">Aktive Urlauber entscheiden sich haupts\u00e4chlich f\u00fcr kurze, h\u00e4ufige Pausen, in denen sie die M\u00f6glichkeit haben, Rad zu fahren, zu wandern oder zu laufen. Daher ist es angemessen, das Angebot auf eine Nacht festzulegen und sie dann zu motivieren, sich f\u00fcr eine gr\u00f6\u00dfere Anzahl von N\u00e4chten zu entscheiden. F\u00fcr diese Touristen ist es wichtig, von einer kurzen Pause in der Natur in einer ruhigen Umgebung zu profitieren, in der sie die M\u00f6glichkeit haben, ihren Kopf frei zu bekommen.<\/p>\t\t\t\t\t\t<\/div>\n\t\t\t\t<\/div>\n\t\t\t\t\t<\/div>\n\t\t<\/div>\n\t\t\t\t<div class=\"elementor-column elementor-col-50 elementor-inner-column elementor-element elementor-element-6b230c9\" data-id=\"6b230c9\" data-element_type=\"column\">\n\t\t\t<div class=\"elementor-widget-wrap elementor-element-populated\">\n\t\t\t\t\t\t\t\t<div class=\"elementor-element elementor-element-e649014 elementor-widget elementor-widget-image\" data-id=\"e649014\" data-element_type=\"widget\" data-widget_type=\"image.default\">\n\t\t\t\t<div class=\"elementor-widget-container\">\n\t\t\t<style>\/*! elementor - v3.12.2 - 23-04-2023 *\/\n.elementor-widget-image{text-align:center}.elementor-widget-image a{display:inline-block}.elementor-widget-image a img[src$=\".svg\"]{width:48px}.elementor-widget-image img{vertical-align:middle;display:inline-block}<\/style>\t\t\t\t\t\t\t\t\t\t\t\t<img loading=\"lazy\" decoding=\"async\" width=\"800\" height=\"450\" src=\"https:\/\/www.panonskavas.si\/wp-content\/uploads\/2022\/07\/31507792766IMG_1093.jpg\" class=\"attachment-large size-large wp-image-232\" alt=\"\" srcset=\"https:\/\/www.panonskavas.si\/wp-content\/uploads\/2022\/07\/31507792766IMG_1093.jpg 800w, https:\/\/www.panonskavas.si\/wp-content\/uploads\/2022\/07\/31507792766IMG_1093-300x169.jpg 300w, https:\/\/www.panonskavas.si\/wp-content\/uploads\/2022\/07\/31507792766IMG_1093-768x432.jpg 768w, https:\/\/www.panonskavas.si\/wp-content\/uploads\/2022\/07\/31507792766IMG_1093-18x10.jpg 18w\" sizes=\"auto, (max-width: 800px) 100vw, 800px\" \/>\t\t\t\t\t\t\t\t\t\t\t\t\t\t\t<\/div>\n\t\t\t\t<\/div>\n\t\t\t\t\t<\/div>\n\t\t<\/div>\n\t\t\t\t\t\t\t<\/div>\n\t\t<\/section>\n\t\t\t\t<section class=\"elementor-section elementor-inner-section elementor-element elementor-element-30b9b04 elementor-section-boxed elementor-section-height-default elementor-section-height-default\" data-id=\"30b9b04\" data-element_type=\"section\">\n\t\t\t\t\t\t<div class=\"elementor-container elementor-column-gap-default\">\n\t\t\t\t\t<div class=\"elementor-column elementor-col-50 elementor-inner-column elementor-element elementor-element-7b7d3e2\" data-id=\"7b7d3e2\" data-element_type=\"column\">\n\t\t\t<div class=\"elementor-widget-wrap elementor-element-populated\">\n\t\t\t\t\t\t\t\t<div class=\"elementor-element elementor-element-8153d15 elementor-widget elementor-widget-image\" data-id=\"8153d15\" data-element_type=\"widget\" data-widget_type=\"image.default\">\n\t\t\t\t<div class=\"elementor-widget-container\">\n\t\t\t\t\t\t\t\t\t\t\t\t\t\t\t<img loading=\"lazy\" decoding=\"async\" width=\"800\" height=\"472\" src=\"https:\/\/www.panonskavas.si\/wp-content\/uploads\/2022\/07\/41507793042IMG_1783-1024x604.jpg\" class=\"attachment-large size-large wp-image-239\" alt=\"\" srcset=\"https:\/\/www.panonskavas.si\/wp-content\/uploads\/2022\/07\/41507793042IMG_1783-1024x604.jpg 1024w, https:\/\/www.panonskavas.si\/wp-content\/uploads\/2022\/07\/41507793042IMG_1783-300x177.jpg 300w, https:\/\/www.panonskavas.si\/wp-content\/uploads\/2022\/07\/41507793042IMG_1783-768x453.jpg 768w, https:\/\/www.panonskavas.si\/wp-content\/uploads\/2022\/07\/41507793042IMG_1783-1536x906.jpg 1536w, https:\/\/www.panonskavas.si\/wp-content\/uploads\/2022\/07\/41507793042IMG_1783-18x12.jpg 18w, https:\/\/www.panonskavas.si\/wp-content\/uploads\/2022\/07\/41507793042IMG_1783.jpg 1920w\" sizes=\"auto, (max-width: 800px) 100vw, 800px\" \/>\t\t\t\t\t\t\t\t\t\t\t\t\t\t\t<\/div>\n\t\t\t\t<\/div>\n\t\t\t\t\t<\/div>\n\t\t<\/div>\n\t\t\t\t<div class=\"elementor-column elementor-col-50 elementor-inner-column elementor-element elementor-element-53339ca\" data-id=\"53339ca\" data-element_type=\"column\">\n\t\t\t<div class=\"elementor-widget-wrap elementor-element-populated\">\n\t\t\t\t\t\t\t\t<div class=\"elementor-element elementor-element-1617ae2 logo-font elementor-widget elementor-widget-heading\" data-id=\"1617ae2\" data-element_type=\"widget\" data-widget_type=\"heading.default\">\n\t\t\t\t<div class=\"elementor-widget-container\">\n\t\t\t<h2 class=\"elementor-heading-title elementor-size-default\">Familienurlaub<\/h2>\t\t<\/div>\n\t\t\t\t<\/div>\n\t\t\t\t<div class=\"elementor-element elementor-element-1818f26 elementor-widget elementor-widget-text-editor\" data-id=\"1818f26\" data-element_type=\"widget\" data-widget_type=\"text-editor.default\">\n\t\t\t\t<div class=\"elementor-widget-container\">\n\t\t\t\t\t\t\t<p>Besichtigung des Bukovni\u0161ka-Sees und Entspannung an Energiepunkten - Adventurer&#039;s Pak - Pizzeria Perunika Der Bukovni\u0161ka-See und seine Umgebung bieten neben dem Angeln M\u00f6glichkeiten f\u00fcr Erholung, Spazierg\u00e4nge, Camping, Picknicks und sportliche Aktivit\u00e4ten. Der Bukovnica-See ist ein Stausee, der sich s\u00fcdlich des Dorfes Bukovnica im S\u00fcdosten von Gori\u010dko befindet. Seine Fl\u00e4che ist\u2026<\/p>\t\t\t\t\t\t<\/div>\n\t\t\t\t<\/div>\n\t\t\t\t\t<\/div>\n\t\t<\/div>\n\t\t\t\t\t\t\t<\/div>\n\t\t<\/section>\n\t\t\t\t<section class=\"elementor-section elementor-inner-section elementor-element elementor-element-c467995 elementor-section-boxed elementor-section-height-default elementor-section-height-default\" data-id=\"c467995\" data-element_type=\"section\">\n\t\t\t\t\t\t<div class=\"elementor-container elementor-column-gap-default\">\n\t\t\t\t\t<div class=\"elementor-column elementor-col-50 elementor-inner-column elementor-element elementor-element-2ce73a0\" data-id=\"2ce73a0\" data-element_type=\"column\">\n\t\t\t<div class=\"elementor-widget-wrap elementor-element-populated\">\n\t\t\t\t\t\t\t\t<div class=\"elementor-element elementor-element-7bfc5fb logo-font elementor-widget elementor-widget-heading\" data-id=\"7bfc5fb\" data-element_type=\"widget\" data-widget_type=\"heading.default\">\n\t\t\t\t<div class=\"elementor-widget-container\">\n\t\t\t<h2 class=\"elementor-heading-title elementor-size-default\">Gesch\u00e4ftsveranstaltung<\/h2>\t\t<\/div>\n\t\t\t\t<\/div>\n\t\t\t\t<div class=\"elementor-element elementor-element-42c985f elementor-widget elementor-widget-text-editor\" data-id=\"42c985f\" data-element_type=\"widget\" data-widget_type=\"text-editor.default\">\n\t\t\t\t<div class=\"elementor-widget-container\">\n\t\t\t\t\t\t\t<p>Wenn Sie Ihre Gesch\u00e4ftsveranstaltung in einer ruhigen Umgebung abhalten m\u00f6chten, die die M\u00f6glichkeit bietet, einen Saal f\u00fcr verschiedene Seminare, Vortr\u00e4ge, Workshops usw. zu mieten, Unterkunft, Spitzengastronomie und die M\u00f6glichkeit f\u00fcr verschiedene Aktivit\u00e4ten bietet, ist Panonska vas die richtige Antwort f\u00fcr Sie . Wir bieten Ihnen einen Raum, den Sie nach Ihren W\u00fcnschen gestalten und verschiedene Aktivit\u00e4ten organisieren k\u00f6nnen. Pr\u2026<\/p>\t\t\t\t\t\t<\/div>\n\t\t\t\t<\/div>\n\t\t\t\t\t<\/div>\n\t\t<\/div>\n\t\t\t\t<div class=\"elementor-column elementor-col-50 elementor-inner-column elementor-element elementor-element-379fbf2\" data-id=\"379fbf2\" data-element_type=\"column\">\n\t\t\t<div class=\"elementor-widget-wrap elementor-element-populated\">\n\t\t\t\t\t\t\t\t<div class=\"elementor-element elementor-element-9cffbc9 elementor-widget elementor-widget-image\" data-id=\"9cffbc9\" data-element_type=\"widget\" data-widget_type=\"image.default\">\n\t\t\t\t<div class=\"elementor-widget-container\">\n\t\t\t\t\t\t\t\t\t\t\t\t\t\t\t<img loading=\"lazy\" decoding=\"async\" width=\"800\" height=\"450\" src=\"https:\/\/www.panonskavas.si\/wp-content\/uploads\/2022\/07\/31507793183Screen_Shot_2017_06_01_at_07.42.08.png\" class=\"attachment-large size-large wp-image-242\" alt=\"\" srcset=\"https:\/\/www.panonskavas.si\/wp-content\/uploads\/2022\/07\/31507793183Screen_Shot_2017_06_01_at_07.42.08.png 800w, https:\/\/www.panonskavas.si\/wp-content\/uploads\/2022\/07\/31507793183Screen_Shot_2017_06_01_at_07.42.08-300x169.png 300w, https:\/\/www.panonskavas.si\/wp-content\/uploads\/2022\/07\/31507793183Screen_Shot_2017_06_01_at_07.42.08-768x432.png 768w, https:\/\/www.panonskavas.si\/wp-content\/uploads\/2022\/07\/31507793183Screen_Shot_2017_06_01_at_07.42.08-18x10.png 18w\" sizes=\"auto, (max-width: 800px) 100vw, 800px\" \/>\t\t\t\t\t\t\t\t\t\t\t\t\t\t\t<\/div>\n\t\t\t\t<\/div>\n\t\t\t\t\t<\/div>\n\t\t<\/div>\n\t\t\t\t\t\t\t<\/div>\n\t\t<\/section>\n\t\t\t\t<section class=\"elementor-section elementor-inner-section elementor-element elementor-element-70eb33c elementor-section-boxed elementor-section-height-default elementor-section-height-default\" data-id=\"70eb33c\" data-element_type=\"section\">\n\t\t\t\t\t\t<div class=\"elementor-container elementor-column-gap-default\">\n\t\t\t\t\t<div class=\"elementor-column elementor-col-50 elementor-inner-column elementor-element elementor-element-6339818\" data-id=\"6339818\" data-element_type=\"column\">\n\t\t\t<div class=\"elementor-widget-wrap elementor-element-populated\">\n\t\t\t\t\t\t\t\t<div class=\"elementor-element elementor-element-fc1975f elementor-widget elementor-widget-image\" data-id=\"fc1975f\" data-element_type=\"widget\" data-widget_type=\"image.default\">\n\t\t\t\t<div class=\"elementor-widget-container\">\n\t\t\t\t\t\t\t\t\t\t\t\t\t\t\t<img loading=\"lazy\" decoding=\"async\" width=\"800\" height=\"472\" src=\"https:\/\/www.panonskavas.si\/wp-content\/uploads\/2022\/07\/41507792521vanesa_jasa_385-1024x604.jpg\" class=\"attachment-large size-large wp-image-248\" alt=\"\" srcset=\"https:\/\/www.panonskavas.si\/wp-content\/uploads\/2022\/07\/41507792521vanesa_jasa_385-1024x604.jpg 1024w, https:\/\/www.panonskavas.si\/wp-content\/uploads\/2022\/07\/41507792521vanesa_jasa_385-300x177.jpg 300w, https:\/\/www.panonskavas.si\/wp-content\/uploads\/2022\/07\/41507792521vanesa_jasa_385-768x453.jpg 768w, https:\/\/www.panonskavas.si\/wp-content\/uploads\/2022\/07\/41507792521vanesa_jasa_385-1536x906.jpg 1536w, https:\/\/www.panonskavas.si\/wp-content\/uploads\/2022\/07\/41507792521vanesa_jasa_385-18x12.jpg 18w, https:\/\/www.panonskavas.si\/wp-content\/uploads\/2022\/07\/41507792521vanesa_jasa_385.jpg 1920w\" sizes=\"auto, (max-width: 800px) 100vw, 800px\" \/>\t\t\t\t\t\t\t\t\t\t\t\t\t\t\t<\/div>\n\t\t\t\t<\/div>\n\t\t\t\t\t<\/div>\n\t\t<\/div>\n\t\t\t\t<div class=\"elementor-column elementor-col-50 elementor-inner-column elementor-element elementor-element-bfcd11c\" data-id=\"bfcd11c\" data-element_type=\"column\">\n\t\t\t<div class=\"elementor-widget-wrap elementor-element-populated\">\n\t\t\t\t\t\t\t\t<div class=\"elementor-element elementor-element-dea9704 logo-font elementor-widget elementor-widget-heading\" data-id=\"dea9704\" data-element_type=\"widget\" data-widget_type=\"heading.default\">\n\t\t\t\t<div class=\"elementor-widget-container\">\n\t\t\t<h2 class=\"elementor-heading-title elementor-size-default\">Hochzeit<\/h2>\t\t<\/div>\n\t\t\t\t<\/div>\n\t\t\t\t<div class=\"elementor-element elementor-element-a8af1f4 elementor-widget elementor-widget-text-editor\" data-id=\"a8af1f4\" data-element_type=\"widget\" data-widget_type=\"text-editor.default\">\n\t\t\t\t<div class=\"elementor-widget-container\">\n\t\t\t\t\t\t\t<p>Panonska vas ist ein einzigartiger Ort mit einem integrierten Raum f\u00fcr den Tagteil der Hochzeit, Unterkunft und einem geschlossenen Raum f\u00fcr den Abendteil der Hochzeit im rustikalen Stil mit einem Qualit\u00e4tsangebot und sicherlich einzigartig in Prekmurje. Mit der typischen Prekmurje-K\u00fcche ist es ein einzigartiges Erlebnis f\u00fcr die gesamte G\u00e4stegruppe.\u00a0<\/p>\t\t\t\t\t\t<\/div>\n\t\t\t\t<\/div>\n\t\t\t\t\t<\/div>\n\t\t<\/div>\n\t\t\t\t\t\t\t<\/div>\n\t\t<\/section>\n\t\t\t\t\t<\/div>\n\t\t<\/div>\n\t\t\t\t\t\t\t<\/div>\n\t\t<\/section>\n\t\t\t\t\t\t\t<\/div>","protected":false},"excerpt":{"rendered":"<p>Aktivurlaub Aktivurlauber entscheiden sich haupts\u00e4chlich f\u00fcr kurze, h\u00e4ufige Urlaube, in denen sie die M\u00f6glichkeit haben, Rad zu fahren, zu wandern oder zu laufen, daher ist es angemessen, dass das Angebot auf eine Nacht festgelegt ist, und sie sind dann motiviert, sich f\u00fcr eine gr\u00f6\u00dfere Anzahl von N\u00e4chten zu entscheiden. F\u00fcr diese Touristen ist es wichtig, von einer kurzen Pause in der Natur in einer friedlichen Umgebung zu profitieren, [...]<\/p>","protected":false},"author":2,"featured_media":0,"parent":0,"menu_order":0,"comment_status":"closed","ping_status":"closed","template":"","meta":{"footnotes":""},"class_list":["post-225","page","type-page","status-publish","hentry"],"yoast_head":"<!-- This site is optimized with the Yoast SEO plugin v24.0 - https:\/\/yoast.com\/wordpress\/plugins\/seo\/ -->\n<title>Okusi prekmurje - Panonska vas<\/title>\n<meta name=\"robots\" content=\"index, follow, max-snippet:-1, max-image-preview:large, max-video-preview:-1\" \/>\n<link rel=\"canonical\" href=\"https:\/\/www.panonskavas.si\/de\/okusi-prekmurje\/\" \/>\n<meta property=\"og:locale\" content=\"de_DE\" \/>\n<meta property=\"og:type\" content=\"article\" \/>\n<meta property=\"og:title\" content=\"Okusi prekmurje - Panonska vas\" \/>\n<meta property=\"og:description\" content=\"Aktivni oddih Aktivni turisti se odlo\u010dajo predvsem za kratke, pogoste oddihe, kjer imajo mo\u017enost kolesariti, imeti pohod ali te\u010di, zato je primerno, da se ponudba zastavi za eno no\u010ditev, nato pa se jih motivira, da se odlo\u010dijo za ve\u010dje \u0161tevilo no\u010ditev. Tem turistom je pomembno, da koristijo kratek oddih v naravi, mirni okolici, kjer si [&hellip;]\" \/>\n<meta property=\"og:url\" content=\"https:\/\/www.panonskavas.si\/de\/okusi-prekmurje\/\" \/>\n<meta property=\"og:site_name\" content=\"Panonska vas\" \/>\n<meta property=\"article:modified_time\" content=\"2022-08-03T11:43:31+00:00\" \/>\n<meta property=\"og:image\" content=\"https:\/\/www.panonskavas.si\/wp-content\/uploads\/2022\/07\/31507792766IMG_1093.jpg\" \/>\n<meta name=\"twitter:card\" content=\"summary_large_image\" \/>\n<meta name=\"twitter:label1\" content=\"Gesch\u00e4tzte Lesezeit\" \/>\n\t<meta name=\"twitter:data1\" content=\"2\u00a0Minuten\" \/>\n<script type=\"application\/ld+json\" class=\"yoast-schema-graph\">{\"@context\":\"https:\/\/schema.org\",\"@graph\":[{\"@type\":\"WebPage\",\"@id\":\"https:\/\/www.panonskavas.si\/okusi-prekmurje\/\",\"url\":\"https:\/\/www.panonskavas.si\/okusi-prekmurje\/\",\"name\":\"Okusi prekmurje - Panonska vas\",\"isPartOf\":{\"@id\":\"https:\/\/www.panonskavas.si\/#website\"},\"primaryImageOfPage\":{\"@id\":\"https:\/\/www.panonskavas.si\/okusi-prekmurje\/#primaryimage\"},\"image\":{\"@id\":\"https:\/\/www.panonskavas.si\/okusi-prekmurje\/#primaryimage\"},\"thumbnailUrl\":\"https:\/\/www.panonskavas.si\/wp-content\/uploads\/2022\/07\/31507792766IMG_1093.jpg\",\"datePublished\":\"2022-07-24T20:13:46+00:00\",\"dateModified\":\"2022-08-03T11:43:31+00:00\",\"breadcrumb\":{\"@id\":\"https:\/\/www.panonskavas.si\/okusi-prekmurje\/#breadcrumb\"},\"inLanguage\":\"de\",\"potentialAction\":[{\"@type\":\"ReadAction\",\"target\":[\"https:\/\/www.panonskavas.si\/okusi-prekmurje\/\"]}]},{\"@type\":\"ImageObject\",\"inLanguage\":\"de\",\"@id\":\"https:\/\/www.panonskavas.si\/okusi-prekmurje\/#primaryimage\",\"url\":\"https:\/\/www.panonskavas.si\/wp-content\/uploads\/2022\/07\/31507792766IMG_1093.jpg\",\"contentUrl\":\"https:\/\/www.panonskavas.si\/wp-content\/uploads\/2022\/07\/31507792766IMG_1093.jpg\"},{\"@type\":\"BreadcrumbList\",\"@id\":\"https:\/\/www.panonskavas.si\/okusi-prekmurje\/#breadcrumb\",\"itemListElement\":[{\"@type\":\"ListItem\",\"position\":1,\"name\":\"Home\",\"item\":\"https:\/\/www.panonskavas.si\/\"},{\"@type\":\"ListItem\",\"position\":2,\"name\":\"Okusi prekmurje\"}]},{\"@type\":\"WebSite\",\"@id\":\"https:\/\/www.panonskavas.si\/#website\",\"url\":\"https:\/\/www.panonskavas.si\/\",\"name\":\"Panonska vas\",\"description\":\"\",\"publisher\":{\"@id\":\"https:\/\/www.panonskavas.si\/#organization\"},\"potentialAction\":[{\"@type\":\"SearchAction\",\"target\":{\"@type\":\"EntryPoint\",\"urlTemplate\":\"https:\/\/www.panonskavas.si\/?s={search_term_string}\"},\"query-input\":{\"@type\":\"PropertyValueSpecification\",\"valueRequired\":true,\"valueName\":\"search_term_string\"}}],\"inLanguage\":\"de\"},{\"@type\":\"Organization\",\"@id\":\"https:\/\/www.panonskavas.si\/#organization\",\"name\":\"Panonska vas\",\"url\":\"https:\/\/www.panonskavas.si\/\",\"logo\":{\"@type\":\"ImageObject\",\"inLanguage\":\"de\",\"@id\":\"https:\/\/www.panonskavas.si\/#\/schema\/logo\/image\/\",\"url\":\"https:\/\/www.panonskavas.si\/wp-content\/uploads\/2022\/07\/panonskavas-logo.png\",\"contentUrl\":\"https:\/\/www.panonskavas.si\/wp-content\/uploads\/2022\/07\/panonskavas-logo.png\",\"width\":221,\"height\":69,\"caption\":\"Panonska vas\"},\"image\":{\"@id\":\"https:\/\/www.panonskavas.si\/#\/schema\/logo\/image\/\"}}]}<\/script>\n<!-- \/ Yoast SEO plugin. -->","yoast_head_json":{"title":"Okusi prekmurje - Panonska vas","robots":{"index":"index","follow":"follow","max-snippet":"max-snippet:-1","max-image-preview":"max-image-preview:large","max-video-preview":"max-video-preview:-1"},"canonical":"https:\/\/www.panonskavas.si\/de\/okusi-prekmurje\/","og_locale":"de_DE","og_type":"article","og_title":"Okusi prekmurje - Panonska vas","og_description":"Aktivni oddih Aktivni turisti se odlo\u010dajo predvsem za kratke, pogoste oddihe, kjer imajo mo\u017enost kolesariti, imeti pohod ali te\u010di, zato je primerno, da se ponudba zastavi za eno no\u010ditev, nato pa se jih motivira, da se odlo\u010dijo za ve\u010dje \u0161tevilo no\u010ditev. Tem turistom je pomembno, da koristijo kratek oddih v naravi, mirni okolici, kjer si [&hellip;]","og_url":"https:\/\/www.panonskavas.si\/de\/okusi-prekmurje\/","og_site_name":"Panonska vas","article_modified_time":"2022-08-03T11:43:31+00:00","og_image":[{"url":"https:\/\/www.panonskavas.si\/wp-content\/uploads\/2022\/07\/31507792766IMG_1093.jpg","type":"","width":"","height":""}],"twitter_card":"summary_large_image","twitter_misc":{"Gesch\u00e4tzte Lesezeit":"2\u00a0Minuten"},"schema":{"@context":"https:\/\/schema.org","@graph":[{"@type":"WebPage","@id":"https:\/\/www.panonskavas.si\/okusi-prekmurje\/","url":"https:\/\/www.panonskavas.si\/okusi-prekmurje\/","name":"Okusi prekmurje - Panonska vas","isPartOf":{"@id":"https:\/\/www.panonskavas.si\/#website"},"primaryImageOfPage":{"@id":"https:\/\/www.panonskavas.si\/okusi-prekmurje\/#primaryimage"},"image":{"@id":"https:\/\/www.panonskavas.si\/okusi-prekmurje\/#primaryimage"},"thumbnailUrl":"https:\/\/www.panonskavas.si\/wp-content\/uploads\/2022\/07\/31507792766IMG_1093.jpg","datePublished":"2022-07-24T20:13:46+00:00","dateModified":"2022-08-03T11:43:31+00:00","breadcrumb":{"@id":"https:\/\/www.panonskavas.si\/okusi-prekmurje\/#breadcrumb"},"inLanguage":"de","potentialAction":[{"@type":"ReadAction","target":["https:\/\/www.panonskavas.si\/okusi-prekmurje\/"]}]},{"@type":"ImageObject","inLanguage":"de","@id":"https:\/\/www.panonskavas.si\/okusi-prekmurje\/#primaryimage","url":"https:\/\/www.panonskavas.si\/wp-content\/uploads\/2022\/07\/31507792766IMG_1093.jpg","contentUrl":"https:\/\/www.panonskavas.si\/wp-content\/uploads\/2022\/07\/31507792766IMG_1093.jpg"},{"@type":"BreadcrumbList","@id":"https:\/\/www.panonskavas.si\/okusi-prekmurje\/#breadcrumb","itemListElement":[{"@type":"ListItem","position":1,"name":"Home","item":"https:\/\/www.panonskavas.si\/"},{"@type":"ListItem","position":2,"name":"Okusi prekmurje"}]},{"@type":"WebSite","@id":"https:\/\/www.panonskavas.si\/#website","url":"https:\/\/www.panonskavas.si\/","name":"Panonska vas","description":"","publisher":{"@id":"https:\/\/www.panonskavas.si\/#organization"},"potentialAction":[{"@type":"SearchAction","target":{"@type":"EntryPoint","urlTemplate":"https:\/\/www.panonskavas.si\/?s={search_term_string}"},"query-input":{"@type":"PropertyValueSpecification","valueRequired":true,"valueName":"search_term_string"}}],"inLanguage":"de"},{"@type":"Organization","@id":"https:\/\/www.panonskavas.si\/#organization","name":"Panonska vas","url":"https:\/\/www.panonskavas.si\/","logo":{"@type":"ImageObject","inLanguage":"de","@id":"https:\/\/www.panonskavas.si\/#\/schema\/logo\/image\/","url":"https:\/\/www.panonskavas.si\/wp-content\/uploads\/2022\/07\/panonskavas-logo.png","contentUrl":"https:\/\/www.panonskavas.si\/wp-content\/uploads\/2022\/07\/panonskavas-logo.png","width":221,"height":69,"caption":"Panonska vas"},"image":{"@id":"https:\/\/www.panonskavas.si\/#\/schema\/logo\/image\/"}}]}},"_links":{"self":[{"href":"https:\/\/www.panonskavas.si\/de\/wp-json\/wp\/v2\/pages\/225","targetHints":{"allow":["GET"]}}],"collection":[{"href":"https:\/\/www.panonskavas.si\/de\/wp-json\/wp\/v2\/pages"}],"about":[{"href":"https:\/\/www.panonskavas.si\/de\/wp-json\/wp\/v2\/types\/page"}],"author":[{"embeddable":true,"href":"https:\/\/www.panonskavas.si\/de\/wp-json\/wp\/v2\/users\/2"}],"replies":[{"embeddable":true,"href":"https:\/\/www.panonskavas.si\/de\/wp-json\/wp\/v2\/comments?post=225"}],"version-history":[{"count":34,"href":"https:\/\/www.panonskavas.si\/de\/wp-json\/wp\/v2\/pages\/225\/revisions"}],"predecessor-version":[{"id":1478,"href":"https:\/\/www.panonskavas.si\/de\/wp-json\/wp\/v2\/pages\/225\/revisions\/1478"}],"wp:attachment":[{"href":"https:\/\/www.panonskavas.si\/de\/wp-json\/wp\/v2\/media?parent=225"}],"curies":[{"name":"wp","href":"https:\/\/api.w.org\/{rel}","templated":true}]}}