{"id":223,"date":"2022-07-24T21:04:09","date_gmt":"2022-07-24T20:04:09","guid":{"rendered":"https:\/\/www.panonskavas.si\/?page_id=223"},"modified":"2022-08-03T12:43:09","modified_gmt":"2022-08-03T11:43:09","slug":"obuditev-gorckih-domov-skozi-turizem","status":"publish","type":"page","link":"https:\/\/www.panonskavas.si\/de\/obuditev-gorckih-domov-skozi-turizem\/","title":{"rendered":"WIEDERBELEBUNG DER H\u00c4USER VON GOR\u010cKA DURCH TOURISMUS"},"content":{"rendered":"<div data-elementor-type=\"wp-page\" data-elementor-id=\"223\" class=\"elementor elementor-223\">\n\t\t\t\t\t\t\t\t\t<section class=\"elementor-section elementor-top-section elementor-element elementor-element-4a06536 elementor-section-stretched elementor-section-boxed elementor-section-height-default elementor-section-height-default\" data-id=\"4a06536\" data-element_type=\"section\" data-settings=\"{&quot;stretch_section&quot;:&quot;section-stretched&quot;,&quot;background_background&quot;:&quot;classic&quot;}\">\n\t\t\t\t\t\t\t<div class=\"elementor-background-overlay\"><\/div>\n\t\t\t\t\t\t\t<div class=\"elementor-container elementor-column-gap-default\">\n\t\t\t\t\t<div class=\"elementor-column elementor-col-100 elementor-top-column elementor-element elementor-element-f2fc3df\" data-id=\"f2fc3df\" data-element_type=\"column\">\n\t\t\t<div class=\"elementor-widget-wrap elementor-element-populated\">\n\t\t\t\t\t\t\t\t<div class=\"elementor-element elementor-element-d7982ed header-text elementor-widget elementor-widget-heading\" data-id=\"d7982ed\" data-element_type=\"widget\" data-widget_type=\"heading.default\">\n\t\t\t\t<div class=\"elementor-widget-container\">\n\t\t\t<style>\/*! elementor - v3.12.2 - 23-04-2023 *\/\n.elementor-heading-title{padding:0;margin:0;line-height:1}.elementor-widget-heading .elementor-heading-title[class*=elementor-size-]>a{color:inherit;font-size:inherit;line-height:inherit}.elementor-widget-heading .elementor-heading-title.elementor-size-small{font-size:15px}.elementor-widget-heading .elementor-heading-title.elementor-size-medium{font-size:19px}.elementor-widget-heading .elementor-heading-title.elementor-size-large{font-size:29px}.elementor-widget-heading .elementor-heading-title.elementor-size-xl{font-size:39px}.elementor-widget-heading .elementor-heading-title.elementor-size-xxl{font-size:59px}<\/style><h2 class=\"elementor-heading-title elementor-size-default\">WIEDERBELEBUNG DER H\u00c4USER VON GOR\u010cKA DURCH TOURISMUS<\/h2>\t\t<\/div>\n\t\t\t\t<\/div>\n\t\t\t\t\t<\/div>\n\t\t<\/div>\n\t\t\t\t\t\t\t<\/div>\n\t\t<\/section>\n\t\t\t\t<section class=\"elementor-section elementor-top-section elementor-element elementor-element-e73932c elementor-section-boxed elementor-section-height-default elementor-section-height-default\" data-id=\"e73932c\" data-element_type=\"section\">\n\t\t\t\t\t\t<div class=\"elementor-container elementor-column-gap-default\">\n\t\t\t\t\t<div class=\"elementor-column elementor-col-100 elementor-top-column elementor-element elementor-element-d48d51b\" data-id=\"d48d51b\" data-element_type=\"column\">\n\t\t\t<div class=\"elementor-widget-wrap elementor-element-populated\">\n\t\t\t\t\t\t\t\t<div class=\"elementor-element elementor-element-6a68ce7 elementor-widget elementor-widget-text-editor\" data-id=\"6a68ce7\" data-element_type=\"widget\" data-widget_type=\"text-editor.default\">\n\t\t\t\t<div class=\"elementor-widget-container\">\n\t\t\t<style>\/*! elementor - v3.12.2 - 23-04-2023 *\/\n.elementor-widget-text-editor.elementor-drop-cap-view-stacked .elementor-drop-cap{background-color:#69727d;color:#fff}.elementor-widget-text-editor.elementor-drop-cap-view-framed .elementor-drop-cap{color:#69727d;border:3px solid;background-color:transparent}.elementor-widget-text-editor:not(.elementor-drop-cap-view-default) .elementor-drop-cap{margin-top:8px}.elementor-widget-text-editor:not(.elementor-drop-cap-view-default) .elementor-drop-cap-letter{width:1em;height:1em}.elementor-widget-text-editor .elementor-drop-cap{float:left;text-align:center;line-height:1;font-size:50px}.elementor-widget-text-editor .elementor-drop-cap-letter{display:inline-block}<\/style>\t\t\t\t<p>Unterst\u00fctzung bei der Durchf\u00fchrung von Ma\u00dfnahmen im Rahmen der Strategie der von der \u00f6rtlichen Bev\u00f6lkerung betriebenen lokalen Entwicklung \u2013 Landwirtschaft (3.JR)<\/p><p><a href=\"https:\/\/www.program-podezelja.si\/\" target=\"_blank\" rel=\"noopener\"><img loading=\"lazy\" decoding=\"async\" src=\"https:\/\/panonskavas.si\/data\/galerija\/6573480be549e463865af096d7ff5ea3c84d6c20\/1657104869evropski_kmetijski_sklad_za_razvoj_podezelja.jpg\" alt=\"\" width=\"604\" height=\"149\" \/><\/a><\/p><p>TITEL: WIEDERBELEBUNG VON HEIMEN DURCH TOURISMUS<\/p><p>DAUER: Oktober 2021 - September 2022<\/p><p>Gesamtwert des Projekts: 27.500,36 EUR<\/p><p>Das Projekt wird aus Mitteln des Europ\u00e4ischen Landwirtschaftsfonds f\u00fcr die Entwicklung des l\u00e4ndlichen Raums in H\u00f6he von 16.210,55 Euro kofinanziert.<\/p><p>\u00a0Mit der Operation wollen wir die touristische Attraktivit\u00e4t des LAS Gori\u010dko-Gebiets verbessern, indem wir das touristische und verbinden<\/p><p>Programmangebote zu einem innovativen Produkt des nachhaltigen Tourismus und f\u00f6rdern den Erhalt nat\u00fcrlicher,<\/p><p>kulturelles und historisches Erbe in der Gegend von LAS Gori\u010dko. Wir werden einen neuen Touristen starten<\/p><p>Gori\u010dko home Produkt. Indirekt werden wir auf diese Weise die Anzahl der unabh\u00e4ngigen Einheiten - Unterkunftseinrichtungen in der Region LAS erh\u00f6hen, die Anzahl der \u00dcbernachtungen erh\u00f6hen und ein starkes Partnernetzwerk f\u00fcr die Entwicklung von Unterst\u00fctzungsprogrammen f\u00fcr Touristen aufbauen, die in Gori\u010dko-H\u00e4usern \u00fcbernachten werden .<\/p><p>\u00a0ZIELE:<\/p><ul><li>Etablieren Sie eine innovative \u00f6ffentlich-private Partnerschaft und er\u00f6ffnen Sie bis zum 30.9.2021 eine neue Unterkunftseinrichtung in den H\u00e4usern von Gori\u010dko, in die wir zwei Sozialunternehmen einbeziehen und folglich die unternehmerische T\u00e4tigkeit und das Wissen \u00fcber soziales Unternehmertum durch Produktmarketing st\u00e4rken werden.<\/li><li>Erstellen Sie eine Marke und pr\u00e4sentieren Sie der \u00d6ffentlichkeit bis zum 30. September 2021 das neue touristische Produkt Gori\u010dko-H\u00e4user.<\/li><li>Richten Sie bis zum 30. September 2022 einen neuen Informationspunkt ein, um bei der Entwicklung von Unterkunftsm\u00f6glichkeiten und unterst\u00fctzenden Animationsdiensten f\u00fcr Touristen im Gebiet Gori\u010dko LAS zu helfen.<\/li><li>Erstellen und vermarkten Sie einen neuen Gori\u010dko-Hauskatalog - Erlebnisse im Zentrum von Gori\u010dko bis zum 30.09.2022.<\/li><li>Erstellen und starten Sie bis zum 30. September 2021 die erste eigene Reservierungsplattform f\u00fcr Gori\u010dko-H\u00e4user.<\/li><\/ul><p>\u00a0<\/p><p>ERGEBNISSE:<\/p><p>\u00a0 \u2013 Eine neue Partnerschaft f\u00fcr die Einrichtung des touristischen Produkts Gori\u010dko-H\u00e4user<\/p><p>\u00a0 \u2013 Eine neue Informationsstelle f\u00fcr Grundst\u00fcckseigent\u00fcmer zur Einrichtung einer Unterkunftseinrichtung<\/p><p>\u00a0 \u2013 Eine neue Unterkunftseinrichtung in Gori\u010dko, die in das Produkt Gori\u010dko-H\u00e4user aufgenommen wurde - ein verlassenes Gori\u010dko-Haus wurde wiederbelebt<\/p><p>\u00a0 \u2013 Neue Hausmarke Gori\u010dko<\/p><p>\u00a0 \u2013 Reservierungssystem f\u00fcr neue H\u00e4user in Gori\u010dko<\/p><p>\u00a0<\/p><p>Website der Europ\u00e4ischen Kommission:\u00a0<a href=\"https:\/\/ec.europa.eu\/info\/food-farming-fisheries\/key-policies\/common-agricultural-policy\/rural-development\" target=\"_blank\" rel=\"noopener\">https:\/\/ec.europa.eu\/info\/food-farming-fisheries\/key-policies\/common-agricultural-policy\/rural-development<\/a><\/p><p>Website des Programms zur Entwicklung des l\u00e4ndlichen Raums:\u00a0<a href=\"https:\/\/www.program-podezelja.si\/\" target=\"_blank\" rel=\"noopener\">https:\/\/www.program-podezelja.si<\/a><\/p>\t\t\t\t\t\t<\/div>\n\t\t\t\t<\/div>\n\t\t\t\t\t<\/div>\n\t\t<\/div>\n\t\t\t\t\t\t\t<\/div>\n\t\t<\/section>\n\t\t\t\t\t\t\t<\/div>","protected":false},"excerpt":{"rendered":"<p>Unterst\u00fctzung f\u00fcr die Durchf\u00fchrung von Ma\u00dfnahmen im Rahmen der von der Gemeinde gef\u00fchrten Strategie f\u00fcr lokale Entwicklung \u2013 Landwirtschaft (3.JR) TITEL: REVIVAL OF HOMES DURCH TRAJANE-TOURISMUS: Oktober 2021 \u2013 September 2022 Gesamtprojektwert: 27.500,36 EUR Das Projekt wird kofinanziert vom Europ\u00e4ischen Landwirtschaftsfonds f\u00fcr die Entwicklung des l\u00e4ndlichen Raums in H\u00f6he von 16.210,55 Euro. Mit der Operation wollen wir die touristische Attraktivit\u00e4t des Gebiets LAS Gori\u010dko mit [...]<\/p>","protected":false},"author":3,"featured_media":0,"parent":0,"menu_order":0,"comment_status":"closed","ping_status":"closed","template":"","meta":{"footnotes":""},"class_list":["post-223","page","type-page","status-publish","hentry"],"yoast_head":"<!-- This site is optimized with the Yoast SEO plugin v24.0 - https:\/\/yoast.com\/wordpress\/plugins\/seo\/ -->\n<title>OBUDITEV GOR\u010cKIH DOMOV SKOZI TURIZEM - Panonska vas<\/title>\n<meta name=\"robots\" content=\"index, follow, max-snippet:-1, max-image-preview:large, max-video-preview:-1\" \/>\n<link rel=\"canonical\" href=\"https:\/\/www.panonskavas.si\/de\/obuditev-gorckih-domov-skozi-turizem\/\" \/>\n<meta property=\"og:locale\" content=\"de_DE\" \/>\n<meta property=\"og:type\" content=\"article\" \/>\n<meta property=\"og:title\" content=\"OBUDITEV GOR\u010cKIH DOMOV SKOZI TURIZEM - Panonska vas\" \/>\n<meta property=\"og:description\" content=\"Podpora za izvajanje operacij v okviru strategije lokalnega razvoja, ki ga vodi skupnost &#8211; kmetijstvo (3.JR) NAZIV: OBUDITEV DOMOV\u00a0SKOZI TURIZEM TRAJANE:\u00a0 oktober 2021- september 2022 Skupna vrednost projekta: 27,500,36 EUR Projekt je sofinanciran s strani Evropskega kmetijskega sklada za razvoj pode\u017eelja v vi\u0161ini 16.210,55 EUR. \u00a0Z operacijo \u017eelimo izbolj\u0161ati turisti\u010dno privla\u010dnost obmo\u010dja LAS Gori\u010dko s [&hellip;]\" \/>\n<meta property=\"og:url\" content=\"https:\/\/www.panonskavas.si\/de\/obuditev-gorckih-domov-skozi-turizem\/\" \/>\n<meta property=\"og:site_name\" content=\"Panonska vas\" \/>\n<meta property=\"article:modified_time\" content=\"2022-08-03T11:43:09+00:00\" \/>\n<meta property=\"og:image\" content=\"https:\/\/panonskavas.si\/data\/galerija\/6573480be549e463865af096d7ff5ea3c84d6c20\/1657104869evropski_kmetijski_sklad_za_razvoj_podezelja.jpg\" \/>\n<meta name=\"twitter:card\" content=\"summary_large_image\" \/>\n<meta name=\"twitter:label1\" content=\"Gesch\u00e4tzte Lesezeit\" \/>\n\t<meta name=\"twitter:data1\" content=\"2\u00a0Minuten\" \/>\n<script type=\"application\/ld+json\" class=\"yoast-schema-graph\">{\"@context\":\"https:\/\/schema.org\",\"@graph\":[{\"@type\":\"WebPage\",\"@id\":\"https:\/\/www.panonskavas.si\/obuditev-gorckih-domov-skozi-turizem\/\",\"url\":\"https:\/\/www.panonskavas.si\/obuditev-gorckih-domov-skozi-turizem\/\",\"name\":\"OBUDITEV GOR\u010cKIH DOMOV SKOZI TURIZEM - Panonska vas\",\"isPartOf\":{\"@id\":\"https:\/\/www.panonskavas.si\/#website\"},\"primaryImageOfPage\":{\"@id\":\"https:\/\/www.panonskavas.si\/obuditev-gorckih-domov-skozi-turizem\/#primaryimage\"},\"image\":{\"@id\":\"https:\/\/www.panonskavas.si\/obuditev-gorckih-domov-skozi-turizem\/#primaryimage\"},\"thumbnailUrl\":\"https:\/\/panonskavas.si\/data\/galerija\/6573480be549e463865af096d7ff5ea3c84d6c20\/1657104869evropski_kmetijski_sklad_za_razvoj_podezelja.jpg\",\"datePublished\":\"2022-07-24T20:04:09+00:00\",\"dateModified\":\"2022-08-03T11:43:09+00:00\",\"breadcrumb\":{\"@id\":\"https:\/\/www.panonskavas.si\/obuditev-gorckih-domov-skozi-turizem\/#breadcrumb\"},\"inLanguage\":\"de\",\"potentialAction\":[{\"@type\":\"ReadAction\",\"target\":[\"https:\/\/www.panonskavas.si\/obuditev-gorckih-domov-skozi-turizem\/\"]}]},{\"@type\":\"ImageObject\",\"inLanguage\":\"de\",\"@id\":\"https:\/\/www.panonskavas.si\/obuditev-gorckih-domov-skozi-turizem\/#primaryimage\",\"url\":\"https:\/\/panonskavas.si\/data\/galerija\/6573480be549e463865af096d7ff5ea3c84d6c20\/1657104869evropski_kmetijski_sklad_za_razvoj_podezelja.jpg\",\"contentUrl\":\"https:\/\/panonskavas.si\/data\/galerija\/6573480be549e463865af096d7ff5ea3c84d6c20\/1657104869evropski_kmetijski_sklad_za_razvoj_podezelja.jpg\"},{\"@type\":\"BreadcrumbList\",\"@id\":\"https:\/\/www.panonskavas.si\/obuditev-gorckih-domov-skozi-turizem\/#breadcrumb\",\"itemListElement\":[{\"@type\":\"ListItem\",\"position\":1,\"name\":\"Home\",\"item\":\"https:\/\/www.panonskavas.si\/\"},{\"@type\":\"ListItem\",\"position\":2,\"name\":\"OBUDITEV GOR\u010cKIH DOMOV SKOZI TURIZEM\"}]},{\"@type\":\"WebSite\",\"@id\":\"https:\/\/www.panonskavas.si\/#website\",\"url\":\"https:\/\/www.panonskavas.si\/\",\"name\":\"Panonska vas\",\"description\":\"\",\"publisher\":{\"@id\":\"https:\/\/www.panonskavas.si\/#organization\"},\"potentialAction\":[{\"@type\":\"SearchAction\",\"target\":{\"@type\":\"EntryPoint\",\"urlTemplate\":\"https:\/\/www.panonskavas.si\/?s={search_term_string}\"},\"query-input\":{\"@type\":\"PropertyValueSpecification\",\"valueRequired\":true,\"valueName\":\"search_term_string\"}}],\"inLanguage\":\"de\"},{\"@type\":\"Organization\",\"@id\":\"https:\/\/www.panonskavas.si\/#organization\",\"name\":\"Panonska vas\",\"url\":\"https:\/\/www.panonskavas.si\/\",\"logo\":{\"@type\":\"ImageObject\",\"inLanguage\":\"de\",\"@id\":\"https:\/\/www.panonskavas.si\/#\/schema\/logo\/image\/\",\"url\":\"https:\/\/www.panonskavas.si\/wp-content\/uploads\/2022\/07\/panonskavas-logo.png\",\"contentUrl\":\"https:\/\/www.panonskavas.si\/wp-content\/uploads\/2022\/07\/panonskavas-logo.png\",\"width\":221,\"height\":69,\"caption\":\"Panonska vas\"},\"image\":{\"@id\":\"https:\/\/www.panonskavas.si\/#\/schema\/logo\/image\/\"}}]}<\/script>\n<!-- \/ Yoast SEO plugin. -->","yoast_head_json":{"title":"OBUDITEV GOR\u010cKIH DOMOV SKOZI TURIZEM - Panonska vas","robots":{"index":"index","follow":"follow","max-snippet":"max-snippet:-1","max-image-preview":"max-image-preview:large","max-video-preview":"max-video-preview:-1"},"canonical":"https:\/\/www.panonskavas.si\/de\/obuditev-gorckih-domov-skozi-turizem\/","og_locale":"de_DE","og_type":"article","og_title":"OBUDITEV GOR\u010cKIH DOMOV SKOZI TURIZEM - Panonska vas","og_description":"Podpora za izvajanje operacij v okviru strategije lokalnega razvoja, ki ga vodi skupnost &#8211; kmetijstvo (3.JR) NAZIV: OBUDITEV DOMOV\u00a0SKOZI TURIZEM TRAJANE:\u00a0 oktober 2021- september 2022 Skupna vrednost projekta: 27,500,36 EUR Projekt je sofinanciran s strani Evropskega kmetijskega sklada za razvoj pode\u017eelja v vi\u0161ini 16.210,55 EUR. \u00a0Z operacijo \u017eelimo izbolj\u0161ati turisti\u010dno privla\u010dnost obmo\u010dja LAS Gori\u010dko s [&hellip;]","og_url":"https:\/\/www.panonskavas.si\/de\/obuditev-gorckih-domov-skozi-turizem\/","og_site_name":"Panonska vas","article_modified_time":"2022-08-03T11:43:09+00:00","og_image":[{"url":"https:\/\/panonskavas.si\/data\/galerija\/6573480be549e463865af096d7ff5ea3c84d6c20\/1657104869evropski_kmetijski_sklad_za_razvoj_podezelja.jpg","type":"","width":"","height":""}],"twitter_card":"summary_large_image","twitter_misc":{"Gesch\u00e4tzte Lesezeit":"2\u00a0Minuten"},"schema":{"@context":"https:\/\/schema.org","@graph":[{"@type":"WebPage","@id":"https:\/\/www.panonskavas.si\/obuditev-gorckih-domov-skozi-turizem\/","url":"https:\/\/www.panonskavas.si\/obuditev-gorckih-domov-skozi-turizem\/","name":"OBUDITEV GOR\u010cKIH DOMOV SKOZI TURIZEM - Panonska vas","isPartOf":{"@id":"https:\/\/www.panonskavas.si\/#website"},"primaryImageOfPage":{"@id":"https:\/\/www.panonskavas.si\/obuditev-gorckih-domov-skozi-turizem\/#primaryimage"},"image":{"@id":"https:\/\/www.panonskavas.si\/obuditev-gorckih-domov-skozi-turizem\/#primaryimage"},"thumbnailUrl":"https:\/\/panonskavas.si\/data\/galerija\/6573480be549e463865af096d7ff5ea3c84d6c20\/1657104869evropski_kmetijski_sklad_za_razvoj_podezelja.jpg","datePublished":"2022-07-24T20:04:09+00:00","dateModified":"2022-08-03T11:43:09+00:00","breadcrumb":{"@id":"https:\/\/www.panonskavas.si\/obuditev-gorckih-domov-skozi-turizem\/#breadcrumb"},"inLanguage":"de","potentialAction":[{"@type":"ReadAction","target":["https:\/\/www.panonskavas.si\/obuditev-gorckih-domov-skozi-turizem\/"]}]},{"@type":"ImageObject","inLanguage":"de","@id":"https:\/\/www.panonskavas.si\/obuditev-gorckih-domov-skozi-turizem\/#primaryimage","url":"https:\/\/panonskavas.si\/data\/galerija\/6573480be549e463865af096d7ff5ea3c84d6c20\/1657104869evropski_kmetijski_sklad_za_razvoj_podezelja.jpg","contentUrl":"https:\/\/panonskavas.si\/data\/galerija\/6573480be549e463865af096d7ff5ea3c84d6c20\/1657104869evropski_kmetijski_sklad_za_razvoj_podezelja.jpg"},{"@type":"BreadcrumbList","@id":"https:\/\/www.panonskavas.si\/obuditev-gorckih-domov-skozi-turizem\/#breadcrumb","itemListElement":[{"@type":"ListItem","position":1,"name":"Home","item":"https:\/\/www.panonskavas.si\/"},{"@type":"ListItem","position":2,"name":"OBUDITEV GOR\u010cKIH DOMOV SKOZI TURIZEM"}]},{"@type":"WebSite","@id":"https:\/\/www.panonskavas.si\/#website","url":"https:\/\/www.panonskavas.si\/","name":"Panonska vas","description":"","publisher":{"@id":"https:\/\/www.panonskavas.si\/#organization"},"potentialAction":[{"@type":"SearchAction","target":{"@type":"EntryPoint","urlTemplate":"https:\/\/www.panonskavas.si\/?s={search_term_string}"},"query-input":{"@type":"PropertyValueSpecification","valueRequired":true,"valueName":"search_term_string"}}],"inLanguage":"de"},{"@type":"Organization","@id":"https:\/\/www.panonskavas.si\/#organization","name":"Panonska vas","url":"https:\/\/www.panonskavas.si\/","logo":{"@type":"ImageObject","inLanguage":"de","@id":"https:\/\/www.panonskavas.si\/#\/schema\/logo\/image\/","url":"https:\/\/www.panonskavas.si\/wp-content\/uploads\/2022\/07\/panonskavas-logo.png","contentUrl":"https:\/\/www.panonskavas.si\/wp-content\/uploads\/2022\/07\/panonskavas-logo.png","width":221,"height":69,"caption":"Panonska vas"},"image":{"@id":"https:\/\/www.panonskavas.si\/#\/schema\/logo\/image\/"}}]}},"_links":{"self":[{"href":"https:\/\/www.panonskavas.si\/de\/wp-json\/wp\/v2\/pages\/223","targetHints":{"allow":["GET"]}}],"collection":[{"href":"https:\/\/www.panonskavas.si\/de\/wp-json\/wp\/v2\/pages"}],"about":[{"href":"https:\/\/www.panonskavas.si\/de\/wp-json\/wp\/v2\/types\/page"}],"author":[{"embeddable":true,"href":"https:\/\/www.panonskavas.si\/de\/wp-json\/wp\/v2\/users\/3"}],"replies":[{"embeddable":true,"href":"https:\/\/www.panonskavas.si\/de\/wp-json\/wp\/v2\/comments?post=223"}],"version-history":[{"count":7,"href":"https:\/\/www.panonskavas.si\/de\/wp-json\/wp\/v2\/pages\/223\/revisions"}],"predecessor-version":[{"id":1475,"href":"https:\/\/www.panonskavas.si\/de\/wp-json\/wp\/v2\/pages\/223\/revisions\/1475"}],"wp:attachment":[{"href":"https:\/\/www.panonskavas.si\/de\/wp-json\/wp\/v2\/media?parent=223"}],"curies":[{"name":"wp","href":"https:\/\/api.w.org\/{rel}","templated":true}]}}