{"id":1839,"date":"2023-10-10T11:07:13","date_gmt":"2023-10-10T10:07:13","guid":{"rendered":"https:\/\/www.panonskavas.si\/?page_id=1839"},"modified":"2023-10-11T10:30:07","modified_gmt":"2023-10-11T09:30:07","slug":"zeleni-kljuc","status":"publish","type":"page","link":"https:\/\/www.panonskavas.si\/de\/zeleni-kljuc\/","title":{"rendered":"Gr\u00fcner Schl\u00fcssel"},"content":{"rendered":"<div data-elementor-type=\"wp-page\" data-elementor-id=\"1839\" class=\"elementor elementor-1839\">\n\t\t\t\t\t\t\t\t\t<section class=\"elementor-section elementor-top-section elementor-element elementor-element-f634a95 elementor-section-boxed elementor-section-height-default elementor-section-height-default\" data-id=\"f634a95\" data-element_type=\"section\">\n\t\t\t\t\t\t<div class=\"elementor-container elementor-column-gap-default\">\n\t\t\t\t\t<div class=\"elementor-column elementor-col-100 elementor-top-column elementor-element elementor-element-71e4414\" data-id=\"71e4414\" data-element_type=\"column\">\n\t\t\t<div class=\"elementor-widget-wrap elementor-element-populated\">\n\t\t\t\t\t\t\t\t<div class=\"elementor-element elementor-element-d5881e4 elementor-widget__width-initial elementor-widget elementor-widget-text-editor\" data-id=\"d5881e4\" data-element_type=\"widget\" data-widget_type=\"text-editor.default\">\n\t\t\t\t<div class=\"elementor-widget-container\">\n\t\t\t<style>\/*! elementor - v3.12.2 - 23-04-2023 *\/\n.elementor-widget-text-editor.elementor-drop-cap-view-stacked .elementor-drop-cap{background-color:#69727d;color:#fff}.elementor-widget-text-editor.elementor-drop-cap-view-framed .elementor-drop-cap{color:#69727d;border:3px solid;background-color:transparent}.elementor-widget-text-editor:not(.elementor-drop-cap-view-default) .elementor-drop-cap{margin-top:8px}.elementor-widget-text-editor:not(.elementor-drop-cap-view-default) .elementor-drop-cap-letter{width:1em;height:1em}.elementor-widget-text-editor .elementor-drop-cap{float:left;text-align:center;line-height:1;font-size:50px}.elementor-widget-text-editor .elementor-drop-cap-letter{display:inline-block}<\/style>\t\t\t\t<h1><span class=\"fontstyle0\">Gr\u00fcner Schl\u00fcssel<\/span><\/h1>\t\t\t\t\t\t<\/div>\n\t\t\t\t<\/div>\n\t\t\t\t<div class=\"elementor-element elementor-element-8c6247b elementor-widget__width-initial elementor-widget elementor-widget-image\" data-id=\"8c6247b\" data-element_type=\"widget\" data-widget_type=\"image.default\">\n\t\t\t\t<div class=\"elementor-widget-container\">\n\t\t\t<style>\/*! elementor - v3.12.2 - 23-04-2023 *\/\n.elementor-widget-image{text-align:center}.elementor-widget-image a{display:inline-block}.elementor-widget-image a img[src$=\".svg\"]{width:48px}.elementor-widget-image img{vertical-align:middle;display:inline-block}<\/style>\t\t\t\t\t\t\t\t\t<figure class=\"wp-caption\">\n\t\t\t\t\t\t\t\t\t\t<img decoding=\"async\" src=\"https:\/\/www.panonskavas.si\/wp-content\/uploads\/elementor\/thumbs\/greenkey_cmyk_notext_small-qdngx618aifa9zily7qhb5xc5rzmfr5doiynthhtk8.jpg\" title=\"Gr\u00fcner Schl\u00fcssel\" alt=\"Zeleni Kljuc\" loading=\"lazy\" \/>\t\t\t\t\t\t\t\t\t\t\t<figcaption class=\"widget-image-caption wp-caption-text\"><\/figcaption>\n\t\t\t\t\t\t\t\t\t\t<\/figure>\n\t\t\t\t\t\t\t\t\t<\/div>\n\t\t\t\t<\/div>\n\t\t\t\t\t<\/div>\n\t\t<\/div>\n\t\t\t\t\t\t\t<\/div>\n\t\t<\/section>\n\t\t\t\t<section class=\"elementor-section elementor-top-section elementor-element elementor-element-0c94f1a elementor-section-boxed elementor-section-height-default elementor-section-height-default\" data-id=\"0c94f1a\" data-element_type=\"section\">\n\t\t\t\t\t\t<div class=\"elementor-container elementor-column-gap-default\">\n\t\t\t\t\t<div class=\"elementor-column elementor-col-100 elementor-top-column elementor-element elementor-element-7ef505f\" data-id=\"7ef505f\" data-element_type=\"column\">\n\t\t\t<div class=\"elementor-widget-wrap elementor-element-populated\">\n\t\t\t\t\t\t\t\t<div class=\"elementor-element elementor-element-e8e6674 elementor-widget__width-initial elementor-widget elementor-widget-text-editor\" data-id=\"e8e6674\" data-element_type=\"widget\" data-widget_type=\"text-editor.default\">\n\t\t\t\t<div class=\"elementor-widget-container\">\n\t\t\t\t\t\t\t<p><span class=\"fontstyle0\">&nbsp;<\/span><\/p>\n<p><span class=\"fontstyle0\">Zeleni Klju\u010d ist ein internationales Symbol f\u00fcr die Umwelt und der f\u00fchrende Standard f\u00fcr Exzellenz auf diesem Gebiet<br>Umweltverantwortung und nachhaltiges Wirtschaften in der Tourismusbranche.<\/span><\/p>\n<p><span class=\"fontstyle0\">Dieses Umweltzeichen steht f\u00fcr die Verpflichtung von Unternehmen, in zertifizierten Betrieben strenge Auflagen einzuhalten<br>Kriterien der International Foundation for Environmental Education FEE.<\/span><\/p>\n<p><span class=\"fontstyle0\">Das Umweltzeichen Green Key garantiert allen G\u00e4sten, dass sie sich f\u00fcr einen zertifizierten Touristen entscheiden<br>Pflanzen tragen direkt zum Schutz der Umwelt bei.<\/span><\/p>\n<p><span class=\"fontstyle0\">Das Green Key-Programm sucht st\u00e4ndig nach neuen und nachhaltigen M\u00f6glichkeiten, Gesch\u00e4fte zu machen und zu nutzen<br>Technologie, mit dem Ziel, den Ressourcenverbrauch und die Abfallmenge zu reduzieren<br>Auswirkungen auf die Umwelt und reduzierte Betriebskosten im Unternehmen.<\/span><\/p><p><span class=\"fontstyle0\"><br><\/span><\/p>\n<p><span class=\"fontstyle0\">Ziele des Umweltzeichens:<br>Das Green Key-Programm zielt darauf ab, den Einsatz umweltfreundlicher und nachhaltiger Gesch\u00e4ftsmethoden zu steigern<br>und folglich die gemeinsame Nutzung von Ressourcen reduzieren, das Bewusstsein sch\u00e4rfen und Muster \u00e4ndern<br>das Verhalten aller Beteiligten in einzelnen touristischen Einrichtungen und in der Tourismusbranche.<\/span><\/p><p><span class=\"fontstyle0\"><br><\/span><\/p>\n<p><span class=\"fontstyle0\">In dieser Touristenunterkunft setzen wir aktiv Ma\u00dfnahmen zur Reduzierung der Auswirkungen auf die Umwelt um, denn:<br>- Wir f\u00f6rdern die M\u00fclltrennung<br>\u2013 Wir sparen Energie und Wasser<br>- Wir f\u00f6rdern die Nutzung umweltfreundlicher Transportmittel<\/span><\/p>\t\t\t\t\t\t<\/div>\n\t\t\t\t<\/div>\n\t\t\t\t\t<\/div>\n\t\t<\/div>\n\t\t\t\t\t\t\t<\/div>\n\t\t<\/section>\n\t\t\t\t<section class=\"elementor-section elementor-top-section elementor-element elementor-element-2c96470 elementor-section-boxed elementor-section-height-default elementor-section-height-default\" data-id=\"2c96470\" data-element_type=\"section\">\n\t\t\t\t\t\t<div class=\"elementor-container elementor-column-gap-default\">\n\t\t\t\t\t<div class=\"elementor-column elementor-col-100 elementor-top-column elementor-element elementor-element-195ffba\" data-id=\"195ffba\" data-element_type=\"column\">\n\t\t\t<div class=\"elementor-widget-wrap elementor-element-populated\">\n\t\t\t\t\t\t\t\t<div class=\"elementor-element elementor-element-5cc1422 elementor-widget__width-initial elementor-widget elementor-widget-text-editor\" data-id=\"5cc1422\" data-element_type=\"widget\" data-widget_type=\"text-editor.default\">\n\t\t\t\t<div class=\"elementor-widget-container\">\n\t\t\t\t\t\t\t<p><a href=\"http:\/\/www.zelenikljuc.si\" target=\"_blank\" rel=\"noopener\"><span class=\"fontstyle0\">www.zelenikljuc.si<\/span><\/a><\/p>\t\t\t\t\t\t<\/div>\n\t\t\t\t<\/div>\n\t\t\t\t\t<\/div>\n\t\t<\/div>\n\t\t\t\t\t\t\t<\/div>\n\t\t<\/section>\n\t\t\t\t<section class=\"elementor-section elementor-top-section elementor-element elementor-element-9d0f929 elementor-section-boxed elementor-section-height-default elementor-section-height-default\" data-id=\"9d0f929\" data-element_type=\"section\">\n\t\t\t\t\t\t<div class=\"elementor-container elementor-column-gap-default\">\n\t\t\t\t\t<div class=\"elementor-column elementor-col-100 elementor-top-column elementor-element elementor-element-fe2dee3\" data-id=\"fe2dee3\" data-element_type=\"column\">\n\t\t\t<div class=\"elementor-widget-wrap elementor-element-populated\">\n\t\t\t\t\t\t\t\t<div class=\"elementor-element elementor-element-3b0d456 elementor-widget__width-initial elementor-widget elementor-widget-image\" data-id=\"3b0d456\" data-element_type=\"widget\" data-widget_type=\"image.default\">\n\t\t\t\t<div class=\"elementor-widget-container\">\n\t\t\t\t\t\t\t\t\t\t\t\t\t\t\t<img loading=\"lazy\" decoding=\"async\" width=\"300\" height=\"300\" src=\"https:\/\/www.panonskavas.si\/wp-content\/uploads\/2023\/10\/QR-ZeleniKljuc-SI-300x300.png\" class=\"attachment-medium size-medium wp-image-1841\" alt=\"\" srcset=\"https:\/\/www.panonskavas.si\/wp-content\/uploads\/2023\/10\/QR-ZeleniKljuc-SI-300x300.png 300w, https:\/\/www.panonskavas.si\/wp-content\/uploads\/2023\/10\/QR-ZeleniKljuc-SI-150x150.png 150w, https:\/\/www.panonskavas.si\/wp-content\/uploads\/2023\/10\/QR-ZeleniKljuc-SI-12x12.png 12w, https:\/\/www.panonskavas.si\/wp-content\/uploads\/2023\/10\/QR-ZeleniKljuc-SI.png 451w\" sizes=\"auto, (max-width: 300px) 100vw, 300px\" \/>\t\t\t\t\t\t\t\t\t\t\t\t\t\t\t<\/div>\n\t\t\t\t<\/div>\n\t\t\t\t\t<\/div>\n\t\t<\/div>\n\t\t\t\t\t\t\t<\/div>\n\t\t<\/section>\n\t\t\t\t\t\t\t<\/div>","protected":false},"excerpt":{"rendered":"<p>Zeleni Klju\u010d Der Gr\u00fcne Schl\u00fcssel ist ein internationales Symbol f\u00fcr die Umwelt und ein f\u00fchrender Standard f\u00fcr Exzellenz im Bereich Umweltverantwortung und nachhaltiges Wirtschaften in der Tourismusbranche. Dieses Umweltzeichen bedeutet die Verpflichtung von Unternehmen, die strengen Kriterien der International Foundation for Environmental Education FEE in zertifizierten Betrieben einzuhalten. Das Umweltzeichen Green Key garantiert allen G\u00e4sten, dass sie mit [...]<\/p>","protected":false},"author":3,"featured_media":0,"parent":0,"menu_order":0,"comment_status":"closed","ping_status":"closed","template":"","meta":{"footnotes":""},"class_list":["post-1839","page","type-page","status-publish","hentry"],"yoast_head":"<!-- This site is optimized with the Yoast SEO plugin v24.0 - https:\/\/yoast.com\/wordpress\/plugins\/seo\/ -->\n<title>Zeleni Kljuc - Panonska vas<\/title>\n<meta name=\"robots\" content=\"index, follow, max-snippet:-1, max-image-preview:large, max-video-preview:-1\" \/>\n<link rel=\"canonical\" href=\"https:\/\/www.panonskavas.si\/de\/zeleni-kljuc\/\" \/>\n<meta property=\"og:locale\" content=\"de_DE\" \/>\n<meta property=\"og:type\" content=\"article\" \/>\n<meta property=\"og:title\" content=\"Zeleni Kljuc - Panonska vas\" \/>\n<meta property=\"og:description\" content=\"Zeleni Klju\u010d &nbsp; Zeleni Klju\u010d je mednarodni znak za okolje in je vodilni standard odli\u010dnosti na podro\u010djuokoljske odgovornosti in trajnostnega delovanja v turisti\u010dni industriji. Ta okoljski znak pomeni zavezanost podjetij, da v certificiranih obratih spo\u0161tujejo strogekriterije, ki jih je dolo\u010dila Mednarodna fundacija za okoljsko vzgojo FEE. Okoljski znak Zeleni klju\u010d zagotavlja vsem gostom, da z [&hellip;]\" \/>\n<meta property=\"og:url\" content=\"https:\/\/www.panonskavas.si\/de\/zeleni-kljuc\/\" \/>\n<meta property=\"og:site_name\" content=\"Panonska vas\" \/>\n<meta property=\"article:modified_time\" content=\"2023-10-11T09:30:07+00:00\" \/>\n<meta property=\"og:image\" content=\"https:\/\/www.panonskavas.si\/wp-content\/uploads\/elementor\/thumbs\/greenkey_cmyk_notext_small-qdngx618aifa9zily7qhb5xc5rzmfr5doiynthhtk8.jpg\" \/>\n<meta name=\"twitter:card\" content=\"summary_large_image\" \/>\n<meta name=\"twitter:label1\" content=\"Gesch\u00e4tzte Lesezeit\" \/>\n\t<meta name=\"twitter:data1\" content=\"2\u00a0Minuten\" \/>\n<script type=\"application\/ld+json\" class=\"yoast-schema-graph\">{\"@context\":\"https:\/\/schema.org\",\"@graph\":[{\"@type\":\"WebPage\",\"@id\":\"https:\/\/www.panonskavas.si\/zeleni-kljuc\/\",\"url\":\"https:\/\/www.panonskavas.si\/zeleni-kljuc\/\",\"name\":\"Zeleni Kljuc - Panonska vas\",\"isPartOf\":{\"@id\":\"https:\/\/www.panonskavas.si\/#website\"},\"primaryImageOfPage\":{\"@id\":\"https:\/\/www.panonskavas.si\/zeleni-kljuc\/#primaryimage\"},\"image\":{\"@id\":\"https:\/\/www.panonskavas.si\/zeleni-kljuc\/#primaryimage\"},\"thumbnailUrl\":\"https:\/\/www.panonskavas.si\/wp-content\/uploads\/elementor\/thumbs\/greenkey_cmyk_notext_small-qdngx618aifa9zily7qhb5xc5rzmfr5doiynthhtk8.jpg\",\"datePublished\":\"2023-10-10T10:07:13+00:00\",\"dateModified\":\"2023-10-11T09:30:07+00:00\",\"breadcrumb\":{\"@id\":\"https:\/\/www.panonskavas.si\/zeleni-kljuc\/#breadcrumb\"},\"inLanguage\":\"de\",\"potentialAction\":[{\"@type\":\"ReadAction\",\"target\":[\"https:\/\/www.panonskavas.si\/zeleni-kljuc\/\"]}]},{\"@type\":\"ImageObject\",\"inLanguage\":\"de\",\"@id\":\"https:\/\/www.panonskavas.si\/zeleni-kljuc\/#primaryimage\",\"url\":\"https:\/\/www.panonskavas.si\/wp-content\/uploads\/elementor\/thumbs\/greenkey_cmyk_notext_small-qdngx618aifa9zily7qhb5xc5rzmfr5doiynthhtk8.jpg\",\"contentUrl\":\"https:\/\/www.panonskavas.si\/wp-content\/uploads\/elementor\/thumbs\/greenkey_cmyk_notext_small-qdngx618aifa9zily7qhb5xc5rzmfr5doiynthhtk8.jpg\"},{\"@type\":\"BreadcrumbList\",\"@id\":\"https:\/\/www.panonskavas.si\/zeleni-kljuc\/#breadcrumb\",\"itemListElement\":[{\"@type\":\"ListItem\",\"position\":1,\"name\":\"Home\",\"item\":\"https:\/\/www.panonskavas.si\/\"},{\"@type\":\"ListItem\",\"position\":2,\"name\":\"Zeleni Kljuc\"}]},{\"@type\":\"WebSite\",\"@id\":\"https:\/\/www.panonskavas.si\/#website\",\"url\":\"https:\/\/www.panonskavas.si\/\",\"name\":\"Panonska vas\",\"description\":\"\",\"publisher\":{\"@id\":\"https:\/\/www.panonskavas.si\/#organization\"},\"potentialAction\":[{\"@type\":\"SearchAction\",\"target\":{\"@type\":\"EntryPoint\",\"urlTemplate\":\"https:\/\/www.panonskavas.si\/?s={search_term_string}\"},\"query-input\":{\"@type\":\"PropertyValueSpecification\",\"valueRequired\":true,\"valueName\":\"search_term_string\"}}],\"inLanguage\":\"de\"},{\"@type\":\"Organization\",\"@id\":\"https:\/\/www.panonskavas.si\/#organization\",\"name\":\"Panonska vas\",\"url\":\"https:\/\/www.panonskavas.si\/\",\"logo\":{\"@type\":\"ImageObject\",\"inLanguage\":\"de\",\"@id\":\"https:\/\/www.panonskavas.si\/#\/schema\/logo\/image\/\",\"url\":\"https:\/\/www.panonskavas.si\/wp-content\/uploads\/2022\/07\/panonskavas-logo.png\",\"contentUrl\":\"https:\/\/www.panonskavas.si\/wp-content\/uploads\/2022\/07\/panonskavas-logo.png\",\"width\":221,\"height\":69,\"caption\":\"Panonska vas\"},\"image\":{\"@id\":\"https:\/\/www.panonskavas.si\/#\/schema\/logo\/image\/\"}}]}<\/script>\n<!-- \/ Yoast SEO plugin. -->","yoast_head_json":{"title":"Zeleni Kljuc - Panonska vas","robots":{"index":"index","follow":"follow","max-snippet":"max-snippet:-1","max-image-preview":"max-image-preview:large","max-video-preview":"max-video-preview:-1"},"canonical":"https:\/\/www.panonskavas.si\/de\/zeleni-kljuc\/","og_locale":"de_DE","og_type":"article","og_title":"Zeleni Kljuc - Panonska vas","og_description":"Zeleni Klju\u010d &nbsp; Zeleni Klju\u010d je mednarodni znak za okolje in je vodilni standard odli\u010dnosti na podro\u010djuokoljske odgovornosti in trajnostnega delovanja v turisti\u010dni industriji. Ta okoljski znak pomeni zavezanost podjetij, da v certificiranih obratih spo\u0161tujejo strogekriterije, ki jih je dolo\u010dila Mednarodna fundacija za okoljsko vzgojo FEE. Okoljski znak Zeleni klju\u010d zagotavlja vsem gostom, da z [&hellip;]","og_url":"https:\/\/www.panonskavas.si\/de\/zeleni-kljuc\/","og_site_name":"Panonska vas","article_modified_time":"2023-10-11T09:30:07+00:00","og_image":[{"url":"https:\/\/www.panonskavas.si\/wp-content\/uploads\/elementor\/thumbs\/greenkey_cmyk_notext_small-qdngx618aifa9zily7qhb5xc5rzmfr5doiynthhtk8.jpg","type":"","width":"","height":""}],"twitter_card":"summary_large_image","twitter_misc":{"Gesch\u00e4tzte Lesezeit":"2\u00a0Minuten"},"schema":{"@context":"https:\/\/schema.org","@graph":[{"@type":"WebPage","@id":"https:\/\/www.panonskavas.si\/zeleni-kljuc\/","url":"https:\/\/www.panonskavas.si\/zeleni-kljuc\/","name":"Zeleni Kljuc - Panonska vas","isPartOf":{"@id":"https:\/\/www.panonskavas.si\/#website"},"primaryImageOfPage":{"@id":"https:\/\/www.panonskavas.si\/zeleni-kljuc\/#primaryimage"},"image":{"@id":"https:\/\/www.panonskavas.si\/zeleni-kljuc\/#primaryimage"},"thumbnailUrl":"https:\/\/www.panonskavas.si\/wp-content\/uploads\/elementor\/thumbs\/greenkey_cmyk_notext_small-qdngx618aifa9zily7qhb5xc5rzmfr5doiynthhtk8.jpg","datePublished":"2023-10-10T10:07:13+00:00","dateModified":"2023-10-11T09:30:07+00:00","breadcrumb":{"@id":"https:\/\/www.panonskavas.si\/zeleni-kljuc\/#breadcrumb"},"inLanguage":"de","potentialAction":[{"@type":"ReadAction","target":["https:\/\/www.panonskavas.si\/zeleni-kljuc\/"]}]},{"@type":"ImageObject","inLanguage":"de","@id":"https:\/\/www.panonskavas.si\/zeleni-kljuc\/#primaryimage","url":"https:\/\/www.panonskavas.si\/wp-content\/uploads\/elementor\/thumbs\/greenkey_cmyk_notext_small-qdngx618aifa9zily7qhb5xc5rzmfr5doiynthhtk8.jpg","contentUrl":"https:\/\/www.panonskavas.si\/wp-content\/uploads\/elementor\/thumbs\/greenkey_cmyk_notext_small-qdngx618aifa9zily7qhb5xc5rzmfr5doiynthhtk8.jpg"},{"@type":"BreadcrumbList","@id":"https:\/\/www.panonskavas.si\/zeleni-kljuc\/#breadcrumb","itemListElement":[{"@type":"ListItem","position":1,"name":"Home","item":"https:\/\/www.panonskavas.si\/"},{"@type":"ListItem","position":2,"name":"Zeleni Kljuc"}]},{"@type":"WebSite","@id":"https:\/\/www.panonskavas.si\/#website","url":"https:\/\/www.panonskavas.si\/","name":"Panonska vas","description":"","publisher":{"@id":"https:\/\/www.panonskavas.si\/#organization"},"potentialAction":[{"@type":"SearchAction","target":{"@type":"EntryPoint","urlTemplate":"https:\/\/www.panonskavas.si\/?s={search_term_string}"},"query-input":{"@type":"PropertyValueSpecification","valueRequired":true,"valueName":"search_term_string"}}],"inLanguage":"de"},{"@type":"Organization","@id":"https:\/\/www.panonskavas.si\/#organization","name":"Panonska vas","url":"https:\/\/www.panonskavas.si\/","logo":{"@type":"ImageObject","inLanguage":"de","@id":"https:\/\/www.panonskavas.si\/#\/schema\/logo\/image\/","url":"https:\/\/www.panonskavas.si\/wp-content\/uploads\/2022\/07\/panonskavas-logo.png","contentUrl":"https:\/\/www.panonskavas.si\/wp-content\/uploads\/2022\/07\/panonskavas-logo.png","width":221,"height":69,"caption":"Panonska vas"},"image":{"@id":"https:\/\/www.panonskavas.si\/#\/schema\/logo\/image\/"}}]}},"_links":{"self":[{"href":"https:\/\/www.panonskavas.si\/de\/wp-json\/wp\/v2\/pages\/1839","targetHints":{"allow":["GET"]}}],"collection":[{"href":"https:\/\/www.panonskavas.si\/de\/wp-json\/wp\/v2\/pages"}],"about":[{"href":"https:\/\/www.panonskavas.si\/de\/wp-json\/wp\/v2\/types\/page"}],"author":[{"embeddable":true,"href":"https:\/\/www.panonskavas.si\/de\/wp-json\/wp\/v2\/users\/3"}],"replies":[{"embeddable":true,"href":"https:\/\/www.panonskavas.si\/de\/wp-json\/wp\/v2\/comments?post=1839"}],"version-history":[{"count":17,"href":"https:\/\/www.panonskavas.si\/de\/wp-json\/wp\/v2\/pages\/1839\/revisions"}],"predecessor-version":[{"id":1859,"href":"https:\/\/www.panonskavas.si\/de\/wp-json\/wp\/v2\/pages\/1839\/revisions\/1859"}],"wp:attachment":[{"href":"https:\/\/www.panonskavas.si\/de\/wp-json\/wp\/v2\/media?parent=1839"}],"curies":[{"name":"wp","href":"https:\/\/api.w.org\/{rel}","templated":true}]}}