{"id":1709,"date":"2022-10-05T14:36:16","date_gmt":"2022-10-05T13:36:16","guid":{"rendered":"https:\/\/www.panonskavas.si\/?page_id=1709"},"modified":"2022-10-05T14:47:31","modified_gmt":"2022-10-05T13:47:31","slug":"piskotki","status":"publish","type":"page","link":"https:\/\/www.panonskavas.si\/de\/piskotki\/","title":{"rendered":"Kekse"},"content":{"rendered":"<div data-elementor-type=\"wp-page\" data-elementor-id=\"1709\" class=\"elementor elementor-1709\">\n\t\t\t\t\t\t\t\t\t<section class=\"elementor-section elementor-top-section elementor-element elementor-element-39ee5ad3 elementor-section-boxed elementor-section-height-default elementor-section-height-default\" data-id=\"39ee5ad3\" data-element_type=\"section\">\n\t\t\t\t\t\t<div class=\"elementor-container elementor-column-gap-default\">\n\t\t\t\t\t<div class=\"elementor-column elementor-col-100 elementor-top-column elementor-element elementor-element-1e57bbb7\" data-id=\"1e57bbb7\" data-element_type=\"column\">\n\t\t\t<div class=\"elementor-widget-wrap elementor-element-populated\">\n\t\t\t\t\t\t\t\t<div class=\"elementor-element elementor-element-16119f5b elementor-widget elementor-widget-text-editor\" data-id=\"16119f5b\" data-element_type=\"widget\" data-widget_type=\"text-editor.default\">\n\t\t\t\t<div class=\"elementor-widget-container\">\n\t\t\t<style>\/*! elementor - v3.12.2 - 23-04-2023 *\/\n.elementor-widget-text-editor.elementor-drop-cap-view-stacked .elementor-drop-cap{background-color:#69727d;color:#fff}.elementor-widget-text-editor.elementor-drop-cap-view-framed .elementor-drop-cap{color:#69727d;border:3px solid;background-color:transparent}.elementor-widget-text-editor:not(.elementor-drop-cap-view-default) .elementor-drop-cap{margin-top:8px}.elementor-widget-text-editor:not(.elementor-drop-cap-view-default) .elementor-drop-cap-letter{width:1em;height:1em}.elementor-widget-text-editor .elementor-drop-cap{float:left;text-align:center;line-height:1;font-size:50px}.elementor-widget-text-editor .elementor-drop-cap-letter{display:inline-block}<\/style>\t\t\t\t<div class=\"elementor-element elementor-element-59cf1d6a elementor-widget elementor-widget-text-editor\" data-id=\"59cf1d6a\" data-element_type=\"widget\" data-widget_type=\"text-editor.default\">\r\n<div class=\"elementor-widget-container\">\r\n<div class=\"elementor-text-editor elementor-clearfix\">\r\n<h3>\u00dcBER COOKIES<\/h3>\r\nAlle Website-Besucher haben bereits Cookies auf ihren Computern, Tablets und Mobiltelefonen gespeichert. Mit dem neuen Gesetz (ZEKom-1) gibt es \u00c4nderungen bez\u00fcglich der Anzeige bzw Zustimmung der Besucher zu ihrer Verwendung.\r\n\r\n<\/div>\r\n<\/div>\r\n<\/div>\r\n<div class=\"elementor-element elementor-element-5ff34fa elementor-widget elementor-widget-text-editor\" data-id=\"5ff34fa\" data-element_type=\"widget\" data-widget_type=\"text-editor.default\">\r\n<div class=\"elementor-widget-container\">\r\n<div class=\"elementor-text-editor elementor-clearfix\">\r\n<h3>WAS SIND COOKIES<\/h3>\r\nCookies im Computerbereich und im Zusammenhang mit dem Internet sind kleine Textdateien, die die meisten Websites auf den Ger\u00e4ten speichern, die Benutzer f\u00fcr den Zugriff auf das Internet verwenden, um die einzelnen Ger\u00e4te zu identifizieren, die Benutzer f\u00fcr den Zugriff auf das Internet verwendet haben. Ihre Speicherung unterliegt der vollen Kontrolle des Browsers des Benutzers \u2013 er kann die Speicherung von Cookies nach Wunsch einschr\u00e4nken oder deaktivieren.\r\n\r\n<\/div>\r\n<\/div>\r\n<\/div>\r\n<div class=\"elementor-element elementor-element-34e4fa1 elementor-widget elementor-widget-text-editor\" data-id=\"34e4fa1\" data-element_type=\"widget\" data-widget_type=\"text-editor.default\">\r\n<div class=\"elementor-widget-container\">\r\n<div class=\"elementor-text-editor elementor-clearfix\">\r\n<h3>WARUM WERDEN SIE BEN\u00d6TIGT?<\/h3>\r\nCookies sind grundlegend f\u00fcr die Bereitstellung benutzerfreundlicher Online-Dienste. Die Interaktion zwischen dem Online-Benutzer und der Website ist mit Hilfe von Cookies schneller und einfacher. Mit ihrer Hilfe merkt sich die Website die Vorlieben und Erfahrungen des Einzelnen, wodurch Zeit gespart und das Surfen auf der Website effizienter und benutzerfreundlicher wird. Einige konkrete Beispiele f\u00fcr die Verwendung von Cookies:\r\n<ul>\r\n \t<li>F\u00fcr eine bessere Benutzererfahrung der Website passen wir die Anzeige von Inhalten f\u00fcr Besucher basierend auf fr\u00fcheren Besuchen an<\/li>\r\n \t<li>Auswahlm\u00f6glichkeiten zu speichern, wenn Sie eine Auswahlliste von Ger\u00e4ten und Angeboten erstellen und diese vergleichen<\/li>\r\n \t<li>In Teilen der Website, in denen eine Anmeldung erforderlich ist, lassen wir Sie eingeloggt<\/li>\r\n \t<li>zur Wiedererkennung Ihres Ger\u00e4ts (Computer, Tablet, Mobiltelefon), wodurch die Anzeige von Inhalten an Ihr Ger\u00e4t angepasst werden kann<\/li>\r\n \t<li>um den Besuch zu \u00fcberwachen, was es erm\u00f6glicht, die Wirksamkeit der Anzeige von Inhalten und die Relevanz von Werbung zu \u00fcberpr\u00fcfen sowie die Websites st\u00e4ndig zu verbessern<\/li>\r\n \t<li>sie sind f\u00fcr den Betrieb bestimmter Dienste erforderlich (z. B. Online-Banken, Online-Shops und andere Formen des E-Business, \u2026)<\/li>\r\n<\/ul>\r\n<\/div>\r\n<\/div>\r\n<\/div>\t\t\t\t\t\t<\/div>\n\t\t\t\t<\/div>\n\t\t\t\t\t<\/div>\n\t\t<\/div>\n\t\t\t\t\t\t\t<\/div>\n\t\t<\/section>\n\t\t\t\t\t\t\t<\/div>","protected":false},"excerpt":{"rendered":"<p>\u00dcBER COOKIES Alle Website-Besucher haben bereits Cookies auf ihren Computern, Tablets und Mobiltelefonen gespeichert. Mit dem neuen Gesetz (ZEKom-1) gibt es \u00c4nderungen bez\u00fcglich der Anzeige bzw Zustimmung der Besucher zu ihrer Verwendung. WAS SIND COOKIES Cookies im Computerbereich und im Zusammenhang mit dem Internet sind kleine Textdateien, die die meisten Websites auf Ger\u00e4ten [...]<\/p>","protected":false},"author":2,"featured_media":0,"parent":0,"menu_order":0,"comment_status":"closed","ping_status":"closed","template":"","meta":{"footnotes":""},"class_list":["post-1709","page","type-page","status-publish","hentry"],"yoast_head":"<!-- This site is optimized with the Yoast SEO plugin v24.0 - https:\/\/yoast.com\/wordpress\/plugins\/seo\/ -->\n<title>Pi\u0161kotki - Panonska vas<\/title>\n<meta name=\"robots\" content=\"index, follow, max-snippet:-1, max-image-preview:large, max-video-preview:-1\" \/>\n<link rel=\"canonical\" href=\"https:\/\/www.panonskavas.si\/de\/piskotki\/\" \/>\n<meta property=\"og:locale\" content=\"de_DE\" \/>\n<meta property=\"og:type\" content=\"article\" \/>\n<meta property=\"og:title\" content=\"Pi\u0161kotki - Panonska vas\" \/>\n<meta property=\"og:description\" content=\"O PI\u0160KOTKIH Pi\u0161kotke imamo vsi obiskovalci spletnih strani na svojih ra\u010dunalnikih, tablicah in mobilnih telefonoh shranjenih \u017ee veliko. Z novo zakonodajo (ZEKom-1) prihaja do sprememb glede obve\u0161\u010danja oz. sogla\u0161anja obiskovalcev z njihovo uporabo. KAJ SO PI\u0160KOTKI Pi\u0161kotki v ra\u010dunalni\u0161tvu in v okviru interneta so male besedilne datoteke, ki jih ve\u010dina spletnih mest shrani v naprave, [&hellip;]\" \/>\n<meta property=\"og:url\" content=\"https:\/\/www.panonskavas.si\/de\/piskotki\/\" \/>\n<meta property=\"og:site_name\" content=\"Panonska vas\" \/>\n<meta property=\"article:modified_time\" content=\"2022-10-05T13:47:31+00:00\" \/>\n<meta name=\"twitter:card\" content=\"summary_large_image\" \/>\n<meta name=\"twitter:label1\" content=\"Gesch\u00e4tzte Lesezeit\" \/>\n\t<meta name=\"twitter:data1\" content=\"3\u00a0Minuten\" \/>\n<script type=\"application\/ld+json\" class=\"yoast-schema-graph\">{\"@context\":\"https:\/\/schema.org\",\"@graph\":[{\"@type\":\"WebPage\",\"@id\":\"https:\/\/www.panonskavas.si\/piskotki\/\",\"url\":\"https:\/\/www.panonskavas.si\/piskotki\/\",\"name\":\"Pi\u0161kotki - Panonska vas\",\"isPartOf\":{\"@id\":\"https:\/\/www.panonskavas.si\/#website\"},\"datePublished\":\"2022-10-05T13:36:16+00:00\",\"dateModified\":\"2022-10-05T13:47:31+00:00\",\"breadcrumb\":{\"@id\":\"https:\/\/www.panonskavas.si\/piskotki\/#breadcrumb\"},\"inLanguage\":\"de\",\"potentialAction\":[{\"@type\":\"ReadAction\",\"target\":[\"https:\/\/www.panonskavas.si\/piskotki\/\"]}]},{\"@type\":\"BreadcrumbList\",\"@id\":\"https:\/\/www.panonskavas.si\/piskotki\/#breadcrumb\",\"itemListElement\":[{\"@type\":\"ListItem\",\"position\":1,\"name\":\"Home\",\"item\":\"https:\/\/www.panonskavas.si\/\"},{\"@type\":\"ListItem\",\"position\":2,\"name\":\"Pi\u0161kotki\"}]},{\"@type\":\"WebSite\",\"@id\":\"https:\/\/www.panonskavas.si\/#website\",\"url\":\"https:\/\/www.panonskavas.si\/\",\"name\":\"Panonska vas\",\"description\":\"\",\"publisher\":{\"@id\":\"https:\/\/www.panonskavas.si\/#organization\"},\"potentialAction\":[{\"@type\":\"SearchAction\",\"target\":{\"@type\":\"EntryPoint\",\"urlTemplate\":\"https:\/\/www.panonskavas.si\/?s={search_term_string}\"},\"query-input\":{\"@type\":\"PropertyValueSpecification\",\"valueRequired\":true,\"valueName\":\"search_term_string\"}}],\"inLanguage\":\"de\"},{\"@type\":\"Organization\",\"@id\":\"https:\/\/www.panonskavas.si\/#organization\",\"name\":\"Panonska vas\",\"url\":\"https:\/\/www.panonskavas.si\/\",\"logo\":{\"@type\":\"ImageObject\",\"inLanguage\":\"de\",\"@id\":\"https:\/\/www.panonskavas.si\/#\/schema\/logo\/image\/\",\"url\":\"https:\/\/www.panonskavas.si\/wp-content\/uploads\/2022\/07\/panonskavas-logo.png\",\"contentUrl\":\"https:\/\/www.panonskavas.si\/wp-content\/uploads\/2022\/07\/panonskavas-logo.png\",\"width\":221,\"height\":69,\"caption\":\"Panonska vas\"},\"image\":{\"@id\":\"https:\/\/www.panonskavas.si\/#\/schema\/logo\/image\/\"}}]}<\/script>\n<!-- \/ Yoast SEO plugin. -->","yoast_head_json":{"title":"Pi\u0161kotki - Panonska vas","robots":{"index":"index","follow":"follow","max-snippet":"max-snippet:-1","max-image-preview":"max-image-preview:large","max-video-preview":"max-video-preview:-1"},"canonical":"https:\/\/www.panonskavas.si\/de\/piskotki\/","og_locale":"de_DE","og_type":"article","og_title":"Pi\u0161kotki - Panonska vas","og_description":"O PI\u0160KOTKIH Pi\u0161kotke imamo vsi obiskovalci spletnih strani na svojih ra\u010dunalnikih, tablicah in mobilnih telefonoh shranjenih \u017ee veliko. Z novo zakonodajo (ZEKom-1) prihaja do sprememb glede obve\u0161\u010danja oz. sogla\u0161anja obiskovalcev z njihovo uporabo. KAJ SO PI\u0160KOTKI Pi\u0161kotki v ra\u010dunalni\u0161tvu in v okviru interneta so male besedilne datoteke, ki jih ve\u010dina spletnih mest shrani v naprave, [&hellip;]","og_url":"https:\/\/www.panonskavas.si\/de\/piskotki\/","og_site_name":"Panonska vas","article_modified_time":"2022-10-05T13:47:31+00:00","twitter_card":"summary_large_image","twitter_misc":{"Gesch\u00e4tzte Lesezeit":"3\u00a0Minuten"},"schema":{"@context":"https:\/\/schema.org","@graph":[{"@type":"WebPage","@id":"https:\/\/www.panonskavas.si\/piskotki\/","url":"https:\/\/www.panonskavas.si\/piskotki\/","name":"Pi\u0161kotki - Panonska vas","isPartOf":{"@id":"https:\/\/www.panonskavas.si\/#website"},"datePublished":"2022-10-05T13:36:16+00:00","dateModified":"2022-10-05T13:47:31+00:00","breadcrumb":{"@id":"https:\/\/www.panonskavas.si\/piskotki\/#breadcrumb"},"inLanguage":"de","potentialAction":[{"@type":"ReadAction","target":["https:\/\/www.panonskavas.si\/piskotki\/"]}]},{"@type":"BreadcrumbList","@id":"https:\/\/www.panonskavas.si\/piskotki\/#breadcrumb","itemListElement":[{"@type":"ListItem","position":1,"name":"Home","item":"https:\/\/www.panonskavas.si\/"},{"@type":"ListItem","position":2,"name":"Pi\u0161kotki"}]},{"@type":"WebSite","@id":"https:\/\/www.panonskavas.si\/#website","url":"https:\/\/www.panonskavas.si\/","name":"Panonska vas","description":"","publisher":{"@id":"https:\/\/www.panonskavas.si\/#organization"},"potentialAction":[{"@type":"SearchAction","target":{"@type":"EntryPoint","urlTemplate":"https:\/\/www.panonskavas.si\/?s={search_term_string}"},"query-input":{"@type":"PropertyValueSpecification","valueRequired":true,"valueName":"search_term_string"}}],"inLanguage":"de"},{"@type":"Organization","@id":"https:\/\/www.panonskavas.si\/#organization","name":"Panonska vas","url":"https:\/\/www.panonskavas.si\/","logo":{"@type":"ImageObject","inLanguage":"de","@id":"https:\/\/www.panonskavas.si\/#\/schema\/logo\/image\/","url":"https:\/\/www.panonskavas.si\/wp-content\/uploads\/2022\/07\/panonskavas-logo.png","contentUrl":"https:\/\/www.panonskavas.si\/wp-content\/uploads\/2022\/07\/panonskavas-logo.png","width":221,"height":69,"caption":"Panonska vas"},"image":{"@id":"https:\/\/www.panonskavas.si\/#\/schema\/logo\/image\/"}}]}},"_links":{"self":[{"href":"https:\/\/www.panonskavas.si\/de\/wp-json\/wp\/v2\/pages\/1709","targetHints":{"allow":["GET"]}}],"collection":[{"href":"https:\/\/www.panonskavas.si\/de\/wp-json\/wp\/v2\/pages"}],"about":[{"href":"https:\/\/www.panonskavas.si\/de\/wp-json\/wp\/v2\/types\/page"}],"author":[{"embeddable":true,"href":"https:\/\/www.panonskavas.si\/de\/wp-json\/wp\/v2\/users\/2"}],"replies":[{"embeddable":true,"href":"https:\/\/www.panonskavas.si\/de\/wp-json\/wp\/v2\/comments?post=1709"}],"version-history":[{"count":5,"href":"https:\/\/www.panonskavas.si\/de\/wp-json\/wp\/v2\/pages\/1709\/revisions"}],"predecessor-version":[{"id":1725,"href":"https:\/\/www.panonskavas.si\/de\/wp-json\/wp\/v2\/pages\/1709\/revisions\/1725"}],"wp:attachment":[{"href":"https:\/\/www.panonskavas.si\/de\/wp-json\/wp\/v2\/media?parent=1709"}],"curies":[{"name":"wp","href":"https:\/\/api.w.org\/{rel}","templated":true}]}}