{"id":1707,"date":"2022-10-05T14:35:49","date_gmt":"2022-10-05T13:35:49","guid":{"rendered":"https:\/\/www.panonskavas.si\/?page_id=1707"},"modified":"2022-10-05T14:44:10","modified_gmt":"2022-10-05T13:44:10","slug":"politika-zasebnosti","status":"publish","type":"page","link":"https:\/\/www.panonskavas.si\/de\/politika-zasebnosti\/","title":{"rendered":"Datenschutz-Bestimmungen"},"content":{"rendered":"<div data-elementor-type=\"wp-page\" data-elementor-id=\"1707\" class=\"elementor elementor-1707\">\n\t\t\t\t\t\t\t\t\t<section class=\"elementor-section elementor-top-section elementor-element elementor-element-4ac599b elementor-section-boxed elementor-section-height-default elementor-section-height-default\" data-id=\"4ac599b\" data-element_type=\"section\">\n\t\t\t\t\t\t<div class=\"elementor-container elementor-column-gap-default\">\n\t\t\t\t\t<div class=\"elementor-column elementor-col-100 elementor-top-column elementor-element elementor-element-492e88d9\" data-id=\"492e88d9\" data-element_type=\"column\">\n\t\t\t<div class=\"elementor-widget-wrap elementor-element-populated\">\n\t\t\t\t\t\t\t\t<div class=\"elementor-element elementor-element-61360fb3 elementor-widget elementor-widget-text-editor\" data-id=\"61360fb3\" data-element_type=\"widget\" data-widget_type=\"text-editor.default\">\n\t\t\t\t<div class=\"elementor-widget-container\">\n\t\t\t<style>\/*! elementor - v3.12.2 - 23-04-2023 *\/\n.elementor-widget-text-editor.elementor-drop-cap-view-stacked .elementor-drop-cap{background-color:#69727d;color:#fff}.elementor-widget-text-editor.elementor-drop-cap-view-framed .elementor-drop-cap{color:#69727d;border:3px solid;background-color:transparent}.elementor-widget-text-editor:not(.elementor-drop-cap-view-default) .elementor-drop-cap{margin-top:8px}.elementor-widget-text-editor:not(.elementor-drop-cap-view-default) .elementor-drop-cap-letter{width:1em;height:1em}.elementor-widget-text-editor .elementor-drop-cap{float:left;text-align:center;line-height:1;font-size:50px}.elementor-widget-text-editor .elementor-drop-cap-letter{display:inline-block}<\/style>\t\t\t\t<h3>WELCHE INFORMATIONEN ERHEBEN WIR \u00dcBER SIE?<\/h3>\r\n<div class=\"content\">Zum Zweck der Durchf\u00fchrung einer Online-Reservierung werden Kontaktinformationen und Informationen \u00fcber den Inhaber der Reservierung oder den Gast gespeichert.<\/div>\r\n<h3>WOF\u00dcR VERWENDEN WIR IHRE DATEN?<\/h3>\r\n<div class=\"content\">Wir k\u00f6nnen Ihre Daten verwenden, um Fragen zu beantworten bzw Realisierung der gesendeten Reservierung oder Anfrage. Ihre Informationen werden aus keinem Grund verkauft, ausgetauscht, \u00fcbertragen oder an andere Unternehmen weitergegeben.<\/div>\r\n<h3>WIE SCH\u00dcTZEN WIR IHRE DATEN?<\/h3>\r\n<div class=\"content\">\r\n\r\nIhre mit der Reservierung verbundenen Daten werden im Reservierungssystem gespeichert, das wir zur Verwaltung der Reservierungen verwenden (Systemanbieter ist die Firma INTERSPLET doo) zum Zweck der Durchf\u00fchrung. Nur Mitarbeiter des Unternehmens haben Zugriff auf die Daten und haben die ihnen zugeordneten Rechte (Empfang, Support). Alle Daten zwischen der Website und dem Reservierungssystem werden \u00fcber eine sichere HTTPS-Verbindung \u00fcbertragen. Online-Zahlungen und andere Transaktionen werden auf den Websites der Dienstleister (z. B. Banken, PayPal) durchgef\u00fchrt und von uns nicht verarbeitet oder gespeichert.\r\n\r\n<\/div>\r\n<h3>VERWENDEN WIR COOKIES?<\/h3>\r\n<div class=\"content\">\r\n\r\nJa. Cookies sind kleine Dateien, die wir \u00fcber Ihren Webbrowser auf der Festplatte Ihres Computers ablegen (sofern Sie dies zulassen), die es unserem System erm\u00f6glichen, Ihren Browser zu erkennen und bestimmte Informationen zu erfassen und zu speichern. Wir verwenden Cookies auch, um aggregierte Daten \u00fcber den Website-Verkehr und die Website-Interaktion zusammenzustellen, damit wir in Zukunft bessere Website-Erlebnisse und Tools anbieten k\u00f6nnen. Wenn Sie Cookies deaktivieren, werden einige Funktionen deaktiviert. Einige Funktionen, die das Serviceerlebnis effizienter machen, werden deaktiviert. Einige unserer Dienste werden nicht richtig funktionieren. Mehr \u00fcber Cookies: \/biskotki\/\r\n\r\n<\/div>\r\n<h3>OFFENLEGUNG AN DRITTE<\/h3>\r\n<div class=\"content\">Wir verkaufen, handeln oder \u00fcbertragen Ihre personenbezogenen Daten nicht an externe Parteien.<\/div>\r\n<h3>LINKS ZU DRITTANBIETERN<\/h3>\r\n<div class=\"content\">Wir k\u00f6nnen Produkte oder Dienstleistungen Dritter auf der Website einschlie\u00dfen oder anbieten. Diese Websites Dritter haben separate und unabh\u00e4ngige Datenschutzrichtlinien. Aus diesem Grund sind wir nicht verantwortlich f\u00fcr die Inhalte und Aktivit\u00e4ten dieser verlinkten Websites. Wir bem\u00fchen uns jedoch, die Integrit\u00e4t unserer Website zu sch\u00fctzen, daher ist jedes Feedback zu diesen Webseiten willkommen.<\/div>\r\n<h3>\u00c4NDERUNGEN UNSERER DATENSCHUTZERKL\u00c4RUNG<\/h3>\r\n<div class=\"content\">Wenn wir uns entscheiden, unsere Datenschutzrichtlinie zu \u00e4ndern, werden wir diese \u00c4nderungen auf dieser Seite ver\u00f6ffentlichen.<\/div>\r\n<h3>KONTAKTIERE UNS<\/h3>\r\n<div class=\"content\">Wenn Sie Fragen zu dieser Datenschutzerkl\u00e4rung haben, kontaktieren Sie uns bitte \u00fcber die Kontaktseite oder die ver\u00f6ffentlichten Kontaktdaten.<\/div>\t\t\t\t\t\t<\/div>\n\t\t\t\t<\/div>\n\t\t\t\t\t<\/div>\n\t\t<\/div>\n\t\t\t\t\t\t\t<\/div>\n\t\t<\/section>\n\t\t\t\t\t\t\t<\/div>","protected":false},"excerpt":{"rendered":"<p>WELCHE INFORMATIONEN SAMMELN WIR \u00dcBER SIE? Zur Durchf\u00fchrung einer Online-Reservierung werden Kontaktdaten und Angaben zum Reservierungsinhaber bzw. Gast gespeichert. WOF\u00dcR VERWENDEN WIR IHRE DATEN? Wir k\u00f6nnen Ihre Daten zur Beantwortung von Fragen bzw Realisierung der gesendeten Reservierung oder Anfrage. Ihre Daten werden nicht verkauft, getauscht, \u00fcbertragen oder an ein anderes Unternehmen aus irgendeinem Grund weitergegeben.<\/p>","protected":false},"author":2,"featured_media":0,"parent":0,"menu_order":0,"comment_status":"closed","ping_status":"closed","template":"","meta":{"footnotes":""},"class_list":["post-1707","page","type-page","status-publish","hentry"],"yoast_head":"<!-- This site is optimized with the Yoast SEO plugin v24.0 - https:\/\/yoast.com\/wordpress\/plugins\/seo\/ -->\n<title>Politika zasebnosti - Panonska vas<\/title>\n<meta name=\"robots\" content=\"index, follow, max-snippet:-1, max-image-preview:large, max-video-preview:-1\" \/>\n<link rel=\"canonical\" href=\"https:\/\/www.panonskavas.si\/de\/politika-zasebnosti\/\" \/>\n<meta property=\"og:locale\" content=\"de_DE\" \/>\n<meta property=\"og:type\" content=\"article\" \/>\n<meta property=\"og:title\" content=\"Politika zasebnosti - Panonska vas\" \/>\n<meta property=\"og:description\" content=\"KATERE VA\u0160E INFORMACIJE ZBIRAMO? Za potrebe realizacije spletne rezervacije se shranijo kontaktni podatki in podatki o nosilcu rezervacije ali gostu. ZA KAJ UPORABLJAMO VA\u0160E PODATKE? Va\u0161e podatke lahko uporabimo za odgovarjanje na vpra\u0161anja oz. realizacijo poslane rezervacije ali povpra\u0161evanja. Va\u0161i podatki se ne bodo prodajali, zamenjali, prena\u0161ali ali dali kateri koli drugi dru\u017ebi iz kakr\u0161nega [&hellip;]\" \/>\n<meta property=\"og:url\" content=\"https:\/\/www.panonskavas.si\/de\/politika-zasebnosti\/\" \/>\n<meta property=\"og:site_name\" content=\"Panonska vas\" \/>\n<meta property=\"article:modified_time\" content=\"2022-10-05T13:44:10+00:00\" \/>\n<meta name=\"twitter:card\" content=\"summary_large_image\" \/>\n<meta name=\"twitter:label1\" content=\"Gesch\u00e4tzte Lesezeit\" \/>\n\t<meta name=\"twitter:data1\" content=\"2\u00a0Minuten\" \/>\n<script type=\"application\/ld+json\" class=\"yoast-schema-graph\">{\"@context\":\"https:\/\/schema.org\",\"@graph\":[{\"@type\":\"WebPage\",\"@id\":\"https:\/\/www.panonskavas.si\/politika-zasebnosti\/\",\"url\":\"https:\/\/www.panonskavas.si\/politika-zasebnosti\/\",\"name\":\"Politika zasebnosti - Panonska vas\",\"isPartOf\":{\"@id\":\"https:\/\/www.panonskavas.si\/#website\"},\"datePublished\":\"2022-10-05T13:35:49+00:00\",\"dateModified\":\"2022-10-05T13:44:10+00:00\",\"breadcrumb\":{\"@id\":\"https:\/\/www.panonskavas.si\/politika-zasebnosti\/#breadcrumb\"},\"inLanguage\":\"de\",\"potentialAction\":[{\"@type\":\"ReadAction\",\"target\":[\"https:\/\/www.panonskavas.si\/politika-zasebnosti\/\"]}]},{\"@type\":\"BreadcrumbList\",\"@id\":\"https:\/\/www.panonskavas.si\/politika-zasebnosti\/#breadcrumb\",\"itemListElement\":[{\"@type\":\"ListItem\",\"position\":1,\"name\":\"Home\",\"item\":\"https:\/\/www.panonskavas.si\/\"},{\"@type\":\"ListItem\",\"position\":2,\"name\":\"Politika zasebnosti\"}]},{\"@type\":\"WebSite\",\"@id\":\"https:\/\/www.panonskavas.si\/#website\",\"url\":\"https:\/\/www.panonskavas.si\/\",\"name\":\"Panonska vas\",\"description\":\"\",\"publisher\":{\"@id\":\"https:\/\/www.panonskavas.si\/#organization\"},\"potentialAction\":[{\"@type\":\"SearchAction\",\"target\":{\"@type\":\"EntryPoint\",\"urlTemplate\":\"https:\/\/www.panonskavas.si\/?s={search_term_string}\"},\"query-input\":{\"@type\":\"PropertyValueSpecification\",\"valueRequired\":true,\"valueName\":\"search_term_string\"}}],\"inLanguage\":\"de\"},{\"@type\":\"Organization\",\"@id\":\"https:\/\/www.panonskavas.si\/#organization\",\"name\":\"Panonska vas\",\"url\":\"https:\/\/www.panonskavas.si\/\",\"logo\":{\"@type\":\"ImageObject\",\"inLanguage\":\"de\",\"@id\":\"https:\/\/www.panonskavas.si\/#\/schema\/logo\/image\/\",\"url\":\"https:\/\/www.panonskavas.si\/wp-content\/uploads\/2022\/07\/panonskavas-logo.png\",\"contentUrl\":\"https:\/\/www.panonskavas.si\/wp-content\/uploads\/2022\/07\/panonskavas-logo.png\",\"width\":221,\"height\":69,\"caption\":\"Panonska vas\"},\"image\":{\"@id\":\"https:\/\/www.panonskavas.si\/#\/schema\/logo\/image\/\"}}]}<\/script>\n<!-- \/ Yoast SEO plugin. -->","yoast_head_json":{"title":"Politika zasebnosti - Panonska vas","robots":{"index":"index","follow":"follow","max-snippet":"max-snippet:-1","max-image-preview":"max-image-preview:large","max-video-preview":"max-video-preview:-1"},"canonical":"https:\/\/www.panonskavas.si\/de\/politika-zasebnosti\/","og_locale":"de_DE","og_type":"article","og_title":"Politika zasebnosti - Panonska vas","og_description":"KATERE VA\u0160E INFORMACIJE ZBIRAMO? Za potrebe realizacije spletne rezervacije se shranijo kontaktni podatki in podatki o nosilcu rezervacije ali gostu. ZA KAJ UPORABLJAMO VA\u0160E PODATKE? Va\u0161e podatke lahko uporabimo za odgovarjanje na vpra\u0161anja oz. realizacijo poslane rezervacije ali povpra\u0161evanja. Va\u0161i podatki se ne bodo prodajali, zamenjali, prena\u0161ali ali dali kateri koli drugi dru\u017ebi iz kakr\u0161nega [&hellip;]","og_url":"https:\/\/www.panonskavas.si\/de\/politika-zasebnosti\/","og_site_name":"Panonska vas","article_modified_time":"2022-10-05T13:44:10+00:00","twitter_card":"summary_large_image","twitter_misc":{"Gesch\u00e4tzte Lesezeit":"2\u00a0Minuten"},"schema":{"@context":"https:\/\/schema.org","@graph":[{"@type":"WebPage","@id":"https:\/\/www.panonskavas.si\/politika-zasebnosti\/","url":"https:\/\/www.panonskavas.si\/politika-zasebnosti\/","name":"Politika zasebnosti - Panonska vas","isPartOf":{"@id":"https:\/\/www.panonskavas.si\/#website"},"datePublished":"2022-10-05T13:35:49+00:00","dateModified":"2022-10-05T13:44:10+00:00","breadcrumb":{"@id":"https:\/\/www.panonskavas.si\/politika-zasebnosti\/#breadcrumb"},"inLanguage":"de","potentialAction":[{"@type":"ReadAction","target":["https:\/\/www.panonskavas.si\/politika-zasebnosti\/"]}]},{"@type":"BreadcrumbList","@id":"https:\/\/www.panonskavas.si\/politika-zasebnosti\/#breadcrumb","itemListElement":[{"@type":"ListItem","position":1,"name":"Home","item":"https:\/\/www.panonskavas.si\/"},{"@type":"ListItem","position":2,"name":"Politika zasebnosti"}]},{"@type":"WebSite","@id":"https:\/\/www.panonskavas.si\/#website","url":"https:\/\/www.panonskavas.si\/","name":"Panonska vas","description":"","publisher":{"@id":"https:\/\/www.panonskavas.si\/#organization"},"potentialAction":[{"@type":"SearchAction","target":{"@type":"EntryPoint","urlTemplate":"https:\/\/www.panonskavas.si\/?s={search_term_string}"},"query-input":{"@type":"PropertyValueSpecification","valueRequired":true,"valueName":"search_term_string"}}],"inLanguage":"de"},{"@type":"Organization","@id":"https:\/\/www.panonskavas.si\/#organization","name":"Panonska vas","url":"https:\/\/www.panonskavas.si\/","logo":{"@type":"ImageObject","inLanguage":"de","@id":"https:\/\/www.panonskavas.si\/#\/schema\/logo\/image\/","url":"https:\/\/www.panonskavas.si\/wp-content\/uploads\/2022\/07\/panonskavas-logo.png","contentUrl":"https:\/\/www.panonskavas.si\/wp-content\/uploads\/2022\/07\/panonskavas-logo.png","width":221,"height":69,"caption":"Panonska vas"},"image":{"@id":"https:\/\/www.panonskavas.si\/#\/schema\/logo\/image\/"}}]}},"_links":{"self":[{"href":"https:\/\/www.panonskavas.si\/de\/wp-json\/wp\/v2\/pages\/1707","targetHints":{"allow":["GET"]}}],"collection":[{"href":"https:\/\/www.panonskavas.si\/de\/wp-json\/wp\/v2\/pages"}],"about":[{"href":"https:\/\/www.panonskavas.si\/de\/wp-json\/wp\/v2\/types\/page"}],"author":[{"embeddable":true,"href":"https:\/\/www.panonskavas.si\/de\/wp-json\/wp\/v2\/users\/2"}],"replies":[{"embeddable":true,"href":"https:\/\/www.panonskavas.si\/de\/wp-json\/wp\/v2\/comments?post=1707"}],"version-history":[{"count":5,"href":"https:\/\/www.panonskavas.si\/de\/wp-json\/wp\/v2\/pages\/1707\/revisions"}],"predecessor-version":[{"id":1814,"href":"https:\/\/www.panonskavas.si\/de\/wp-json\/wp\/v2\/pages\/1707\/revisions\/1814"}],"wp:attachment":[{"href":"https:\/\/www.panonskavas.si\/de\/wp-json\/wp\/v2\/media?parent=1707"}],"curies":[{"name":"wp","href":"https:\/\/api.w.org\/{rel}","templated":true}]}}